{"id":774,"date":"2014-10-25T14:03:06","date_gmt":"2014-10-25T14:03:06","guid":{"rendered":"http:\/\/glebegallery.ie\/?page_id=774"},"modified":"2016-05-23T11:09:48","modified_gmt":"2016-05-23T11:09:48","slug":"gailearai","status":"publish","type":"page","link":"https:\/\/www.blasket.ie\/ga\/gailearai\/","title":{"rendered":"Gaileara\u00ed"},"content":{"rendered":"<p>[et_pb_section admin_label=&#8221;section&#8221; fullwidth=&#8221;off&#8221; specialty=&#8221;off&#8221; transparent_background=&#8221;off&#8221; background_color=&#8221;#65a1d7&#8243; inner_shadow=&#8221;off&#8221; parallax=&#8221;off&#8221; parallax_method=&#8221;off&#8221; allow_player_pause=&#8221;off&#8221; padding_mobile=&#8221;off&#8221; make_fullwidth=&#8221;off&#8221; use_custom_width=&#8221;off&#8221; width_unit=&#8221;on&#8221; make_equal=&#8221;off&#8221; use_custom_gutter=&#8221;off&#8221;][et_pb_row admin_label=&#8221;row&#8221;][et_pb_column type=&#8221;4_4&#8243;][et_pb_text admin_label=&#8221;Header Text&#8221; background_layout=&#8221;dark&#8221; text_orientation=&#8221;left&#8221; use_border_color=&#8221;off&#8221; border_color=&#8221;#ffffff&#8221; border_style=&#8221;solid&#8221;]<\/p>\n<h1>Gaileara\u00ed<\/h1>\n<p>[\/et_pb_text][\/et_pb_column][\/et_pb_row][\/et_pb_section][et_pb_section admin_label=&#8221;Section&#8221; fullwidth=&#8221;off&#8221; specialty=&#8221;off&#8221; transparent_background=&#8221;on&#8221; allow_player_pause=&#8221;off&#8221; inner_shadow=&#8221;off&#8221; parallax=&#8221;off&#8221; parallax_method=&#8221;off&#8221; padding_mobile=&#8221;off&#8221; make_fullwidth=&#8221;off&#8221; use_custom_width=&#8221;off&#8221; width_unit=&#8221;on&#8221; make_equal=&#8221;off&#8221; use_custom_gutter=&#8221;off&#8221; gutter_width=&#8221;3&#8243;][et_pb_row admin_label=&#8221;Row&#8221;][et_pb_column type=&#8221;4_4&#8243;][et_pb_text admin_label=&#8221;Click on &#8230; Text&#8221; background_layout=&#8221;light&#8221; text_orientation=&#8221;center&#8221; use_border_color=&#8221;off&#8221; border_color=&#8221;#ffffff&#8221; border_style=&#8221;solid&#8221;]<\/p>\n<h5><span style=\"font-weight: 400;\">Clice\u00e1il ar \u00edomh\u00e1 ar bith chun \u00ed a fheice\u00e1il i bhform\u00e1id n\u00edos m\u00f3 agus taispe\u00e1ntas sleamhn\u00e1n a oscailt.<\/span><\/h5>\n<p>[\/et_pb_text][\/et_pb_column][\/et_pb_row][et_pb_row admin_label=&#8221;row&#8221;][et_pb_column type=&#8221;4_4&#8243;][et_pb_text admin_label=&#8221;Gallery Text&#8221; background_layout=&#8221;light&#8221; text_orientation=&#8221;left&#8221; use_border_color=&#8221;off&#8221; border_color=&#8221;#ffffff&#8221; border_style=&#8221;solid&#8221;]<\/p>\n\n\t\t<style type=\"text\/css\">\n\t\t\t#gallery-1 {\n\t\t\t\tmargin: auto;\n\t\t\t}\n\t\t\t#gallery-1 .gallery-item {\n\t\t\t\tfloat: left;\n\t\t\t\tmargin-top: 10px;\n\t\t\t\ttext-align: center;\n\t\t\t\twidth: 33%;\n\t\t\t}\n\t\t\t#gallery-1 img {\n\t\t\t\tborder: 2px solid #cfcfcf;\n\t\t\t}\n\t\t\t#gallery-1 .gallery-caption {\n\t\t\t\tmargin-left: 0;\n\t\t\t}\n\t\t\t\/* see gallery_shortcode() in wp-includes\/media.php *\/\n\t\t<\/style>\n\t\t<div id='gallery-1' class='gallery galleryid-774 gallery-columns-3 gallery-size-thumbnail'><dl class='gallery-item'>\n\t\t\t<dt class='gallery-icon portrait'>\n\t\t\t\t<a href='https:\/\/www.blasket.ie\/ga\/060405_blasket_is_centre_031-jpg-3\/'><img loading=\"lazy\" decoding=\"async\" width=\"150\" height=\"150\" src=\"https:\/\/www.blasket.ie\/wp-content\/uploads\/2016\/04\/The-Blasket-Centre-14-1-150x150.jpg\" class=\"attachment-thumbnail size-thumbnail\" alt=\"\" aria-describedby=\"gallery-1-3217\" \/><\/a>\n\t\t\t<\/dt>\n\t\t\t\t<dd class='wp-caption-text gallery-caption' id='gallery-1-3217'>\n\t\t\t\tAn Blascaod M\u00f3r agus Ionad an Bhlascaoid Mh\u00f3ir.\n\t\t\t\t<\/dd><\/dl><dl class='gallery-item'>\n\t\t\t<dt class='gallery-icon landscape'>\n\t\t\t\t<a href='https:\/\/www.blasket.ie\/ga\/the-blasket-centre-13\/'><img loading=\"lazy\" decoding=\"async\" width=\"150\" height=\"150\" src=\"https:\/\/www.blasket.ie\/wp-content\/uploads\/2016\/04\/The-Blasket-Centre-13-1-150x150.jpg\" class=\"attachment-thumbnail size-thumbnail\" alt=\"\" aria-describedby=\"gallery-1-3216\" \/><\/a>\n\t\t\t<\/dt>\n\t\t\t\t<dd class='wp-caption-text gallery-caption' id='gallery-1-3216'>\n\t\t\t\tBealach isteach go dt\u00ed an Ionad.\n\n\t\t\t\t<\/dd><\/dl><dl class='gallery-item'>\n\t\t\t<dt class='gallery-icon landscape'>\n\t\t\t\t<a href='https:\/\/www.blasket.ie\/ga\/the-blasket-centre-12\/'><img loading=\"lazy\" decoding=\"async\" width=\"150\" height=\"150\" src=\"https:\/\/www.blasket.ie\/wp-content\/uploads\/2016\/04\/The-Blasket-Centre-12-1-150x150.jpg\" class=\"attachment-thumbnail size-thumbnail\" alt=\"\" aria-describedby=\"gallery-1-3215\" \/><\/a>\n\t\t\t<\/dt>\n\t\t\t\t<dd class='wp-caption-text gallery-caption' id='gallery-1-3215'>\n\t\t\t\tRadharc \u00f3n taobh amuigh ar an Ionad.\n\n\t\t\t\t<\/dd><\/dl><br style=\"clear: both\" \/><dl class='gallery-item'>\n\t\t\t<dt class='gallery-icon landscape'>\n\t\t\t\t<a href='https:\/\/www.blasket.ie\/ga\/the-blasket-centre11\/'><img loading=\"lazy\" decoding=\"async\" width=\"150\" height=\"150\" src=\"https:\/\/www.blasket.ie\/wp-content\/uploads\/2016\/04\/The-Blasket-Centre11-1-150x150.jpg\" class=\"attachment-thumbnail size-thumbnail\" alt=\"\" aria-describedby=\"gallery-1-3214\" \/><\/a>\n\t\t\t<\/dt>\n\t\t\t\t<dd class='wp-caption-text gallery-caption' id='gallery-1-3214'>\n\t\t\t\tBolgam blasta tae i gcaif\u00e9 an Ionaid, le radharc ar an mBlascaod M\u00f3r.\n\n\t\t\t\t<\/dd><\/dl><dl class='gallery-item'>\n\t\t\t<dt class='gallery-icon landscape'>\n\t\t\t\t<a href='https:\/\/www.blasket.ie\/ga\/the-blasket-centre-10\/'><img loading=\"lazy\" decoding=\"async\" width=\"150\" height=\"150\" src=\"https:\/\/www.blasket.ie\/wp-content\/uploads\/2016\/04\/The-Blasket-Centre-10-1-150x150.jpg\" class=\"attachment-thumbnail size-thumbnail\" alt=\"\" aria-describedby=\"gallery-1-3213\" \/><\/a>\n\t\t\t<\/dt>\n\t\t\t\t<dd class='wp-caption-text gallery-caption' id='gallery-1-3213'>\n\t\t\t\tEarra\u00ed ar taispe\u00e1int in Ionad an Bhlascaoid Mh\u00f3ir, D\u00fan Chaoin.\n\n\t\t\t\t<\/dd><\/dl><dl class='gallery-item'>\n\t\t\t<dt class='gallery-icon landscape'>\n\t\t\t\t<a href='https:\/\/www.blasket.ie\/ga\/the-blasket-centre-9\/'><img loading=\"lazy\" decoding=\"async\" width=\"150\" height=\"150\" src=\"https:\/\/www.blasket.ie\/wp-content\/uploads\/2016\/04\/The-Blasket-Centre-9-1-150x150.jpg\" class=\"attachment-thumbnail size-thumbnail\" alt=\"\" aria-describedby=\"gallery-1-3212\" \/><\/a>\n\t\t\t<\/dt>\n\t\t\t\t<dd class='wp-caption-text gallery-caption' id='gallery-1-3212'>\n\t\t\t\tRadharc ar an mBlascaod M\u00f3r \u00f3 Ionad an Bhlascaoid Mh\u00f3ir.\n\n\t\t\t\t<\/dd><\/dl><br style=\"clear: both\" \/><dl class='gallery-item'>\n\t\t\t<dt class='gallery-icon landscape'>\n\t\t\t\t<a href='https:\/\/www.blasket.ie\/ga\/the-blasket-centre-8\/'><img loading=\"lazy\" decoding=\"async\" width=\"150\" height=\"150\" src=\"https:\/\/www.blasket.ie\/wp-content\/uploads\/2016\/04\/The-Blasket-Centre-8-1-150x150.jpg\" class=\"attachment-thumbnail size-thumbnail\" alt=\"\" aria-describedby=\"gallery-1-3211\" \/><\/a>\n\t\t\t<\/dt>\n\t\t\t\t<dd class='wp-caption-text gallery-caption' id='gallery-1-3211'>\n\t\t\t\tAn su\u00edoch\u00e1n ag an bpointe amhairc in Ionad an Bhlascaoid Mh\u00f3ir i nD\u00fan Chaoin \u00f3na bhfuil radharc \u00e1lainn ar an mBlascaod M\u00f3r.\n\n\t\t\t\t<\/dd><\/dl><dl class='gallery-item'>\n\t\t\t<dt class='gallery-icon landscape'>\n\t\t\t\t<a href='https:\/\/www.blasket.ie\/ga\/the-blasket-centre-7\/'><img loading=\"lazy\" decoding=\"async\" width=\"150\" height=\"150\" src=\"https:\/\/www.blasket.ie\/wp-content\/uploads\/2016\/04\/The-Blasket-Centre-7-1-150x150.jpg\" class=\"attachment-thumbnail size-thumbnail\" alt=\"\" aria-describedby=\"gallery-1-3210\" \/><\/a>\n\t\t\t<\/dt>\n\t\t\t\t<dd class='wp-caption-text gallery-caption' id='gallery-1-3210'>\n\t\t\t\tAn tOile\u00e1nach, an dealbh at\u00e1 taobh amuigh d\u2019Ionad an Bhlascaoid Mh\u00f3ir i nD\u00fan Chaoin.\n\n\t\t\t\t<\/dd><\/dl><dl class='gallery-item'>\n\t\t\t<dt class='gallery-icon landscape'>\n\t\t\t\t<a href='https:\/\/www.blasket.ie\/ga\/the-blasket-centre-6\/'><img loading=\"lazy\" decoding=\"async\" width=\"150\" height=\"150\" src=\"https:\/\/www.blasket.ie\/wp-content\/uploads\/2016\/04\/The-Blasket-Centre-6-1-150x150.jpg\" class=\"attachment-thumbnail size-thumbnail\" alt=\"\" aria-describedby=\"gallery-1-3209\" \/><\/a>\n\t\t\t<\/dt>\n\t\t\t\t<dd class='wp-caption-text gallery-caption' id='gallery-1-3209'>\n\t\t\t\tEala\u00edn mh\u00f3s\u00e1ice in Ionad an Bhlascaoid Mh\u00f3ir, D\u00fan Chaoin.\n\n\t\t\t\t<\/dd><\/dl><br style=\"clear: both\" \/><dl class='gallery-item'>\n\t\t\t<dt class='gallery-icon landscape'>\n\t\t\t\t<a href='https:\/\/www.blasket.ie\/ga\/the-blasket-centre-5\/'><img loading=\"lazy\" decoding=\"async\" width=\"150\" height=\"150\" src=\"https:\/\/www.blasket.ie\/wp-content\/uploads\/2016\/04\/The-Blasket-Centre-5-1-150x150.jpg\" class=\"attachment-thumbnail size-thumbnail\" alt=\"\" aria-describedby=\"gallery-1-3208\" \/><\/a>\n\t\t\t<\/dt>\n\t\t\t\t<dd class='wp-caption-text gallery-caption' id='gallery-1-3208'>\n\t\t\t\tTaispe\u00e1ntais agus dealbh in Ionad an Bhlascaoid Mh\u00f3ir, D\u00fan Chaoin.\n\n\t\t\t\t<\/dd><\/dl><dl class='gallery-item'>\n\t\t\t<dt class='gallery-icon landscape'>\n\t\t\t\t<a href='https:\/\/www.blasket.ie\/ga\/the-blasket-centre-4-2\/'><img loading=\"lazy\" decoding=\"async\" width=\"150\" height=\"150\" src=\"https:\/\/www.blasket.ie\/wp-content\/uploads\/2016\/04\/The-Blasket-Centre-4-1-150x150.jpg\" class=\"attachment-thumbnail size-thumbnail\" alt=\"\" aria-describedby=\"gallery-1-3207\" \/><\/a>\n\t\t\t<\/dt>\n\t\t\t\t<dd class='wp-caption-text gallery-caption' id='gallery-1-3207'>\n\t\t\t\tAg scr\u00fad\u00fa na saothar eala\u00edne in Ionad an Bhlascaoid Mh\u00f3ir, D\u00fan Chaoin.\n\n\t\t\t\t<\/dd><\/dl><dl class='gallery-item'>\n\t\t\t<dt class='gallery-icon landscape'>\n\t\t\t\t<a href='https:\/\/www.blasket.ie\/ga\/the-blasket-centre-4\/'><img loading=\"lazy\" decoding=\"async\" width=\"150\" height=\"150\" src=\"https:\/\/www.blasket.ie\/wp-content\/uploads\/2016\/04\/The-Blasket-Centre-11-150x150.jpg\" class=\"attachment-thumbnail size-thumbnail\" alt=\"\" aria-describedby=\"gallery-1-3206\" \/><\/a>\n\t\t\t<\/dt>\n\t\t\t\t<dd class='wp-caption-text gallery-caption' id='gallery-1-3206'>\n\t\t\t\tSaothar eala\u00edne de ghloine dhaite in Ionad an Bhlascaoid Mh\u00f3ir, D\u00fan Chaoin.\n\n\t\t\t\t<\/dd><\/dl><br style=\"clear: both\" \/><dl class='gallery-item'>\n\t\t\t<dt class='gallery-icon landscape'>\n\t\t\t\t<a href='https:\/\/www.blasket.ie\/ga\/the-blasket-centre-3\/'><img loading=\"lazy\" decoding=\"async\" width=\"150\" height=\"150\" src=\"https:\/\/www.blasket.ie\/wp-content\/uploads\/2016\/04\/The-Blasket-Centre-3-1-150x150.jpg\" class=\"attachment-thumbnail size-thumbnail\" alt=\"\" aria-describedby=\"gallery-1-3205\" \/><\/a>\n\t\t\t<\/dt>\n\t\t\t\t<dd class='wp-caption-text gallery-caption' id='gallery-1-3205'>\n\t\t\t\tNa pain\u00e9il taispe\u00e1ntais \u00e1 gc\u00edoradh in Ionad an Bhlascaoid Mh\u00f3ir, D\u00fan Chaoin.\n\n\t\t\t\t<\/dd><\/dl><dl class='gallery-item'>\n\t\t\t<dt class='gallery-icon landscape'>\n\t\t\t\t<a href='https:\/\/www.blasket.ie\/ga\/the-blasket-centre-2\/'><img loading=\"lazy\" decoding=\"async\" width=\"150\" height=\"150\" src=\"https:\/\/www.blasket.ie\/wp-content\/uploads\/2016\/04\/The-Blasket-Centre-2-1-150x150.jpg\" class=\"attachment-thumbnail size-thumbnail\" alt=\"\" aria-describedby=\"gallery-1-3204\" \/><\/a>\n\t\t\t<\/dt>\n\t\t\t\t<dd class='wp-caption-text gallery-caption' id='gallery-1-3204'>\n\t\t\t\tIonad an Bhlascaoid Mh\u00f3ir, D\u00fan Chaoin.\n\n\t\t\t\t<\/dd><\/dl><dl class='gallery-item'>\n\t\t\t<dt class='gallery-icon landscape'>\n\t\t\t\t<a href='https:\/\/www.blasket.ie\/ga\/the-blasket-centre-1\/'><img loading=\"lazy\" decoding=\"async\" width=\"150\" height=\"150\" src=\"https:\/\/www.blasket.ie\/wp-content\/uploads\/2016\/04\/The-Blasket-Centre-1-1-150x150.jpg\" class=\"attachment-thumbnail size-thumbnail\" alt=\"\" aria-describedby=\"gallery-1-3203\" \/><\/a>\n\t\t\t<\/dt>\n\t\t\t\t<dd class='wp-caption-text gallery-caption' id='gallery-1-3203'>\n\t\t\t\tIonad an Bhlascaoid Mh\u00f3ir, D\u00fan Chaoin.\n\t\t\t\t<\/dd><\/dl><br style=\"clear: both\" \/>\n\t\t<\/div>\n\n<p>[\/et_pb_text][\/et_pb_column][\/et_pb_row][et_pb_row admin_label=&#8221;Row&#8221;][et_pb_column type=&#8221;4_4&#8243;][et_pb_divider admin_label=&#8221;Divider&#8221; color=&#8221;#515151&#8243; show_divider=&#8221;on&#8221; divider_style=&#8221;solid&#8221; divider_position=&#8221;top&#8221; divider_weight=&#8221;1&#8243; hide_on_mobile=&#8221;off&#8221;] [\/et_pb_divider][\/et_pb_column][\/et_pb_row][et_pb_row admin_label=&#8221;Row&#8221;][et_pb_column type=&#8221;4_4&#8243;][et_pb_cta admin_label=&#8221;Call To Action&#8221; url_new_window=&#8221;off&#8221; use_background_color=&#8221;off&#8221; background_color=&#8221;#841a05&#8243; background_layout=&#8221;light&#8221; text_orientation=&#8221;center&#8221; header_font=&#8221;Droid Serif||||&#8221; header_font_size=&#8221;17&#8243; use_border_color=&#8221;off&#8221; border_color=&#8221;#ffffff&#8221; border_style=&#8221;solid&#8221; custom_button=&#8221;on&#8221; button_text_size=&#8221;15&#8243; button_border_width=&#8221;1&#8243; button_letter_spacing=&#8221;0&#8243; button_use_icon=&#8221;default&#8221; button_icon_placement=&#8221;right&#8221; button_on_hover=&#8221;on&#8221; button_letter_spacing_hover=&#8221;0&#8243; title=&#8221;Mura bhfuil a mhalairt luaite go sonrach is le hOifig na nOibreacha Poibl\u00ed an c\u00f3ipcheart. M\u00e1s mian leat ceann ar bith de na h\u00edomh\u00e1nna seo a \u00fas\u00e1id b\u00ed i dteagmh\u00e1il linn, le do thoil.&#8221; button_url=&#8221;http:\/\/blasket.ie\/teagmhail\/&#8221; button_text=&#8221;Teagmh\u00e1il&#8221;] [\/et_pb_cta][\/et_pb_column][\/et_pb_row][\/et_pb_section]<\/p>\n","protected":false},"excerpt":{"rendered":"<p>Gaileara\u00ed Clice\u00e1il ar \u00edomh\u00e1 ar bith chun \u00ed a fheice\u00e1il i bhform\u00e1id n\u00edos m\u00f3 agus taispe\u00e1ntas sleamhn\u00e1n a oscailt. \n\t\t<style type=\"text\/css\">\n\t\t\t#gallery-2 {\n\t\t\t\tmargin: auto;\n\t\t\t}\n\t\t\t#gallery-2 .gallery-item {\n\t\t\t\tfloat: left;\n\t\t\t\tmargin-top: 10px;\n\t\t\t\ttext-align: center;\n\t\t\t\twidth: 33%;\n\t\t\t}\n\t\t\t#gallery-2 img {\n\t\t\t\tborder: 2px solid #cfcfcf;\n\t\t\t}\n\t\t\t#gallery-2 .gallery-caption {\n\t\t\t\tmargin-left: 0;\n\t\t\t}\n\t\t\t\/* see gallery_shortcode() in wp-includes\/media.php *\/\n\t\t<\/style>\n\t\t<div id='gallery-2' class='gallery galleryid-774 gallery-columns-3 gallery-size-thumbnail'><dl class='gallery-item'>\n\t\t\t<dt class='gallery-icon portrait'>\n\t\t\t\t<a href='https:\/\/www.blasket.ie\/ga\/060405_blasket_is_centre_031-jpg-3\/'><img width=\"150\" height=\"150\" src=\"https:\/\/www.blasket.ie\/wp-content\/uploads\/2016\/04\/The-Blasket-Centre-14-1-150x150.jpg\" class=\"attachment-thumbnail size-thumbnail\" alt=\"\" aria-describedby=\"gallery-2-3217\" decoding=\"async\" loading=\"lazy\" \/><\/a>\n\t\t\t<\/dt>\n\t\t\t\t<dd class='wp-caption-text gallery-caption' id='gallery-2-3217'>\n\t\t\t\tAn Blascaod M\u00f3r agus Ionad an Bhlascaoid Mh\u00f3ir.\n\t\t\t\t<\/dd><\/dl><dl class='gallery-item'>\n\t\t\t<dt class='gallery-icon landscape'>\n\t\t\t\t<a href='https:\/\/www.blasket.ie\/ga\/the-blasket-centre-13\/'><img width=\"150\" height=\"150\" src=\"https:\/\/www.blasket.ie\/wp-content\/uploads\/2016\/04\/The-Blasket-Centre-13-1-150x150.jpg\" class=\"attachment-thumbnail size-thumbnail\" alt=\"\" aria-describedby=\"gallery-2-3216\" decoding=\"async\" loading=\"lazy\" \/><\/a>\n\t\t\t<\/dt>\n\t\t\t\t<dd class='wp-caption-text gallery-caption' id='gallery-2-3216'>\n\t\t\t\tBealach isteach go dt\u00ed an Ionad.\n\n\t\t\t\t<\/dd><\/dl><dl class='gallery-item'>\n\t\t\t<dt class='gallery-icon landscape'>\n\t\t\t\t<a href='https:\/\/www.blasket.ie\/ga\/the-blasket-centre-12\/'><img width=\"150\" height=\"150\" src=\"https:\/\/www.blasket.ie\/wp-content\/uploads\/2016\/04\/The-Blasket-Centre-12-1-150x150.jpg\" class=\"attachment-thumbnail size-thumbnail\" alt=\"\" aria-describedby=\"gallery-2-3215\" decoding=\"async\" loading=\"lazy\" \/><\/a>\n\t\t\t<\/dt>\n\t\t\t\t<dd class='wp-caption-text gallery-caption' id='gallery-2-3215'>\n\t\t\t\tRadharc \u00f3n taobh amuigh ar an Ionad.\n\n\t\t\t\t<\/dd><\/dl><br style=\"clear: both\" \/><dl class='gallery-item'>\n\t\t\t<dt class='gallery-icon landscape'>\n\t\t\t\t<a href='https:\/\/www.blasket.ie\/ga\/the-blasket-centre11\/'><img width=\"150\" height=\"150\" src=\"https:\/\/www.blasket.ie\/wp-content\/uploads\/2016\/04\/The-Blasket-Centre11-1-150x150.jpg\" class=\"attachment-thumbnail size-thumbnail\" alt=\"\" aria-describedby=\"gallery-2-3214\" decoding=\"async\" loading=\"lazy\" \/><\/a>\n\t\t\t<\/dt>\n\t\t\t\t<dd class='wp-caption-text gallery-caption' id='gallery-2-3214'>\n\t\t\t\tBolgam blasta tae i gcaif\u00e9 an Ionaid, le radharc ar an mBlascaod M\u00f3r.\n\n\t\t\t\t<\/dd><\/dl><dl class='gallery-item'>\n\t\t\t<dt class='gallery-icon landscape'>\n\t\t\t\t<a href='https:\/\/www.blasket.ie\/ga\/the-blasket-centre-10\/'><img width=\"150\" height=\"150\" src=\"https:\/\/www.blasket.ie\/wp-content\/uploads\/2016\/04\/The-Blasket-Centre-10-1-150x150.jpg\" class=\"attachment-thumbnail size-thumbnail\" alt=\"\" aria-describedby=\"gallery-2-3213\" decoding=\"async\" loading=\"lazy\" \/><\/a>\n\t\t\t<\/dt>\n\t\t\t\t<dd class='wp-caption-text gallery-caption' id='gallery-2-3213'>\n\t\t\t\tEarra\u00ed ar taispe\u00e1int in Ionad an Bhlascaoid Mh\u00f3ir, D\u00fan Chaoin.\n\n\t\t\t\t<\/dd><\/dl><dl class='gallery-item'>\n\t\t\t<dt class='gallery-icon landscape'>\n\t\t\t\t<a href='https:\/\/www.blasket.ie\/ga\/the-blasket-centre-9\/'><img width=\"150\" height=\"150\" src=\"https:\/\/www.blasket.ie\/wp-content\/uploads\/2016\/04\/The-Blasket-Centre-9-1-150x150.jpg\" class=\"attachment-thumbnail size-thumbnail\" alt=\"\" aria-describedby=\"gallery-2-3212\" decoding=\"async\" loading=\"lazy\" \/><\/a>\n\t\t\t<\/dt>\n\t\t\t\t<dd class='wp-caption-text gallery-caption' id='gallery-2-3212'>\n\t\t\t\tRadharc ar an mBlascaod M\u00f3r \u00f3 Ionad an Bhlascaoid Mh\u00f3ir.\n\n\t\t\t\t<\/dd><\/dl><br style=\"clear: both\" \/><dl class='gallery-item'>\n\t\t\t<dt class='gallery-icon landscape'>\n\t\t\t\t<a href='https:\/\/www.blasket.ie\/ga\/the-blasket-centre-8\/'><img width=\"150\" height=\"150\" src=\"https:\/\/www.blasket.ie\/wp-content\/uploads\/2016\/04\/The-Blasket-Centre-8-1-150x150.jpg\" class=\"attachment-thumbnail size-thumbnail\" alt=\"\" aria-describedby=\"gallery-2-3211\" decoding=\"async\" loading=\"lazy\" \/><\/a>\n\t\t\t<\/dt>\n\t\t\t\t<dd class='wp-caption-text gallery-caption' id='gallery-2-3211'>\n\t\t\t\tAn su\u00edoch\u00e1n ag an bpointe amhairc in Ionad an Bhlascaoid Mh\u00f3ir i nD\u00fan Chaoin \u00f3na bhfuil radharc \u00e1lainn ar an mBlascaod M\u00f3r.\n\n\t\t\t\t<\/dd><\/dl><dl class='gallery-item'>\n\t\t\t<dt class='gallery-icon landscape'>\n\t\t\t\t<a href='https:\/\/www.blasket.ie\/ga\/the-blasket-centre-7\/'><img width=\"150\" height=\"150\" src=\"https:\/\/www.blasket.ie\/wp-content\/uploads\/2016\/04\/The-Blasket-Centre-7-1-150x150.jpg\" class=\"attachment-thumbnail size-thumbnail\" alt=\"\" aria-describedby=\"gallery-2-3210\" decoding=\"async\" loading=\"lazy\" \/><\/a>\n\t\t\t<\/dt>\n\t\t\t\t<dd class='wp-caption-text gallery-caption' id='gallery-2-3210'>\n\t\t\t\tAn tOile\u00e1nach, an dealbh at\u00e1 taobh amuigh d\u2019Ionad an Bhlascaoid Mh\u00f3ir i nD\u00fan Chaoin.\n\n\t\t\t\t<\/dd><\/dl><dl class='gallery-item'>\n\t\t\t<dt class='gallery-icon landscape'>\n\t\t\t\t<a href='https:\/\/www.blasket.ie\/ga\/the-blasket-centre-6\/'><img width=\"150\" height=\"150\" src=\"https:\/\/www.blasket.ie\/wp-content\/uploads\/2016\/04\/The-Blasket-Centre-6-1-150x150.jpg\" class=\"attachment-thumbnail size-thumbnail\" alt=\"\" aria-describedby=\"gallery-2-3209\" decoding=\"async\" loading=\"lazy\" \/><\/a>\n\t\t\t<\/dt>\n\t\t\t\t<dd class='wp-caption-text gallery-caption' id='gallery-2-3209'>\n\t\t\t\tEala\u00edn mh\u00f3s\u00e1ice in Ionad an Bhlascaoid Mh\u00f3ir, D\u00fan Chaoin.\n\n\t\t\t\t<\/dd><\/dl><br style=\"clear: both\" \/><dl class='gallery-item'>\n\t\t\t<dt class='gallery-icon landscape'>\n\t\t\t\t<a href='https:\/\/www.blasket.ie\/ga\/the-blasket-centre-5\/'><img width=\"150\" height=\"150\" src=\"https:\/\/www.blasket.ie\/wp-content\/uploads\/2016\/04\/The-Blasket-Centre-5-1-150x150.jpg\" class=\"attachment-thumbnail size-thumbnail\" alt=\"\" aria-describedby=\"gallery-2-3208\" decoding=\"async\" loading=\"lazy\" \/><\/a>\n\t\t\t<\/dt>\n\t\t\t\t<dd class='wp-caption-text gallery-caption' id='gallery-2-3208'>\n\t\t\t\tTaispe\u00e1ntais agus dealbh in Ionad an Bhlascaoid Mh\u00f3ir, D\u00fan Chaoin.\n\n\t\t\t\t<\/dd><\/dl><dl class='gallery-item'>\n\t\t\t<dt class='gallery-icon landscape'>\n\t\t\t\t<a href='https:\/\/www.blasket.ie\/ga\/the-blasket-centre-4-2\/'><img width=\"150\" height=\"150\" src=\"https:\/\/www.blasket.ie\/wp-content\/uploads\/2016\/04\/The-Blasket-Centre-4-1-150x150.jpg\" class=\"attachment-thumbnail size-thumbnail\" alt=\"\" aria-describedby=\"gallery-2-3207\" decoding=\"async\" loading=\"lazy\" \/><\/a>\n\t\t\t<\/dt>\n\t\t\t\t<dd class='wp-caption-text gallery-caption' id='gallery-2-3207'>\n\t\t\t\tAg scr\u00fad\u00fa na saothar eala\u00edne in Ionad an Bhlascaoid Mh\u00f3ir, D\u00fan Chaoin.\n\n\t\t\t\t<\/dd><\/dl><dl class='gallery-item'>\n\t\t\t<dt class='gallery-icon landscape'>\n\t\t\t\t<a href='https:\/\/www.blasket.ie\/ga\/the-blasket-centre-4\/'><img width=\"150\" height=\"150\" src=\"https:\/\/www.blasket.ie\/wp-content\/uploads\/2016\/04\/The-Blasket-Centre-11-150x150.jpg\" class=\"attachment-thumbnail size-thumbnail\" alt=\"\" aria-describedby=\"gallery-2-3206\" decoding=\"async\" loading=\"lazy\" \/><\/a>\n\t\t\t<\/dt>\n\t\t\t\t<dd class='wp-caption-text gallery-caption' id='gallery-2-3206'>\n\t\t\t\tSaothar eala\u00edne de ghloine dhaite in Ionad an Bhlascaoid Mh\u00f3ir, D\u00fan Chaoin.\n\n\t\t\t\t<\/dd><\/dl><br style=\"clear: both\" \/><dl class='gallery-item'>\n\t\t\t<dt class='gallery-icon landscape'>\n\t\t\t\t<a href='https:\/\/www.blasket.ie\/ga\/the-blasket-centre-3\/'><img width=\"150\" height=\"150\" src=\"https:\/\/www.blasket.ie\/wp-content\/uploads\/2016\/04\/The-Blasket-Centre-3-1-150x150.jpg\" class=\"attachment-thumbnail size-thumbnail\" alt=\"\" aria-describedby=\"gallery-2-3205\" decoding=\"async\" loading=\"lazy\" \/><\/a>\n\t\t\t<\/dt>\n\t\t\t\t<dd class='wp-caption-text gallery-caption' id='gallery-2-3205'>\n\t\t\t\tNa pain\u00e9il taispe\u00e1ntais \u00e1 gc\u00edoradh in Ionad an Bhlascaoid Mh\u00f3ir, D\u00fan Chaoin.\n\n\t\t\t\t<\/dd><\/dl><dl class='gallery-item'>\n\t\t\t<dt class='gallery-icon landscape'>\n\t\t\t\t<a href='https:\/\/www.blasket.ie\/ga\/the-blasket-centre-2\/'><img width=\"150\" height=\"150\" src=\"https:\/\/www.blasket.ie\/wp-content\/uploads\/2016\/04\/The-Blasket-Centre-2-1-150x150.jpg\" class=\"attachment-thumbnail size-thumbnail\" alt=\"\" aria-describedby=\"gallery-2-3204\" decoding=\"async\" loading=\"lazy\" \/><\/a>\n\t\t\t<\/dt>\n\t\t\t\t<dd class='wp-caption-text gallery-caption' id='gallery-2-3204'>\n\t\t\t\tIonad an Bhlascaoid Mh\u00f3ir, D\u00fan Chaoin.\n\n\t\t\t\t<\/dd><\/dl><dl class='gallery-item'>\n\t\t\t<dt class='gallery-icon landscape'>\n\t\t\t\t<a href='https:\/\/www.blasket.ie\/ga\/the-blasket-centre-1\/'><img width=\"150\" height=\"150\" src=\"https:\/\/www.blasket.ie\/wp-content\/uploads\/2016\/04\/The-Blasket-Centre-1-1-150x150.jpg\" class=\"attachment-thumbnail size-thumbnail\" alt=\"\" aria-describedby=\"gallery-2-3203\" decoding=\"async\" loading=\"lazy\" \/><\/a>\n\t\t\t<\/dt>\n\t\t\t\t<dd class='wp-caption-text gallery-caption' id='gallery-2-3203'>\n\t\t\t\tIonad an Bhlascaoid Mh\u00f3ir, D\u00fan Chaoin.\n\t\t\t\t<\/dd><\/dl><br style=\"clear: both\" \/>\n\t\t<\/div>\n<\/p>\n","protected":false},"author":9,"featured_media":0,"parent":0,"menu_order":0,"comment_status":"closed","ping_status":"closed","template":"","meta":{"_et_pb_use_builder":"on","_et_pb_old_content":"","_et_gb_content_width":"","footnotes":""},"class_list":["post-774","page","type-page","status-publish","hentry"],"_links":{"self":[{"href":"https:\/\/www.blasket.ie\/ga\/wp-json\/wp\/v2\/pages\/774","targetHints":{"allow":["GET"]}}],"collection":[{"href":"https:\/\/www.blasket.ie\/ga\/wp-json\/wp\/v2\/pages"}],"about":[{"href":"https:\/\/www.blasket.ie\/ga\/wp-json\/wp\/v2\/types\/page"}],"author":[{"embeddable":true,"href":"https:\/\/www.blasket.ie\/ga\/wp-json\/wp\/v2\/users\/9"}],"replies":[{"embeddable":true,"href":"https:\/\/www.blasket.ie\/ga\/wp-json\/wp\/v2\/comments?post=774"}],"version-history":[{"count":5,"href":"https:\/\/www.blasket.ie\/ga\/wp-json\/wp\/v2\/pages\/774\/revisions"}],"predecessor-version":[{"id":4021,"href":"https:\/\/www.blasket.ie\/ga\/wp-json\/wp\/v2\/pages\/774\/revisions\/4021"}],"wp:attachment":[{"href":"https:\/\/www.blasket.ie\/ga\/wp-json\/wp\/v2\/media?parent=774"}],"curies":[{"name":"wp","href":"https:\/\/api.w.org\/{rel}","templated":true}]}}