{"id":503,"date":"2014-10-05T21:29:10","date_gmt":"2014-10-05T21:29:10","guid":{"rendered":"http:\/\/glebegallery.ie\/?page_id=503"},"modified":"2019-05-07T17:38:29","modified_gmt":"2019-05-07T16:38:29","slug":"bailiuchan","status":"publish","type":"page","link":"https:\/\/www.blasket.ie\/ga\/bailiuchan\/","title":{"rendered":"Baili\u00fach\u00e1n"},"content":{"rendered":"<p>[et_pb_section bb_built=&#8221;1&#8243; admin_label=&#8221;section&#8221; fullwidth=&#8221;off&#8221; specialty=&#8221;off&#8221; transparent_background=&#8221;off&#8221; background_color=&#8221;#65a1d7&#8243; inner_shadow=&#8221;off&#8221; parallax=&#8221;off&#8221; parallax_method=&#8221;off&#8221; allow_player_pause=&#8221;off&#8221; padding_mobile=&#8221;off&#8221; make_fullwidth=&#8221;off&#8221; use_custom_width=&#8221;off&#8221; width_unit=&#8221;on&#8221; make_equal=&#8221;off&#8221; use_custom_gutter=&#8221;off&#8221; custom_padding_tablet=&#8221;50px|0|50px|0&#8243; custom_padding_last_edited=&#8221;on|desktop&#8221; inner_width=&#8221;auto&#8221; inner_max_width=&#8221;none&#8221; next_background_color=&#8221;#FFFFFF&#8221;][et_pb_row admin_label=&#8221;row&#8221; background_position=&#8221;top_left&#8221; background_repeat=&#8221;repeat&#8221; background_size=&#8221;initial&#8221; width=&#8221;80%&#8221; max_width=&#8221;1080px&#8221;][et_pb_column type=&#8221;4_4&#8243;][et_pb_text admin_label=&#8221;Header Text&#8221; background_layout=&#8221;dark&#8221; text_orientation=&#8221;left&#8221; use_border_color=&#8221;off&#8221; border_color=&#8221;#ffffff&#8221; border_style=&#8221;solid&#8221; background_position=&#8221;top_left&#8221; background_repeat=&#8221;repeat&#8221; background_size=&#8221;initial&#8221;]<\/p>\n<h1>Baili\u00fach\u00e1n<\/h1>\n<p>[\/et_pb_text][\/et_pb_column][\/et_pb_row][\/et_pb_section][et_pb_section bb_built=&#8221;1&#8243; fullwidth=&#8221;off&#8221; specialty=&#8221;off&#8221; inner_width=&#8221;auto&#8221; inner_max_width=&#8221;none&#8221; prev_background_color=&#8221;#65a1d7&#8243; next_background_color=&#8221;rgba(255,255,255,0)&#8221;][et_pb_row background_position=&#8221;top_left&#8221; background_repeat=&#8221;repeat&#8221; background_size=&#8221;initial&#8221; width=&#8221;80%&#8221; max_width=&#8221;1080px&#8221;][et_pb_column type=&#8221;4_4&#8243;][et_pb_text background_layout=&#8221;light&#8221; text_orientation=&#8221;left&#8221; text_font_size=&#8221;16&#8243; use_border_color=&#8221;off&#8221; border_color=&#8221;#ffffff&#8221; border_style=&#8221;solid&#8221; text_font=&#8221;Droid Serif||||&#8221; background_position=&#8221;top_left&#8221; background_repeat=&#8221;repeat&#8221; background_size=&#8221;initial&#8221;]<\/p>\n<p>\nT\u00e1 baili\u00fach\u00e1n suntasach d\u2019earra\u00ed a bhain leis an mBlascaod M\u00f3r, na hOile\u00e1naigh, an litr\u00edocht a chruthaigh siad agus an saol a chaith siad ar coime\u00e1d in Ionad an Bhlascaoid Mh\u00f3ir. T\u00e1 roinnt acu le feice\u00e1il th\u00edos. M\u00e1s mian leat aon earra sa bhaili\u00fach\u00e1n a scr\u00fad\u00fa, <a href=\"http:\/\/blasket.ie\/teagmhail\/\">b\u00ed i dteagmh\u00e1il linn<\/a> le do thoil.<\/p>\n<p>[\/et_pb_text][\/et_pb_column][\/et_pb_row][et_pb_row background_position=&#8221;top_left&#8221; background_repeat=&#8221;repeat&#8221; background_size=&#8221;initial&#8221; width=&#8221;80%&#8221; max_width=&#8221;1080px&#8221;][et_pb_column type=&#8221;4_4&#8243;][et_pb_tabs admin_label=&#8221;Collection Tabs&#8221; use_border_color=&#8221;off&#8221; border_color=&#8221;#ffffff&#8221; border_style=&#8221;solid&#8221; background_position=&#8221;top_left&#8221; background_repeat=&#8221;repeat&#8221; background_size=&#8221;initial&#8221;][et_pb_tab title=&#8221;Laind\u00e9ar Coinnle&#8221; tab_font_select=&#8221;default&#8221; tab_font=&#8221;||||&#8221; tab_line_height=&#8221;2em&#8221; tab_line_height_tablet=&#8221;2em&#8221; tab_line_height_phone=&#8221;2em&#8221; body_font_select=&#8221;default&#8221; body_font=&#8221;||||&#8221; body_line_height=&#8221;2em&#8221; body_line_height_tablet=&#8221;2em&#8221; body_line_height_phone=&#8221;2em&#8221;]<\/p>\n<h2>Laind\u00e9ar Coinnle<\/h2>\n<p>Sular tosna\u00edodh ar lampa\u00ed Pairif\u00edn a \u00fas\u00e1id, shol\u00e1thraigh na hOile\u00e1naigh solas d\u00f3ibh f\u00e9in tr\u00e9 bhuaiceas n\u00f3 geataire a lasadh i sliog\u00e1n muir\u00edn n\u00f3 &#8216;slige&#8217; ina mb\u00edodh ola \u00e9isc n\u00f3 geir. D&#8217;\u00fas\u00e1idt\u00ed chomh maith laind\u00e9ir\u00ed coinnle ar n\u00f3s an chinn ar taispe\u00e1int anseo.<\/p>\n<p><img loading=\"lazy\" decoding=\"async\" class=\"size-large wp-image-3167 aligncenter\" src=\"http:\/\/blasket.ie\/wp-content\/uploads\/2014\/10\/candle-lantern-1-820x1024.jpg\" alt=\"\" width=\"820\" height=\"1024\" srcset=\"https:\/\/www.blasket.ie\/wp-content\/uploads\/2014\/10\/candle-lantern-1-820x1024.jpg 820w, https:\/\/www.blasket.ie\/wp-content\/uploads\/2014\/10\/candle-lantern-1-240x300.jpg 240w, https:\/\/www.blasket.ie\/wp-content\/uploads\/2014\/10\/candle-lantern-1-768x959.jpg 768w, https:\/\/www.blasket.ie\/wp-content\/uploads\/2014\/10\/candle-lantern-1-1200x1498.jpg 1200w, https:\/\/www.blasket.ie\/wp-content\/uploads\/2014\/10\/candle-lantern-1.jpg 1545w\" sizes=\"(max-width: 820px) 100vw, 820px\" \/><\/p>\n<p>[\/et_pb_tab][et_pb_tab title=&#8221;Carraig\u00edn&#8221; tab_font_select=&#8221;default&#8221; tab_font=&#8221;||||&#8221; tab_line_height=&#8221;2em&#8221; tab_line_height_tablet=&#8221;2em&#8221; tab_line_height_phone=&#8221;2em&#8221; body_font_select=&#8221;default&#8221; body_font=&#8221;||||&#8221; body_line_height=&#8221;2em&#8221; body_line_height_tablet=&#8221;2em&#8221; body_line_height_phone=&#8221;2em&#8221;]<\/p>\n<h2>Carraig\u00edn<\/h2>\n<p>Thrioma\u00edt\u00ed an carraig\u00edn, bheir\u00edt\u02c6i mbainne \u00e9 agus d&#8217;\u00f3lta\u00ed an deoch leighis san i gc\u00f3ir an tslaghd\u00e1in. Is \u00e9 an s\u00f3rt seo babhla adhmaid ba ghn\u00e1th\u00ed a d&#8217;\u00fas\u00e1id na hOile\u00e1naigh mar &#8216;ph\u00edosa&#8217; chun uisce a thaoscadh as na naomh\u00f3ga ar thurasanna farraige.<\/p>\n<p><img loading=\"lazy\" decoding=\"async\" class=\"size-large wp-image-3169 aligncenter\" src=\"http:\/\/blasket.ie\/wp-content\/uploads\/2014\/10\/carrageen-1-1024x746.jpg\" alt=\"\" width=\"1024\" height=\"746\" srcset=\"https:\/\/www.blasket.ie\/wp-content\/uploads\/2014\/10\/carrageen-1-1024x746.jpg 1024w, https:\/\/www.blasket.ie\/wp-content\/uploads\/2014\/10\/carrageen-1-300x219.jpg 300w, https:\/\/www.blasket.ie\/wp-content\/uploads\/2014\/10\/carrageen-1-768x560.jpg 768w, https:\/\/www.blasket.ie\/wp-content\/uploads\/2014\/10\/carrageen-1-1200x875.jpg 1200w, https:\/\/www.blasket.ie\/wp-content\/uploads\/2014\/10\/carrageen-1.jpg 1575w\" sizes=\"(max-width: 1024px) 100vw, 1024px\" \/><\/p>\n<p>[\/et_pb_tab][et_pb_tab title=&#8221;Naomh\u00f3g&#8221; tab_font_select=&#8221;default&#8221; tab_font=&#8221;||||&#8221; tab_line_height=&#8221;2em&#8221; tab_line_height_tablet=&#8221;2em&#8221; tab_line_height_phone=&#8221;2em&#8221; body_font_select=&#8221;default&#8221; body_font=&#8221;||||&#8221; body_line_height=&#8221;2em&#8221; body_line_height_tablet=&#8221;2em&#8221; body_line_height_phone=&#8221;2em&#8221;]<\/p>\n<h2>Naomh\u00f3g<\/h2>\n<p>C\u00e9 go gceanna\u00edt\u00ed go leor naomh\u00f3ga ar an m\u00ednt\u00edr, bh\u00ed s\u00e9 de n\u00f3s ag teaghlaigh \u00e1irithe a gcuid f\u00e9in a th\u00f3g\u00e1il. Cheangla\u00edt\u00ed easnacha \u00e9adroma leis an ngunail \u00edochtair, agus \u2018rib\u00edn\u00ed\u2019 \u00f3 cheann ceann an bh\u00e1id. De ghn\u00e1th cuirtear ceithre thochta (su\u00edoch\u00e1n) inti, agus tr\u00e1th d\u00e1 raibh chuirt\u00ed tochta crainn in aice na buaice. Ar deireadh, sh\u00ednt\u00ed \u2018craiceann\u2019 de cheaileac\u00f3 tarr\u00e1ilte thar an fr\u00e1ma.<\/p>\n<p><img loading=\"lazy\" decoding=\"async\" class=\"aligncenter size-large wp-image-3172\" src=\"http:\/\/blasket.ie\/wp-content\/uploads\/2014\/10\/20160403_104158-1-576x1024.jpg\" alt=\"\" width=\"576\" height=\"1024\" srcset=\"https:\/\/www.blasket.ie\/wp-content\/uploads\/2014\/10\/20160403_104158-1-576x1024.jpg 576w, https:\/\/www.blasket.ie\/wp-content\/uploads\/2014\/10\/20160403_104158-1-169x300.jpg 169w, https:\/\/www.blasket.ie\/wp-content\/uploads\/2014\/10\/20160403_104158-1-768x1366.jpg 768w, https:\/\/www.blasket.ie\/wp-content\/uploads\/2014\/10\/20160403_104158-1-1200x2134.jpg 1200w, https:\/\/www.blasket.ie\/wp-content\/uploads\/2014\/10\/20160403_104158-1.jpg 2000w\" sizes=\"(max-width: 576px) 100vw, 576px\" \/><\/p>\n<p>[\/et_pb_tab][et_pb_tab title=&#8221;\u00damacha Asail&#8221; tab_font_select=&#8221;default&#8221; tab_font=&#8221;||||&#8221; tab_line_height=&#8221;2em&#8221; tab_line_height_tablet=&#8221;2em&#8221; tab_line_height_phone=&#8221;2em&#8221; body_font_select=&#8221;default&#8221; body_font=&#8221;||||&#8221; body_line_height=&#8221;2em&#8221; body_line_height_tablet=&#8221;2em&#8221; body_line_height_phone=&#8221;2em&#8221;]<\/p>\n<h2>\u00damacha Asail<\/h2>\n<p>D\u2019\u00fas\u00e1ideadh muintir an Oile\u00e1in na h\u00famacha seo chun uala\u00ed m\u00f3na, fraoigh, agus feamainne a iompar.<\/p>\n<p><img loading=\"lazy\" decoding=\"async\" class=\"aligncenter size-large wp-image-3177\" src=\"http:\/\/blasket.ie\/wp-content\/uploads\/2014\/10\/20160403_105006-1-1024x648.jpg\" alt=\"20160403_105006\" width=\"1024\" height=\"648\" srcset=\"https:\/\/www.blasket.ie\/wp-content\/uploads\/2014\/10\/20160403_105006-1-1024x648.jpg 1024w, https:\/\/www.blasket.ie\/wp-content\/uploads\/2014\/10\/20160403_105006-1-300x190.jpg 300w, https:\/\/www.blasket.ie\/wp-content\/uploads\/2014\/10\/20160403_105006-1-768x486.jpg 768w, https:\/\/www.blasket.ie\/wp-content\/uploads\/2014\/10\/20160403_105006-1-1200x759.jpg 1200w\" sizes=\"(max-width: 1024px) 100vw, 1024px\" \/><\/p>\n<p>[\/et_pb_tab][et_pb_tab title=&#8221;L\u00e1mhscr\u00edbhinn Amhr\u00e1in&#8221; tab_font_select=&#8221;default&#8221; tab_font=&#8221;||||&#8221; tab_line_height=&#8221;2em&#8221; tab_line_height_tablet=&#8221;2em&#8221; tab_line_height_phone=&#8221;2em&#8221; body_font_select=&#8221;default&#8221; body_font=&#8221;||||&#8221; body_line_height=&#8221;2em&#8221; body_line_height_tablet=&#8221;2em&#8221; body_line_height_phone=&#8221;2em&#8221;]<\/p>\n<h2>L\u00e1mhscr\u00edbhinn Amhr\u00e1in<\/h2>\n<p>Amhr\u00e1n \u00e9 seo a chum an file \u00e1iti\u00fail Peaid\u00ed B\u00e1n \u00d3 Conchubhair faoi bh\u00e1d den ainm \u2018An Laeder\u2019. Seo c\u00f3ip a scr\u00edobh Tom\u00e1s \u00d3 Criomhthain amach sna 1920id\u00ed.<\/p>\n<p><img loading=\"lazy\" decoding=\"async\" class=\"aligncenter size-large wp-image-3181\" src=\"http:\/\/blasket.ie\/wp-content\/uploads\/2014\/10\/20160403_120810-1-1-787x1024.jpg\" alt=\"20160403_120810-1\" width=\"787\" height=\"1024\" srcset=\"https:\/\/www.blasket.ie\/wp-content\/uploads\/2014\/10\/20160403_120810-1-1-787x1024.jpg 787w, https:\/\/www.blasket.ie\/wp-content\/uploads\/2014\/10\/20160403_120810-1-1-230x300.jpg 230w, https:\/\/www.blasket.ie\/wp-content\/uploads\/2014\/10\/20160403_120810-1-1-768x1000.jpg 768w, https:\/\/www.blasket.ie\/wp-content\/uploads\/2014\/10\/20160403_120810-1-1-1200x1562.jpg 1200w, https:\/\/www.blasket.ie\/wp-content\/uploads\/2014\/10\/20160403_120810-1-1.jpg 1960w\" sizes=\"(max-width: 787px) 100vw, 787px\" \/><\/p>\n<p>[\/et_pb_tab][et_pb_tab title=&#8221;F\u00e1inne&#8221; tab_font_select=&#8221;default&#8221; tab_font=&#8221;||||&#8221; tab_line_height=&#8221;2em&#8221; tab_line_height_tablet=&#8221;2em&#8221; tab_line_height_phone=&#8221;2em&#8221; body_font_select=&#8221;default&#8221; body_font=&#8221;||||&#8221; body_line_height=&#8221;2em&#8221; body_line_height_tablet=&#8221;2em&#8221; body_line_height_phone=&#8221;2em&#8221;]<\/p>\n<h2>F\u00e1inne<\/h2>\n<p>De l\u00e1imh, ar an Oile\u00e1n f\u00e9in, a rinneadh an f\u00e1inne seo at\u00e1 ar st\u00edl fh\u00e1inne Chladaigh. Cuireadh poll i mbonn agus ansin l\u00fabadh an bonn timpeall mar a bheadh f\u00e1inne ann.<\/p>\n<p><img loading=\"lazy\" decoding=\"async\" class=\"aligncenter size-large wp-image-3266\" src=\"http:\/\/blasket.ie\/wp-content\/uploads\/2016\/04\/20160411_114317-1-1024x915.jpg\" alt=\"20160411_114317\" width=\"1024\" height=\"915\" srcset=\"https:\/\/www.blasket.ie\/wp-content\/uploads\/2016\/04\/20160411_114317-1-1024x915.jpg 1024w, https:\/\/www.blasket.ie\/wp-content\/uploads\/2016\/04\/20160411_114317-1-300x268.jpg 300w, https:\/\/www.blasket.ie\/wp-content\/uploads\/2016\/04\/20160411_114317-1-768x686.jpg 768w, https:\/\/www.blasket.ie\/wp-content\/uploads\/2016\/04\/20160411_114317-1-1200x1072.jpg 1200w, https:\/\/www.blasket.ie\/wp-content\/uploads\/2016\/04\/20160411_114317-1.jpg 1368w\" sizes=\"(max-width: 1024px) 100vw, 1024px\" \/><\/p>\n<p>[\/et_pb_tab][et_pb_tab title=&#8221;Veidhl\u00edn&#8221; tab_font_select=&#8221;default&#8221; tab_font=&#8221;||||&#8221; tab_line_height=&#8221;2em&#8221; tab_line_height_tablet=&#8221;2em&#8221; tab_line_height_phone=&#8221;2em&#8221; body_font_select=&#8221;default&#8221; body_font=&#8221;||||&#8221; body_line_height=&#8221;2em&#8221; body_line_height_tablet=&#8221;2em&#8221; body_line_height_phone=&#8221;2em&#8221;]<\/p>\n<h2>Veidhl\u00edn<\/h2>\n<p>Bh\u00ed an-ghlaoch ar veidhl\u00edn\u00ed ar an Oile\u00e1n. Ag Maidhc Pheats Mhic\u00ed \u00d3 Cath\u00e1in, mac an R\u00ed, a bh\u00ed an ceann \u00e1irthe seo. Bh\u00ed teist air mar cheolt\u00f3ir maith i measc na nGael in New England. D\u2019fhill s\u00e9 ar \u00c9irinn in 1909, ach d\u2019fh\u00e1g an veidhl\u00edn ina dhiaidh i dtigh t\u00e1bhairne sa Daingean nuair a chuala s\u00e9 an sc\u00e9al br\u00f3nach faoi bh\u00e1 Dh\u00f3nail Chriomhthain agus Eibhl\u00edn Nic Niocaill ar an Oile\u00e1n. Th\u00e1ngthas ar\u00eds ar an veidhl\u00edn, athch\u00f3ir\u00edodh \u00e9, agus bronnadh \u00e9 ar an Ionad.<\/p>\n<p><img loading=\"lazy\" decoding=\"async\" class=\"aligncenter size-large wp-image-3267\" src=\"http:\/\/blasket.ie\/wp-content\/uploads\/2016\/04\/20160411_115216-1-810x1024.jpg\" alt=\"20160411_115216\" width=\"810\" height=\"1024\" srcset=\"https:\/\/www.blasket.ie\/wp-content\/uploads\/2016\/04\/20160411_115216-1-810x1024.jpg 810w, https:\/\/www.blasket.ie\/wp-content\/uploads\/2016\/04\/20160411_115216-1-237x300.jpg 237w, https:\/\/www.blasket.ie\/wp-content\/uploads\/2016\/04\/20160411_115216-1-768x971.jpg 768w, https:\/\/www.blasket.ie\/wp-content\/uploads\/2016\/04\/20160411_115216-1-1200x1517.jpg 1200w, https:\/\/www.blasket.ie\/wp-content\/uploads\/2016\/04\/20160411_115216-1.jpg 2000w\" sizes=\"(max-width: 810px) 100vw, 810px\" \/><\/p>\n<p>[\/et_pb_tab][et_pb_tab title=&#8221;Portr\u00e1id\u00ed&#8221; tab_font_select=&#8221;default&#8221; tab_font=&#8221;||||&#8221; tab_line_height=&#8221;2em&#8221; tab_line_height_tablet=&#8221;2em&#8221; tab_line_height_phone=&#8221;2em&#8221; body_font_select=&#8221;default&#8221; body_font=&#8221;||||&#8221; body_line_height=&#8221;2em&#8221; body_line_height_tablet=&#8221;2em&#8221; body_line_height_phone=&#8221;2em&#8221;]<\/p>\n<h2>Portr\u00e1id\u00ed<\/h2>\n<p>\u2018Blasket Islanders: Peg Sears and Thomas Crohan 1932\u2019 #1, le Harry Kernoff, RHA.<br \/>\nFaighte ag Aonad Bainist\u00edochta Eala\u00edne Oifig na nOibreacha Poibl\u00ed in 2008.<\/p>\n<p><img loading=\"lazy\" decoding=\"async\" class=\"aligncenter size-large wp-image-3174\" src=\"http:\/\/blasket.ie\/wp-content\/uploads\/2014\/10\/20160403_105908-1-876x1024.jpg\" alt=\"20160403_105908\" width=\"876\" height=\"1024\" srcset=\"https:\/\/www.blasket.ie\/wp-content\/uploads\/2014\/10\/20160403_105908-1-876x1024.jpg 876w, https:\/\/www.blasket.ie\/wp-content\/uploads\/2014\/10\/20160403_105908-1-257x300.jpg 257w, https:\/\/www.blasket.ie\/wp-content\/uploads\/2014\/10\/20160403_105908-1-768x898.jpg 768w, https:\/\/www.blasket.ie\/wp-content\/uploads\/2014\/10\/20160403_105908-1-1200x1403.jpg 1200w, https:\/\/www.blasket.ie\/wp-content\/uploads\/2014\/10\/20160403_105908-1.jpg 1319w\" sizes=\"(max-width: 876px) 100vw, 876px\" \/><\/p>\n<p><img loading=\"lazy\" decoding=\"async\" class=\"aligncenter size-large wp-image-3173\" src=\"http:\/\/blasket.ie\/wp-content\/uploads\/2014\/10\/20160403_105908-copy-1-721x1024.jpg\" alt=\"20160403_105908 copy\" width=\"721\" height=\"1024\" srcset=\"https:\/\/www.blasket.ie\/wp-content\/uploads\/2014\/10\/20160403_105908-copy-1-721x1024.jpg 721w, https:\/\/www.blasket.ie\/wp-content\/uploads\/2014\/10\/20160403_105908-copy-1-211x300.jpg 211w, https:\/\/www.blasket.ie\/wp-content\/uploads\/2014\/10\/20160403_105908-copy-1-768x1090.jpg 768w, https:\/\/www.blasket.ie\/wp-content\/uploads\/2014\/10\/20160403_105908-copy-1.jpg 808w\" sizes=\"(max-width: 721px) 100vw, 721px\" \/><\/p>\n<p>[\/et_pb_tab][et_pb_tab title=&#8221;Deimhni\u00fa Ead\u00f3irseachta&#8221; tab_font_select=&#8221;default&#8221; tab_font=&#8221;||||&#8221; tab_line_height=&#8221;2em&#8221; tab_line_height_tablet=&#8221;2em&#8221; tab_line_height_phone=&#8221;2em&#8221; body_font_select=&#8221;default&#8221; body_font=&#8221;||||&#8221; body_line_height=&#8221;2em&#8221; body_line_height_tablet=&#8221;2em&#8221; body_line_height_phone=&#8221;2em&#8221;]<\/p>\n<h2>Deimhni\u00fa Ead\u00f3irseachta<\/h2>\n<p>Chuaigh an-chuid Blascaodach ar imirce chuig Springfield, Massachusetts, \u00e1it a bh\u00ed a muintir imithe rompu. T\u00e1 cuimhne l\u00e1idir ar oidhreacht na mBlascaodach f\u00f3s in Springfield.<\/p>\n<p><img loading=\"lazy\" decoding=\"async\" class=\"aligncenter size-full wp-image-3015\" src=\"http:\/\/blasket.ie\/wp-content\/uploads\/2016\/01\/Certificate-of-Naturalisation-Maurice-Carney-1.jpg\" alt=\"\" width=\"784\" height=\"746\" srcset=\"https:\/\/www.blasket.ie\/wp-content\/uploads\/2016\/01\/Certificate-of-Naturalisation-Maurice-Carney-1.jpg 784w, https:\/\/www.blasket.ie\/wp-content\/uploads\/2016\/01\/Certificate-of-Naturalisation-Maurice-Carney-1-300x285.jpg 300w, https:\/\/www.blasket.ie\/wp-content\/uploads\/2016\/01\/Certificate-of-Naturalisation-Maurice-Carney-1-768x731.jpg 768w\" sizes=\"(max-width: 784px) 100vw, 784px\" \/><\/p>\n<p>&nbsp;<\/p>\n<p>&nbsp;<\/p>\n<p>[\/et_pb_tab][\/et_pb_tabs][\/et_pb_column][\/et_pb_row][\/et_pb_section][et_pb_section bb_built=&#8221;1&#8243; admin_label=&#8221;section&#8221; transparent_background=&#8221;on&#8221; allow_player_pause=&#8221;off&#8221; inner_shadow=&#8221;off&#8221; parallax=&#8221;off&#8221; parallax_method=&#8221;off&#8221; padding_mobile=&#8221;off&#8221; make_fullwidth=&#8221;off&#8221; use_custom_width=&#8221;off&#8221; width_unit=&#8221;on&#8221; make_equal=&#8221;off&#8221; use_custom_gutter=&#8221;off&#8221; background_color=&#8221;rgba(255,255,255,0)&#8221; custom_padding_tablet=&#8221;50px|0|50px|0&#8243; custom_padding_last_edited=&#8221;on|desktop&#8221; inner_width=&#8221;auto&#8221; inner_max_width=&#8221;none&#8221; prev_background_color=&#8221;#FFFFFF&#8221;][et_pb_row background_position=&#8221;top_left&#8221; background_repeat=&#8221;repeat&#8221; background_size=&#8221;initial&#8221; width=&#8221;80%&#8221; max_width=&#8221;1080px&#8221;][et_pb_column type=&#8221;4_4&#8243;][et_pb_divider color=&#8221;#5e5e5e&#8221; show_divider=&#8221;on&#8221; divider_style=&#8221;solid&#8221; divider_position=&#8221;top&#8221; hide_on_mobile=&#8221;off&#8221;]<\/p>\n<p><\/p>\n<p>[\/et_pb_divider][\/et_pb_column][\/et_pb_row][et_pb_row background_position=&#8221;top_left&#8221; background_repeat=&#8221;repeat&#8221; background_size=&#8221;initial&#8221; width=&#8221;80%&#8221; max_width=&#8221;1080px&#8221;][et_pb_column type=&#8221;4_4&#8243;][et_pb_cta title=&#8221;T\u00e1 Ionad an Bhlascaoid Mh\u00f3ir ag glacadh go f\u00f3ill le hearra\u00ed a bhronntar air de r\u00e9ir a chleachtas baili\u00fach\u00e1in. M\u00e1s sp\u00e9is leat earra(\u00ed) a bhronnadh ba bhre\u00e1 linn d\u00e1 rachf\u00e1 i dteagmh\u00e1il linn.&#8221; button_url=&#8221;http:\/\/blasket.ie\/ga\/teagmhail\/&#8221; button_text=&#8221;Teagmh\u00e1il&#8221; use_background_color=&#8221;off&#8221; background_color=&#8221;#841a05&#8243; background_layout=&#8221;light&#8221; header_font=&#8221;Droid Serif||||&#8221; header_font_size=&#8221;16&#8243; use_border_color=&#8221;off&#8221; custom_button=&#8221;on&#8221; button_text_size=&#8221;15&#8243; button_border_width=&#8221;1&#8243; body_font_size=&#8221;15&#8243; background_position=&#8221;top_left&#8221; background_repeat=&#8221;repeat&#8221; background_size=&#8221;initial&#8221; button_text_size__hover_enabled=&#8221;off&#8221; button_text_size__hover=&#8221;null&#8221; button_one_text_size__hover_enabled=&#8221;off&#8221; button_one_text_size__hover=&#8221;null&#8221; button_two_text_size__hover_enabled=&#8221;off&#8221; button_two_text_size__hover=&#8221;null&#8221; button_text_color__hover_enabled=&#8221;off&#8221; button_text_color__hover=&#8221;null&#8221; button_one_text_color__hover_enabled=&#8221;off&#8221; button_one_text_color__hover=&#8221;null&#8221; button_two_text_color__hover_enabled=&#8221;off&#8221; button_two_text_color__hover=&#8221;null&#8221; button_border_width__hover_enabled=&#8221;off&#8221; button_border_width__hover=&#8221;null&#8221; button_one_border_width__hover_enabled=&#8221;off&#8221; button_one_border_width__hover=&#8221;null&#8221; button_two_border_width__hover_enabled=&#8221;off&#8221; button_two_border_width__hover=&#8221;null&#8221; button_border_color__hover_enabled=&#8221;off&#8221; button_border_color__hover=&#8221;null&#8221; button_one_border_color__hover_enabled=&#8221;off&#8221; button_one_border_color__hover=&#8221;null&#8221; button_two_border_color__hover_enabled=&#8221;off&#8221; button_two_border_color__hover=&#8221;null&#8221; button_border_radius__hover_enabled=&#8221;off&#8221; button_border_radius__hover=&#8221;null&#8221; button_one_border_radius__hover_enabled=&#8221;off&#8221; button_one_border_radius__hover=&#8221;null&#8221; button_two_border_radius__hover_enabled=&#8221;off&#8221; button_two_border_radius__hover=&#8221;null&#8221; button_letter_spacing__hover_enabled=&#8221;on&#8221; button_letter_spacing__hover=&#8221;0&#8243; button_one_letter_spacing__hover_enabled=&#8221;off&#8221; button_one_letter_spacing__hover=&#8221;null&#8221; button_two_letter_spacing__hover_enabled=&#8221;off&#8221; button_two_letter_spacing__hover=&#8221;null&#8221; button_bg_color__hover_enabled=&#8221;off&#8221; button_bg_color__hover=&#8221;null&#8221; button_one_bg_color__hover_enabled=&#8221;off&#8221; button_one_bg_color__hover=&#8221;null&#8221; button_two_bg_color__hover_enabled=&#8221;off&#8221; button_two_bg_color__hover=&#8221;null&#8221; _builder_version=&#8221;3.22.7&#8243; text_shadow_horizontal_length=&#8221;text_shadow_style,%91object Object%93&#8243; text_shadow_vertical_length=&#8221;text_shadow_style,%91object Object%93&#8243; text_shadow_blur_strength=&#8221;text_shadow_style,%91object Object%93&#8243; header_text_shadow_horizontal_length=&#8221;header_text_shadow_style,%91object Object%93&#8243; header_text_shadow_vertical_length=&#8221;header_text_shadow_style,%91object Object%93&#8243; header_text_shadow_blur_strength=&#8221;header_text_shadow_style,%91object Object%93&#8243; body_text_shadow_horizontal_length=&#8221;body_text_shadow_style,%91object Object%93&#8243; body_text_shadow_vertical_length=&#8221;body_text_shadow_style,%91object Object%93&#8243; body_text_shadow_blur_strength=&#8221;body_text_shadow_style,%91object Object%93&#8243; button_text_shadow_horizontal_length=&#8221;button_text_shadow_style,%91object Object%93&#8243; button_text_shadow_vertical_length=&#8221;button_text_shadow_style,%91object Object%93&#8243; button_text_shadow_blur_strength=&#8221;button_text_shadow_style,%91object Object%93&#8243; z_index_tablet=&#8221;500&#8243; \/][\/et_pb_column][\/et_pb_row][\/et_pb_section]<\/p>\n","protected":false},"excerpt":{"rendered":"<p>Baili\u00fach\u00e1n T\u00e1 baili\u00fach\u00e1n suntasach d\u2019earra\u00ed a bhain leis an mBlascaod M\u00f3r, na hOile\u00e1naigh, an litr\u00edocht a chruthaigh siad agus an saol a chaith siad ar coime\u00e1d in Ionad an Bhlascaoid Mh\u00f3ir. T\u00e1 roinnt acu le feice\u00e1il th\u00edos. M\u00e1s mian leat aon earra sa bhaili\u00fach\u00e1n a scr\u00fad\u00fa, b\u00ed i dteagmh\u00e1il linn le do thoil. Laind\u00e9ar Coinnle [&hellip;]<\/p>\n","protected":false},"author":9,"featured_media":0,"parent":0,"menu_order":0,"comment_status":"closed","ping_status":"closed","template":"","meta":{"_et_pb_use_builder":"on","_et_pb_old_content":"","_et_gb_content_width":"","footnotes":""},"class_list":["post-503","page","type-page","status-publish","hentry"],"_links":{"self":[{"href":"https:\/\/www.blasket.ie\/ga\/wp-json\/wp\/v2\/pages\/503","targetHints":{"allow":["GET"]}}],"collection":[{"href":"https:\/\/www.blasket.ie\/ga\/wp-json\/wp\/v2\/pages"}],"about":[{"href":"https:\/\/www.blasket.ie\/ga\/wp-json\/wp\/v2\/types\/page"}],"author":[{"embeddable":true,"href":"https:\/\/www.blasket.ie\/ga\/wp-json\/wp\/v2\/users\/9"}],"replies":[{"embeddable":true,"href":"https:\/\/www.blasket.ie\/ga\/wp-json\/wp\/v2\/comments?post=503"}],"version-history":[{"count":5,"href":"https:\/\/www.blasket.ie\/ga\/wp-json\/wp\/v2\/pages\/503\/revisions"}],"predecessor-version":[{"id":4281,"href":"https:\/\/www.blasket.ie\/ga\/wp-json\/wp\/v2\/pages\/503\/revisions\/4281"}],"wp:attachment":[{"href":"https:\/\/www.blasket.ie\/ga\/wp-json\/wp\/v2\/media?parent=503"}],"curies":[{"name":"wp","href":"https:\/\/api.w.org\/{rel}","templated":true}]}}