{"id":494,"date":"2014-10-05T21:19:11","date_gmt":"2014-10-05T21:19:11","guid":{"rendered":"http:\/\/glebegallery.ie\/?page_id=494"},"modified":"2016-05-23T11:18:54","modified_gmt":"2016-05-23T11:18:54","slug":"taispeantais","status":"publish","type":"page","link":"https:\/\/www.blasket.ie\/ga\/taispeantais\/","title":{"rendered":"Taispe\u00e1ntais"},"content":{"rendered":"<p>[et_pb_section admin_label=&#8221;section&#8221; fullwidth=&#8221;off&#8221; specialty=&#8221;off&#8221; transparent_background=&#8221;off&#8221; background_color=&#8221;#65a1d7&#8243; inner_shadow=&#8221;off&#8221; parallax=&#8221;off&#8221; parallax_method=&#8221;off&#8221; allow_player_pause=&#8221;off&#8221; padding_mobile=&#8221;off&#8221; make_fullwidth=&#8221;off&#8221; use_custom_width=&#8221;off&#8221; width_unit=&#8221;on&#8221; make_equal=&#8221;off&#8221; use_custom_gutter=&#8221;off&#8221;][et_pb_row admin_label=&#8221;row&#8221;][et_pb_column type=&#8221;4_4&#8243;][et_pb_text admin_label=&#8221;Header Text&#8221; background_layout=&#8221;dark&#8221; text_orientation=&#8221;left&#8221; use_border_color=&#8221;off&#8221; border_color=&#8221;#ffffff&#8221; border_style=&#8221;solid&#8221;]<\/p>\n<h1>Taispe\u00e1ntais<\/h1>\n<p>[\/et_pb_text][\/et_pb_column][\/et_pb_row][\/et_pb_section][et_pb_section admin_label=&#8221;Section&#8221; fullwidth=&#8221;off&#8221; specialty=&#8221;off&#8221; transparent_background=&#8221;off&#8221; allow_player_pause=&#8221;off&#8221; inner_shadow=&#8221;off&#8221; parallax=&#8221;off&#8221; parallax_method=&#8221;off&#8221; padding_mobile=&#8221;off&#8221; make_fullwidth=&#8221;off&#8221; use_custom_width=&#8221;off&#8221; width_unit=&#8221;on&#8221; make_equal=&#8221;off&#8221; use_custom_gutter=&#8221;off&#8221;][et_pb_row admin_label=&#8221;Row&#8221;][et_pb_column type=&#8221;4_4&#8243;][et_pb_text admin_label=&#8221;Scrollaigh sios &#8230; Text&#8221; background_layout=&#8221;light&#8221; text_orientation=&#8221;left&#8221; text_font=&#8221;Droid Serif||||&#8221; text_font_size=&#8221;15&#8243; use_border_color=&#8221;off&#8221; border_color=&#8221;#ffffff&#8221; border_style=&#8221;solid&#8221;]<\/p>\n<p style=\"text-align: center;\">Scrollaigh s\u00edos an leathanach seo chun l\u00e9amh faoi thaispe\u00e1ntais a cuireadh ar bun anseo.<\/p>\n<p>[\/et_pb_text][et_pb_divider admin_label=&#8221;Divider&#8221; color=&#8221;#515151&#8243; show_divider=&#8221;on&#8221; divider_style=&#8221;solid&#8221; divider_position=&#8221;top&#8221; hide_on_mobile=&#8221;off&#8221;] [\/et_pb_divider][\/et_pb_column][\/et_pb_row][et_pb_row admin_label=&#8221;Row&#8221;][et_pb_column type=&#8221;2_3&#8243;][et_pb_text admin_label=&#8221;An Island Portrait Text&#8221; background_layout=&#8221;light&#8221; text_orientation=&#8221;left&#8221; use_border_color=&#8221;off&#8221; border_color=&#8221;#ffffff&#8221; border_style=&#8221;solid&#8221;]<\/p>\n<h4>Fairscin Inise<\/h4>\n<h5>2013<\/h5>\n<p>M\u00e1m as baili\u00fach\u00e1n grianghraf Chartlann Ionaid an Bhlascaoid a bh\u00ed le feice\u00e1il sa taispe\u00e1ntas sealadach seo a tiomsa\u00edodh mar chuid den chom\u00f3radh fiche bliain ar oscailt an Ionaid. Baili\u00fach\u00e1n saini\u00fail agus \u00fadar\u00e1sach de ghrianghraif an Bhlascaoid at\u00e1 i gceist, cuid acu n\u00e1r cuireadh os comhair an phobail go dt\u00ed seo. Is taibhseach an baili\u00fach\u00e1n d\u2019\u00edomh\u00e1nna corraitheacha \u00e9 agus is taifead \u00e9 chomh maith ar phobal at\u00e1 imithe, taobh amuigh den dorn\u00e1n beag a mhaireann f\u00f3s.<\/p>\n<p>\u00cdosl\u00f3d\u00e1il br\u00f3isi\u00far an taispe\u00e1ntais <a href=\"http:\/\/blasket.ie\/wp-content\/uploads\/2016\/04\/An-Island-Portrait-Brochure-1.pdf\" target=\"_blank\">anseo<\/a>.<\/p>\n<p>[\/et_pb_text][\/et_pb_column][et_pb_column type=&#8221;1_3&#8243;][et_pb_image admin_label=&#8221;An Island Portrait Image&#8221; src=&#8221;http:\/\/blasket.ie\/wp-content\/uploads\/2014\/10\/An-Island-Portrait-1.png&#8221; show_in_lightbox=&#8221;on&#8221; url_new_window=&#8221;off&#8221; use_overlay=&#8221;off&#8221; animation=&#8221;off&#8221; sticky=&#8221;off&#8221; align=&#8221;center&#8221; force_fullwidth=&#8221;off&#8221; always_center_on_mobile=&#8221;on&#8221; use_border_color=&#8221;off&#8221; border_color=&#8221;#ffffff&#8221; border_style=&#8221;solid&#8221;] [\/et_pb_image][\/et_pb_column][\/et_pb_row][et_pb_row admin_label=&#8221;Row&#8221;][et_pb_column type=&#8221;4_4&#8243;][et_pb_divider admin_label=&#8221;Divider&#8221; color=&#8221;#515151&#8243; show_divider=&#8221;on&#8221; divider_style=&#8221;solid&#8221; divider_position=&#8221;top&#8221; hide_on_mobile=&#8221;off&#8221;] [\/et_pb_divider][\/et_pb_column][\/et_pb_row][et_pb_row admin_label=&#8221;Row&#8221;][et_pb_column type=&#8221;2_3&#8243;][et_pb_text admin_label=&#8221;Headhunters Text&#8221; background_layout=&#8221;light&#8221; text_orientation=&#8221;left&#8221; use_border_color=&#8221;off&#8221; border_color=&#8221;#ffffff&#8221; border_style=&#8221;solid&#8221;]<\/p>\n<h4>Fiaga\u00ed na gCeann Gaelach: Na hAlbaim Grianghraf le Charles R. Browne<\/h4>\n<h5>3 Bealtaine 2012 \u2013 23 Meitheamh 2012<\/h5>\n<p>Bh\u00ed taispe\u00e1ntas \u2018Fiaga\u00ed na gCeann Gaelach\u2019 ar cheann de na cartlanna f\u00f3tagrafa\u00edochta ba th\u00e1bhachta\u00ed a th\u00e1inig os comhair an tsaoil le blianta fada. Bh\u00ed s\u00e9 bunaithe ar ghrianghraif a bhailigh Charles R. Browne (1867-1931), docht\u00fair agus antraipeola\u00ed \u00f3 Baile \u00c1tha Cliath a rinne suirbh\u00e9anna ar phobail sna b\u00f3la\u00ed ab iarg\u00falta in \u00c9irinn idir 1891 agus 1900. Cuireadh na grianghraif i gcoime\u00e1d i sraith albam, s\u00e9 cinn acu at\u00e1 f\u00f3s sl\u00e1n agus at\u00e1 i dtaisce i Leabharlann Chol\u00e1iste na Tr\u00edon\u00f3ide, Baile \u00c1tha Cliath. Cuireadh iad ar taispe\u00e1int don ch\u00e9ad uair riamh le caoinchead Bhord Chol\u00e1iste na Tr\u00edon\u00f3ide, Baile \u00c1tha Cliath.<\/p>\n<p>Seasann cartlann Browne ar a bhonnaibh f\u00e9in maidir leis an tsl\u00ed a l\u00e9ir\u00edonn s\u00e9 an saol in iarthar na h\u00c9ireann sna 1890da\u00ed. Is \u00e9 an difr\u00edocht at\u00e1 idir iad seo agus grianghraif eile a t\u00f3gadh ag an am c\u00e9anna n\u00e1 an tsl\u00ed ch\u00f3rasach inar dhein Browne a chuid \u00e1bhar a thaifeadadh, iad ar fad mar ph\u00e1irt de na modheola\u00edochta\u00ed antraipeaim\u00e9adracha agus eiteagrafacha a \u00fas\u00e1ideadh sna suirbh\u00e9anna. Ina measc si\u00fad at\u00e1 sna grianghraif t\u00e1 Myles Joyce, m\u00e1istir scoile Inis B\u00f3 Fine, lena in\u00edon (n\u00edor breacadh a hainm); Se\u00e1n \u2018An Common Noun\u2019 \u00d3 D\u00e1laigh agus na leana\u00ed scoile ar fad i mBaile Bhioc\u00e1ire, D\u00fan Chaoin; na grianghraif is luaithe de phobal an Bhlascaoid Mh\u00f3ir; r\u00edthe Inis G\u00e9 Thuaidh agus Inis Airc; Edward O\u2019Malley \u00f3 Oile\u00e1n Chliara; Michael Conneelly \u00f3 \u00c1rann; fir agus mn\u00e1 Charna, Gharumna, Leitir Meall\u00e1in agus Mha\u00ednse; gearrchail\u00ed Oile\u00e1in Chliara; scl\u00e1bhaithe feirme agus t\u00f3g\u00e1laithe b\u00f3thair in Iorras. T\u00e1 ainmni\u00fa na ndaoine ar cheann de na gn\u00e9ithe is sp\u00e9isi\u00fala d&#8217;albaim Browne. N\u00edor ainmn\u00edodh cuid mhaith de na daoine ach bh\u00ed D\u00e1ith\u00ed de M\u00f3rdha in ann Peats Mhic\u00ed \u00d3 Cath\u00e1in, R\u00ed an Bhlascaoid agus \u00e9 ina \u00f3ige, agus An tOile\u00e1nch, Tom\u00e1s \u00d3 Criomhthain, a aithint, mar shampla. Is d\u00f3cha go mbeidh a thuilleadh daoine in ann a gcuid sin-sin-sean-thuismitheoir\u00ed a aithint i rith an taispe\u00e1ntais. T\u00e1thar ag s\u00fail go mbeifear in ann na hainmneacha seo a chur le sonra\u00ed na mbun-ghrianghraf sa leabharlann go buan.<\/p>\n<p>\u00cdosl\u00f3d\u00e1il br\u00f3isi\u00far an taispe\u00e1ntais <a href=\"http:\/\/blasket.ie\/wp-content\/uploads\/2016\/04\/HEADHUNTERS-Brochure6-1.pdf\" target=\"_blank\">anseo<\/a>. L\u00e9igh alt ar an taispe\u00e1ntas \u00f3n Irish Examiner <a href=\"http:\/\/blasket.ie\/wp-content\/uploads\/2016\/04\/Article-Head-hunter-Irish-Examiner-10-5-2012.compressed-1.pdf\" target=\"_blank\">anseo<\/a>.<\/p>\n<p>[\/et_pb_text][\/et_pb_column][et_pb_column type=&#8221;1_3&#8243;][et_pb_image admin_label=&#8221;Headhunters Image&#8221; src=&#8221;http:\/\/blasket.ie\/wp-content\/uploads\/2014\/10\/Headhunters-Image.png-1.jpg&#8221; show_in_lightbox=&#8221;on&#8221; url_new_window=&#8221;off&#8221; use_overlay=&#8221;off&#8221; animation=&#8221;off&#8221; sticky=&#8221;off&#8221; align=&#8221;center&#8221; force_fullwidth=&#8221;off&#8221; always_center_on_mobile=&#8221;on&#8221; use_border_color=&#8221;off&#8221; border_color=&#8221;#ffffff&#8221; border_style=&#8221;solid&#8221;] [\/et_pb_image][\/et_pb_column][\/et_pb_row][\/et_pb_section][et_pb_section admin_label=&#8221;Section&#8221; fullwidth=&#8221;off&#8221; specialty=&#8221;off&#8221; transparent_background=&#8221;on&#8221; allow_player_pause=&#8221;off&#8221; inner_shadow=&#8221;off&#8221; parallax=&#8221;off&#8221; parallax_method=&#8221;off&#8221; padding_mobile=&#8221;off&#8221; make_fullwidth=&#8221;off&#8221; use_custom_width=&#8221;off&#8221; width_unit=&#8221;on&#8221; make_equal=&#8221;off&#8221; use_custom_gutter=&#8221;off&#8221; gutter_width=&#8221;3&#8243;][et_pb_row admin_label=&#8221;Row&#8221;][et_pb_column type=&#8221;4_4&#8243;][et_pb_divider admin_label=&#8221;Divider&#8221; color=&#8221;#515151&#8243; show_divider=&#8221;on&#8221; divider_style=&#8221;solid&#8221; divider_position=&#8221;top&#8221; hide_on_mobile=&#8221;off&#8221;] [\/et_pb_divider][\/et_pb_column][\/et_pb_row][et_pb_row admin_label=&#8221;Row&#8221;][et_pb_column type=&#8221;4_4&#8243;][et_pb_cta admin_label=&#8221;Call To Action&#8221; url_new_window=&#8221;off&#8221; use_background_color=&#8221;off&#8221; background_color=&#8221;#841a05&#8243; background_layout=&#8221;light&#8221; text_orientation=&#8221;center&#8221; header_font=&#8221;Droid Serif||||&#8221; header_font_size=&#8221;17&#8243; use_border_color=&#8221;off&#8221; border_color=&#8221;#ffffff&#8221; border_style=&#8221;solid&#8221; custom_button=&#8221;on&#8221; button_text_size=&#8221;15&#8243; button_border_width=&#8221;1&#8243; button_letter_spacing=&#8221;0&#8243; button_use_icon=&#8221;default&#8221; button_icon_placement=&#8221;right&#8221; button_on_hover=&#8221;on&#8221; button_letter_spacing_hover=&#8221;0&#8243; title=&#8221;B\u2019fh\u00e9idir go mbeadh sp\u00e9is agat m\u00edreanna \u00f3n mbaili\u00fach\u00e1n buan a fheice\u00e1il.&#8221; button_url=&#8221;http:\/\/blasket.ie\/bailiuchan\/&#8221; button_text=&#8221;T\u00e9igh go dt\u00ed an Baili\u00fach\u00e1n&#8221;] [\/et_pb_cta][\/et_pb_column][\/et_pb_row][\/et_pb_section]<\/p>\n","protected":false},"excerpt":{"rendered":"<p>Taispe\u00e1ntais Scrollaigh s\u00edos an leathanach seo chun l\u00e9amh faoi thaispe\u00e1ntais a cuireadh ar bun anseo. Fairscin Inise 2013 M\u00e1m as baili\u00fach\u00e1n grianghraf Chartlann Ionaid an Bhlascaoid a bh\u00ed le feice\u00e1il sa taispe\u00e1ntas sealadach seo a tiomsa\u00edodh mar chuid den chom\u00f3radh fiche bliain ar oscailt an Ionaid. Baili\u00fach\u00e1n saini\u00fail agus \u00fadar\u00e1sach de ghrianghraif an Bhlascaoid at\u00e1 [&hellip;]<\/p>\n","protected":false},"author":9,"featured_media":0,"parent":0,"menu_order":0,"comment_status":"closed","ping_status":"closed","template":"","meta":{"_et_pb_use_builder":"on","_et_pb_old_content":"","_et_gb_content_width":"","footnotes":""},"class_list":["post-494","page","type-page","status-publish","hentry"],"_links":{"self":[{"href":"https:\/\/www.blasket.ie\/ga\/wp-json\/wp\/v2\/pages\/494","targetHints":{"allow":["GET"]}}],"collection":[{"href":"https:\/\/www.blasket.ie\/ga\/wp-json\/wp\/v2\/pages"}],"about":[{"href":"https:\/\/www.blasket.ie\/ga\/wp-json\/wp\/v2\/types\/page"}],"author":[{"embeddable":true,"href":"https:\/\/www.blasket.ie\/ga\/wp-json\/wp\/v2\/users\/9"}],"replies":[{"embeddable":true,"href":"https:\/\/www.blasket.ie\/ga\/wp-json\/wp\/v2\/comments?post=494"}],"version-history":[{"count":5,"href":"https:\/\/www.blasket.ie\/ga\/wp-json\/wp\/v2\/pages\/494\/revisions"}],"predecessor-version":[{"id":4026,"href":"https:\/\/www.blasket.ie\/ga\/wp-json\/wp\/v2\/pages\/494\/revisions\/4026"}],"wp:attachment":[{"href":"https:\/\/www.blasket.ie\/ga\/wp-json\/wp\/v2\/media?parent=494"}],"curies":[{"name":"wp","href":"https:\/\/api.w.org\/{rel}","templated":true}]}}