{"id":444,"date":"2014-09-24T17:13:46","date_gmt":"2014-09-24T17:13:46","guid":{"rendered":"http:\/\/www.parks.juliematkin.com\/?page_id=289"},"modified":"2025-02-11T10:35:30","modified_gmt":"2025-02-11T10:35:30","slug":"home","status":"publish","type":"page","link":"https:\/\/www.blasket.ie\/ga\/","title":{"rendered":"Baile"},"content":{"rendered":"<p>[et_pb_section fb_built=&#8221;1&#8243; custom_padding_last_edited=&#8221;on|desktop&#8221; admin_label=&#8221;section&#8221; _builder_version=&#8221;4.16&#8243; background_color=&#8221;rgba(255,255,255,0)&#8221; background_image=&#8221;http:\/\/blasket.ie\/wp-content\/uploads\/2014\/09\/IMGP0297-copy-2000-1.jpg&#8221; custom_padding_tablet=&#8221;50px|0|50px|0&#8243; custom_padding_phone=&#8221;&#8221; transparent_background=&#8221;on&#8221; padding_mobile=&#8221;off&#8221; make_fullwidth=&#8221;off&#8221; use_custom_width=&#8221;off&#8221; width_unit=&#8221;on&#8221; global_colors_info=&#8221;{}&#8221;][et_pb_row admin_label=&#8221;row&#8221; _builder_version=&#8221;4.16&#8243; background_size=&#8221;initial&#8221; background_position=&#8221;top_left&#8221; background_repeat=&#8221;repeat&#8221; global_colors_info=&#8221;{}&#8221;][et_pb_column type=&#8221;4_4&#8243; _builder_version=&#8221;4.16&#8243; custom_padding=&#8221;|||&#8221; global_colors_info=&#8221;{}&#8221; custom_padding__hover=&#8221;|||&#8221;][et_pb_divider show_divider=&#8221;off&#8221; disabled_on=&#8221;on|on|off&#8221; admin_label=&#8221;Header Image Divider&#8221; _builder_version=&#8221;4.16&#8243; height=&#8221;150px&#8221; hide_on_mobile=&#8221;on&#8221; global_colors_info=&#8221;{}&#8221;]<br \/>\n[\/et_pb_divider][et_pb_divider show_divider=&#8221;off&#8221; admin_label=&#8221;Header Image Divider&#8221; _builder_version=&#8221;4.16&#8243; height=&#8221;150px&#8221; hide_on_mobile=&#8221;off&#8221; global_colors_info=&#8221;{}&#8221;]<br \/>\n[\/et_pb_divider][et_pb_text admin_label=&#8221;Header Text&#8221; _builder_version=&#8221;4.16&#8243; text_font=&#8221;||||||||&#8221; text_text_color=&#8221;#FFFFFF&#8221; text_font_size=&#8221;45&#8243; text_line_height=&#8221;1.3em&#8221; background_enable_color=&#8221;off&#8221; background_size=&#8221;initial&#8221; background_position=&#8221;top_left&#8221; background_repeat=&#8221;repeat&#8221; text_orientation=&#8221;center&#8221; max_width=&#8221;700px&#8221; module_alignment=&#8221;center&#8221; custom_padding=&#8221;10px|||&#8221; use_border_color=&#8221;off&#8221; border_color=&#8221;#ffffff&#8221; border_style=&#8221;solid&#8221; global_colors_info=&#8221;{}&#8221;]<\/p>\n<h3 style=\"text-align: center;\"><img loading=\"lazy\" decoding=\"async\" class=\"alignnone wp-image-4286\" src=\"http:\/\/blasket.ie\/wp-content\/uploads\/2019\/07\/OPW_Mark_Std_White-300x111.png\" alt=\"\" width=\"500\" height=\"185\" srcset=\"https:\/\/www.blasket.ie\/wp-content\/uploads\/2019\/07\/OPW_Mark_Std_White-300x111.png 300w, https:\/\/www.blasket.ie\/wp-content\/uploads\/2019\/07\/OPW_Mark_Std_White-1024x379.png 1024w, https:\/\/www.blasket.ie\/wp-content\/uploads\/2019\/07\/OPW_Mark_Std_White-1080x399.png 1080w\" sizes=\"(max-width: 500px) 100vw, 500px\" \/><\/h3>\n<p style=\"text-align: center;\">Ionad agus Oile\u00e1n an Bhlascaoid Mh\u00f3ir<\/p>\n<p>[\/et_pb_text][et_pb_divider show_divider=&#8221;off&#8221; admin_label=&#8221;Header Image Divider&#8221; _builder_version=&#8221;4.16&#8243; height=&#8221;50px&#8221; hide_on_mobile=&#8221;off&#8221; global_colors_info=&#8221;{}&#8221;]<br \/>\n[\/et_pb_divider][\/et_pb_column][\/et_pb_row][\/et_pb_section][et_pb_section fb_built=&#8221;1&#8243; custom_padding_last_edited=&#8221;on|desktop&#8221; _builder_version=&#8221;4.16&#8243; background_color=&#8221;rgba(255,255,255,0)&#8221; custom_padding_tablet=&#8221;50px|0|50px|0&#8243; custom_padding_phone=&#8221;&#8221; transparent_background=&#8221;on&#8221; padding_mobile=&#8221;off&#8221; make_fullwidth=&#8221;off&#8221; use_custom_width=&#8221;off&#8221; width_unit=&#8221;on&#8221; global_colors_info=&#8221;{}&#8221;][et_pb_row column_structure=&#8221;2_3,1_3&#8243; padding_mobile=&#8221;on&#8221; column_padding_mobile=&#8221;on&#8221; _builder_version=&#8221;4.16&#8243; background_size=&#8221;initial&#8221; background_position=&#8221;top_left&#8221; background_repeat=&#8221;repeat&#8221; custom_padding=&#8221;||0px|&#8221; make_fullwidth=&#8221;off&#8221; use_custom_width=&#8221;off&#8221; width_unit=&#8221;on&#8221; global_colors_info=&#8221;{}&#8221;][et_pb_column type=&#8221;2_3&#8243; _builder_version=&#8221;4.16&#8243; custom_padding=&#8221;|||&#8221; global_colors_info=&#8221;{}&#8221; custom_padding__hover=&#8221;|||&#8221;][et_pb_text admin_label=&#8221;Description Text&#8221; _builder_version=&#8221;4.27.4&#8243; background_size=&#8221;initial&#8221; background_position=&#8221;top_left&#8221; background_repeat=&#8221;repeat&#8221; hover_enabled=&#8221;0&#8243; z_index_tablet=&#8221;500&#8243; use_border_color=&#8221;off&#8221; global_colors_info=&#8221;{}&#8221; sticky_enabled=&#8221;0&#8243;]<\/p>\n<h4><\/h4>\n<hr \/>\n<p>Is ionad oidhreachta agus cult\u00fair\/m\u00fasaem ar leith \u00e9 Ionad an Bhlascaoid Mh\u00f3ir a chom\u00f3rann an pobal eisceacht\u00fail a mhair ar na hoile\u00e1in iarg\u00falta seo go dt\u00ed gur tr\u00e9igeadh an Blascaod M\u00f3r sa deireadh in 1953. Anseo, leathsl\u00ed timpeall Bhealach Cheann Sl\u00e9ibhe, t\u00e1 radharcanna iontacha de ch\u00f3sta fi\u00e1in an Atlantaigh agus d\u2019oile\u00e1in iomr\u00e1iteacha an cheantair le feice\u00e1il ar gach aon taobh.<\/p>\n<p>Ins\u00edtear sc\u00e9al an Oile\u00e1in in Ionad an Bhlascaoid Mh\u00f3ir, idir ch\u00farsa\u00ed iascaireachta agus feirmeoireachta na ngn\u00e1thdhaoine agus na n\u00f3sanna traidisi\u00fanta a leanta\u00ed maidir le hobair, iompar, saol an teaghlaigh, c\u00farsa\u00ed tith\u00edochta agus siamsa\u00edocht. T\u00e1 cur s\u00edos san Ionad ar dhianstreachailt na n-oile\u00e1nach sa phobal sin, cuntas ar a dteanga agus a gcult\u00far, agus an oidhreacht liteartha dhochreidte a d\u2019fh\u00e1g siad ina ndiaidh \u2013 leabhair den scoth ar n\u00f3s <em>An tOile\u00e1nach, Fiche Bliain ag F\u00e1s<\/em> agus <em>Peig<\/em>. R\u00edomhtar a sc\u00e9al ar shlite \u00e9ags\u00fala \u2013 taispe\u00e1ntais, l\u00e9irithe idirghn\u00edomhacha, d\u00e9ant\u00fas\u00e1in, l\u00e9irithe closamhairc agus saothair eala\u00edne. T\u00e1 an Blascaod M\u00f3r f\u00e9in le feice\u00e1il \u00f3n Ionad. T\u00e1 turais threoraithe den bhaile tr\u00e9igthe ar an oile\u00e1n ar f\u00e1il. Is obair i bp\u00e1irt ag Fond\u00faireacht an Bhlascaoid agus ag Rialtas na h\u00c9ireann \u00e9 Ionad an Bhlascaoid Mh\u00f3ir. T\u00e1 Ionad an Bhlascaoid Mh\u00f3ir agus na turais threoraithe den oile\u00e1n faoi sti\u00fair agus faoi bhainist\u00edocht Sheirbh\u00eds\u00ed Oidhreachta Oifig na nOibreacha Poibl\u00ed anois.<\/p>\n<p><a href=\"https:\/\/www.discoverireland.ie\/wild-atlantic-way\" target=\"_blank\" rel=\"noopener noreferrer\"><img loading=\"lazy\" decoding=\"async\" class=\"alignleft wp-image-2940 size-full\" src=\"http:\/\/blasket.ie\/wp-content\/uploads\/2014\/09\/WAWFAlogo-colour-116-px-wide-1.jpg\" alt=\"\" width=\"331\" height=\"116\" srcset=\"https:\/\/www.blasket.ie\/wp-content\/uploads\/2014\/09\/WAWFAlogo-colour-116-px-wide-1.jpg 331w, https:\/\/www.blasket.ie\/wp-content\/uploads\/2014\/09\/WAWFAlogo-colour-116-px-wide-1-300x105.jpg 300w\" sizes=\"(max-width: 331px) 100vw, 331px\" \/><\/a><\/p>\n<p>[\/et_pb_text][\/et_pb_column][et_pb_column type=&#8221;1_3&#8243; _builder_version=&#8221;4.16&#8243; custom_padding=&#8221;|||&#8221; global_colors_info=&#8221;{}&#8221; custom_padding__hover=&#8221;|||&#8221;][et_pb_image src=&#8221;http:\/\/blasket.ie\/wp-content\/uploads\/2016\/03\/63-Neili-Ni-Dhalaigh-Ui-Chearnaigh-with-her-daughter-Mairin-1929-1.jpg&#8221; alt=&#8221;Neil\u00ed (N\u00ed Dh\u00e1laigh) U\u00ed Chearnaigh lena hin\u00edon M\u00e1ir\u00edn, 1929.&#8221; title_text=&#8221;Neil\u00ed (N\u00ed Dh\u00e1laigh) U\u00ed Chearnaigh lena hin\u00edon M\u00e1ir\u00edn, 1929.&#8221; show_in_lightbox=&#8221;on&#8221; align=&#8221;center&#8221; align_tablet=&#8221;center&#8221; align_phone=&#8221;&#8221; align_last_edited=&#8221;on|desktop&#8221; admin_label=&#8221;Neili Image&#8221; _builder_version=&#8221;4.16&#8243; use_border_color=&#8221;off&#8221; border_color=&#8221;#ffffff&#8221; border_style=&#8221;solid&#8221; animation=&#8221;off&#8221; sticky=&#8221;off&#8221; always_center_on_mobile=&#8221;on&#8221; global_colors_info=&#8221;{}&#8221;]<br \/>\n[\/et_pb_image][\/et_pb_column][\/et_pb_row][\/et_pb_section][et_pb_section fb_built=&#8221;1&#8243; admin_label=&#8221;section&#8221; _builder_version=&#8221;4.16&#8243; background_color=&#8221;rgba(255,255,255,0)&#8221; transparent_background=&#8221;on&#8221; global_colors_info=&#8221;{}&#8221;][et_pb_row _builder_version=&#8221;4.16&#8243; background_size=&#8221;initial&#8221; background_position=&#8221;top_left&#8221; background_repeat=&#8221;repeat&#8221; global_colors_info=&#8221;{}&#8221;][et_pb_column type=&#8221;4_4&#8243; _builder_version=&#8221;4.16&#8243; custom_padding=&#8221;|||&#8221; global_colors_info=&#8221;{}&#8221; custom_padding__hover=&#8221;|||&#8221;][et_pb_divider color=&#8221;#565656&#8243; disabled_on=&#8221;on|on|off&#8221; _builder_version=&#8221;4.16&#8243; hide_on_mobile=&#8221;on&#8221; global_colors_info=&#8221;{}&#8221;]<br \/>\n[\/et_pb_divider][\/et_pb_column][\/et_pb_row][\/et_pb_section][et_pb_section fb_built=&#8221;1&#8243; custom_padding_last_edited=&#8221;on|desktop&#8221; admin_label=&#8221;section&#8221; _builder_version=&#8221;4.16&#8243; background_color=&#8221;rgba(255,255,255,0)&#8221; custom_padding_tablet=&#8221;50px|0|50px|0&#8243; custom_padding_phone=&#8221;&#8221; transparent_background=&#8221;on&#8221; padding_mobile=&#8221;off&#8221; make_fullwidth=&#8221;off&#8221; use_custom_width=&#8221;off&#8221; width_unit=&#8221;on&#8221; global_colors_info=&#8221;{}&#8221;][et_pb_row column_structure=&#8221;1_4,1_4,1_4,1_4&#8243; admin_label=&#8221;row&#8221; _builder_version=&#8221;4.16&#8243; background_size=&#8221;initial&#8221; background_position=&#8221;top_left&#8221; background_repeat=&#8221;repeat&#8221; global_colors_info=&#8221;{}&#8221;][et_pb_column type=&#8221;1_4&#8243; _builder_version=&#8221;4.16&#8243; custom_padding=&#8221;|||&#8221; global_colors_info=&#8221;{}&#8221; custom_padding__hover=&#8221;|||&#8221;][et_pb_blurb title=&#8221;Plean\u00e1il Cuairt&#8221; url=&#8221;http:\/\/blasket.ie\/pleanail-cuairt\/&#8221; use_icon=&#8221;on&#8221; font_icon=&#8221;&#xe01d;||divi||400&#8243; icon_color=&#8221;#5e752f&#8221; image_icon_background_color=&#8221;#ffffff&#8221; image_icon_width=&#8221;48px&#8221; admin_label=&#8221;Plan a Visit Blurb&#8221; _builder_version=&#8221;4.16&#8243; background_size=&#8221;initial&#8221; background_position=&#8221;top_left&#8221; background_repeat=&#8221;repeat&#8221; image_icon_custom_padding=&#8221;25px|25px|25px|25px|false|false&#8221; text_orientation=&#8221;center&#8221; animation=&#8221;off&#8221; border_radii_image=&#8221;on|100%|100%|100%|100%&#8221; use_border_color=&#8221;off&#8221; border_color=&#8221;#ffffff&#8221; border_style=&#8221;solid&#8221; use_circle=&#8221;on&#8221; circle_color=&#8221;#ffffff&#8221; global_colors_info=&#8221;{}&#8221; image_icon_background_color__sticky_enabled=&#8221;#000000&#8243; image_icon_background_color__sticky=&#8221;#000000&#8243;]<\/p>\n<p>\nUaireanta oscailte, su\u00edomh, c\u00farsa\u00ed iompair agus f\u00f3gra\u00ed t\u00e1bhachtacha maidir le sl\u00e1inte agus s\u00e1bh\u00e1ilteacht ar an Oile\u00e1n.<\/p>\n<p>[\/et_pb_blurb][\/et_pb_column][et_pb_column type=&#8221;1_4&#8243; _builder_version=&#8221;4.16&#8243; custom_padding=&#8221;|||&#8221; global_colors_info=&#8221;{}&#8221; custom_padding__hover=&#8221;|||&#8221;][et_pb_blurb title=&#8221;Turas ar L\u00edne&#8221; url=&#8221;http:\/\/blasket.ie\/turas-ar-line\/&#8221; use_icon=&#8221;on&#8221; font_icon=&#8221;&#xe612;||divi||400&#8243; icon_color=&#8221;#5e752f&#8221; image_icon_background_color=&#8221;#ffffff&#8221; image_icon_width=&#8221;48px&#8221; admin_label=&#8221;Online Tour Blurb&#8221; _builder_version=&#8221;4.16&#8243; background_size=&#8221;initial&#8221; background_position=&#8221;top_left&#8221; background_repeat=&#8221;repeat&#8221; image_icon_custom_padding=&#8221;25px|25px|25px|25px|false|false&#8221; text_orientation=&#8221;center&#8221; animation=&#8221;off&#8221; border_radii_image=&#8221;on|100%|100%|100%|100%&#8221; use_border_color=&#8221;off&#8221; border_color=&#8221;#ffffff&#8221; border_style=&#8221;solid&#8221; use_circle=&#8221;on&#8221; circle_color=&#8221;#ffffff&#8221; global_colors_info=&#8221;{}&#8221; image_icon_background_color__sticky_enabled=&#8221;#000000&#8243; image_icon_background_color__sticky=&#8221;#000000&#8243;]<\/p>\n<p>\nT\u00e9igh ar thuras \u00f3 do sheomra su\u00ed f\u00e9in!<\/p>\n<p>[\/et_pb_blurb][\/et_pb_column][et_pb_column type=&#8221;1_4&#8243; _builder_version=&#8221;4.16&#8243; custom_padding=&#8221;|||&#8221; global_colors_info=&#8221;{}&#8221; custom_padding__hover=&#8221;|||&#8221;][et_pb_blurb title=&#8221;Baili\u00fach\u00e1n&#8221; url=&#8221;http:\/\/blasket.ie\/bailiuchan\/&#8221; use_icon=&#8221;on&#8221; font_icon=&#8221;&#xe018;||divi||400&#8243; icon_color=&#8221;#5e752f&#8221; image_icon_background_color=&#8221;#ffffff&#8221; image_icon_width=&#8221;48px&#8221; admin_label=&#8221;Collection Blurb&#8221; _builder_version=&#8221;4.16&#8243; background_size=&#8221;initial&#8221; background_position=&#8221;top_left&#8221; background_repeat=&#8221;repeat&#8221; image_icon_custom_padding=&#8221;25px|25px|25px|25px|false|false&#8221; text_orientation=&#8221;center&#8221; animation=&#8221;off&#8221; border_radii_image=&#8221;on|100%|100%|100%|100%&#8221; use_border_color=&#8221;off&#8221; border_color=&#8221;#ffffff&#8221; border_style=&#8221;solid&#8221; use_circle=&#8221;on&#8221; circle_color=&#8221;#ffffff&#8221; global_colors_info=&#8221;{}&#8221; image_icon_background_color__sticky_enabled=&#8221;#000000&#8243; image_icon_background_color__sticky=&#8221;#000000&#8243;]<\/p>\n<p>\nBuaicphoint\u00ed an bhuanbhaili\u00fach\u00e1in.<\/p>\n<p>[\/et_pb_blurb][\/et_pb_column][et_pb_column type=&#8221;1_4&#8243; _builder_version=&#8221;4.16&#8243; custom_padding=&#8221;|||&#8221; global_colors_info=&#8221;{}&#8221; custom_padding__hover=&#8221;|||&#8221;][et_pb_blurb title=&#8221;Oideachas&#8221; url=&#8221;http:\/\/blasket.ie\/oideachas\/&#8221; use_icon=&#8221;on&#8221; font_icon=&#8221;&#xe007;||divi||400&#8243; icon_color=&#8221;#5e752f&#8221; image_icon_background_color=&#8221;#ffffff&#8221; image_icon_width=&#8221;48px&#8221; admin_label=&#8221;Education Blurb&#8221; _builder_version=&#8221;4.16&#8243; background_size=&#8221;initial&#8221; background_position=&#8221;top_left&#8221; background_repeat=&#8221;repeat&#8221; image_icon_custom_padding=&#8221;25px|25px|25px|25px|false|false&#8221; text_orientation=&#8221;center&#8221; animation=&#8221;off&#8221; border_radii_image=&#8221;on|100%|100%|100%|100%&#8221; use_border_color=&#8221;off&#8221; border_color=&#8221;#ffffff&#8221; border_style=&#8221;solid&#8221; use_circle=&#8221;on&#8221; circle_color=&#8221;#ffffff&#8221; global_colors_info=&#8221;{}&#8221; image_icon_background_color__sticky_enabled=&#8221;#000000&#8243; image_icon_background_color__sticky=&#8221;#000000&#8243;]<\/p>\n<p>\nEolas do mh\u00fainteoir\u00ed agus do scol\u00e1ir\u00ed.<\/p>\n<p>[\/et_pb_blurb][\/et_pb_column][\/et_pb_row][\/et_pb_section][et_pb_section fb_built=&#8221;1&#8243; _builder_version=&#8221;4.16&#8243; global_colors_info=&#8221;{}&#8221;][et_pb_row column_structure=&#8221;1_3,1_3,1_3&#8243; use_custom_gutter=&#8221;on&#8221; gutter_width=&#8221;1&#8243; padding_mobile=&#8221;off&#8221; column_padding_mobile=&#8221;on&#8221; module_class=&#8221; et_pb_row_fullwidth et_pb_row_fullwidth&#8221; _builder_version=&#8221;4.16&#8243; background_size=&#8221;initial&#8221; background_position=&#8221;top_left&#8221; background_repeat=&#8221;repeat&#8221; width=&#8221;100%&#8221; width_tablet=&#8221;100%&#8221; width_phone=&#8221;&#8221; width_last_edited=&#8221;on|desktop&#8221; max_width=&#8221;100%&#8221; max_width_tablet=&#8221;100%&#8221; max_width_phone=&#8221;&#8221; max_width_last_edited=&#8221;on|desktop&#8221; custom_padding=&#8221;0px|0px&#8221; make_fullwidth=&#8221;on&#8221; use_custom_width=&#8221;off&#8221; width_unit=&#8221;on&#8221; global_colors_info=&#8221;{}&#8221;][et_pb_column type=&#8221;1_3&#8243; _builder_version=&#8221;4.16&#8243; custom_padding=&#8221;|||&#8221; global_colors_info=&#8221;{}&#8221; custom_padding__hover=&#8221;|||&#8221;][et_pb_image src=&#8221;http:\/\/blasket.ie\/wp-content\/uploads\/2014\/09\/Blasket_7606-1.jpg&#8221; url=&#8221;http:\/\/blasket.ie\/gailearai\/&#8221; align=&#8221;center&#8221; align_tablet=&#8221;center&#8221; align_phone=&#8221;&#8221; align_last_edited=&#8221;on|desktop&#8221; admin_label=&#8221;Hallway Image&#8221; _builder_version=&#8221;4.16&#8243; use_border_color=&#8221;off&#8221; border_color=&#8221;#ffffff&#8221; border_style=&#8221;solid&#8221; animation=&#8221;off&#8221; sticky=&#8221;off&#8221; always_center_on_mobile=&#8221;on&#8221; global_colors_info=&#8221;{}&#8221;]<br \/>\n[\/et_pb_image][\/et_pb_column][et_pb_column type=&#8221;1_3&#8243; _builder_version=&#8221;4.16&#8243; custom_padding=&#8221;|||&#8221; global_colors_info=&#8221;{}&#8221; custom_padding__hover=&#8221;|||&#8221;][et_pb_image src=&#8221;http:\/\/blasket.ie\/wp-content\/uploads\/2014\/09\/Blasket_7536-1.jpg&#8221; url=&#8221;http:\/\/blasket.ie\/bailiuchan\/&#8221; align=&#8221;center&#8221; align_tablet=&#8221;center&#8221; align_phone=&#8221;&#8221; align_last_edited=&#8221;on|desktop&#8221; admin_label=&#8221;Exhibitions Image&#8221; _builder_version=&#8221;4.16&#8243; use_border_color=&#8221;off&#8221; border_color=&#8221;#ffffff&#8221; border_style=&#8221;solid&#8221; animation=&#8221;off&#8221; sticky=&#8221;off&#8221; always_center_on_mobile=&#8221;on&#8221; global_colors_info=&#8221;{}&#8221;]<br \/>\n[\/et_pb_image][\/et_pb_column][et_pb_column type=&#8221;1_3&#8243; _builder_version=&#8221;4.16&#8243; custom_padding=&#8221;|||&#8221; global_colors_info=&#8221;{}&#8221; custom_padding__hover=&#8221;|||&#8221;][et_pb_image src=&#8221;http:\/\/blasket.ie\/wp-content\/uploads\/2014\/09\/80-Scoil-1933-1.jpg&#8221; url=&#8221;http:\/\/blasket.ie\/an-baile\/&#8221; align=&#8221;center&#8221; align_tablet=&#8221;center&#8221; align_phone=&#8221;&#8221; align_last_edited=&#8221;on|desktop&#8221; admin_label=&#8221;School Crowd Image&#8221; _builder_version=&#8221;4.16&#8243; use_border_color=&#8221;off&#8221; border_color=&#8221;#ffffff&#8221; border_style=&#8221;solid&#8221; animation=&#8221;off&#8221; sticky=&#8221;off&#8221; always_center_on_mobile=&#8221;on&#8221; global_colors_info=&#8221;{}&#8221;]<br \/>\n[\/et_pb_image][\/et_pb_column][\/et_pb_row][\/et_pb_section][et_pb_section fb_built=&#8221;1&#8243; custom_padding_last_edited=&#8221;on|desktop&#8221; admin_label=&#8221;section&#8221; _builder_version=&#8221;4.16&#8243; background_color=&#8221;rgba(255,255,255,0)&#8221; custom_padding_tablet=&#8221;50px|0|50px|0&#8243; custom_padding_phone=&#8221;&#8221; transparent_background=&#8221;on&#8221; padding_mobile=&#8221;off&#8221; make_fullwidth=&#8221;off&#8221; use_custom_width=&#8221;off&#8221; width_unit=&#8221;on&#8221; global_colors_info=&#8221;{}&#8221;][et_pb_row column_structure=&#8221;1_2,1_2&#8243; admin_label=&#8221;row&#8221; _builder_version=&#8221;4.16&#8243; background_size=&#8221;initial&#8221; background_position=&#8221;top_left&#8221; background_repeat=&#8221;repeat&#8221; global_colors_info=&#8221;{}&#8221;][et_pb_column type=&#8221;1_2&#8243; _builder_version=&#8221;4.16&#8243; custom_padding=&#8221;|||&#8221; global_colors_info=&#8221;{}&#8221; custom_padding__hover=&#8221;|||&#8221;][et_pb_blurb use_icon=&#8221;on&#8221; font_icon=&#8221;&#xe006;||divi||400&#8243; icon_color=&#8221;#5e752f&#8221; icon_placement=&#8221;left&#8221; admin_label=&#8221;Images Blurb&#8221; _builder_version=&#8221;4.16&#8243; background_size=&#8221;initial&#8221; background_position=&#8221;top_left&#8221; background_repeat=&#8221;repeat&#8221; text_orientation=&#8221;center&#8221; use_border_color=&#8221;off&#8221; border_color=&#8221;#ffffff&#8221; border_style=&#8221;solid&#8221; global_colors_info=&#8221;{}&#8221;]<\/p>\n<p>\nT\u00e1 foscr\u00edbhinn\u00ed ioml\u00e1na agus eolas a bhaineann le c\u00f3ipcheart do na h\u00edomh\u00e1nna ar fad le f\u00e1il sna Gailearaithe. M\u00e1s mian leat \u00fas\u00e1id a bhaint as aon cheann de na h\u00edomh\u00e1nna ar an su\u00edomh gr\u00e9as\u00e1in seo, t\u00e9igh i dteagmh\u00e1il linn le do thoil.<\/p>\n<p>[\/et_pb_blurb][\/et_pb_column][et_pb_column type=&#8221;1_2&#8243; _builder_version=&#8221;4.16&#8243; custom_padding=&#8221;|||&#8221; global_colors_info=&#8221;{}&#8221; custom_padding__hover=&#8221;|||&#8221;][et_pb_blurb use_icon=&#8221;on&#8221; font_icon=&#8221;&#xe02c;||divi||400&#8243; icon_color=&#8221;#5e752f&#8221; icon_placement=&#8221;left&#8221; admin_label=&#8221;Links Blurb&#8221; _builder_version=&#8221;4.16&#8243; background_size=&#8221;initial&#8221; background_position=&#8221;top_left&#8221; background_repeat=&#8221;repeat&#8221; text_orientation=&#8221;center&#8221; animation=&#8221;left&#8221; use_border_color=&#8221;off&#8221; border_color=&#8221;#ffffff&#8221; border_style=&#8221;solid&#8221; global_colors_info=&#8221;{}&#8221;]<\/p>\n<p>\nAon naisc ar an su\u00edomh gr\u00e9as\u00e1in seo chuig \u00e1bhar seachtrach, t\u00e1 siad ann chun cr\u00edocha tagartha agus n\u00ed chuireann siad in i\u00fal go n-aonta\u00edmid lena bhfuil iontu.<\/p>\n<p>[\/et_pb_blurb][\/et_pb_column][\/et_pb_row][\/et_pb_section]<\/p>\n","protected":false},"excerpt":{"rendered":"<p>Ionad agus Oile\u00e1n an Bhlascaoid Mh\u00f3ir Is ionad oidhreachta agus cult\u00fair\/m\u00fasaem ar leith \u00e9 Ionad an Bhlascaoid Mh\u00f3ir a chom\u00f3rann an pobal eisceacht\u00fail a mhair ar na hoile\u00e1in iarg\u00falta seo go dt\u00ed gur tr\u00e9igeadh an Blascaod M\u00f3r sa deireadh in 1953. Anseo, leathsl\u00ed timpeall Bhealach Cheann Sl\u00e9ibhe, t\u00e1 radharcanna iontacha de ch\u00f3sta fi\u00e1in an Atlantaigh [&hellip;]<\/p>\n","protected":false},"author":9,"featured_media":0,"parent":0,"menu_order":0,"comment_status":"closed","ping_status":"closed","template":"","meta":{"_et_pb_use_builder":"on","_et_pb_old_content":"","_et_gb_content_width":"","footnotes":""},"class_list":["post-444","page","type-page","status-publish","hentry"],"_links":{"self":[{"href":"https:\/\/www.blasket.ie\/ga\/wp-json\/wp\/v2\/pages\/444","targetHints":{"allow":["GET"]}}],"collection":[{"href":"https:\/\/www.blasket.ie\/ga\/wp-json\/wp\/v2\/pages"}],"about":[{"href":"https:\/\/www.blasket.ie\/ga\/wp-json\/wp\/v2\/types\/page"}],"author":[{"embeddable":true,"href":"https:\/\/www.blasket.ie\/ga\/wp-json\/wp\/v2\/users\/9"}],"replies":[{"embeddable":true,"href":"https:\/\/www.blasket.ie\/ga\/wp-json\/wp\/v2\/comments?post=444"}],"version-history":[{"count":5,"href":"https:\/\/www.blasket.ie\/ga\/wp-json\/wp\/v2\/pages\/444\/revisions"}],"predecessor-version":[{"id":4605,"href":"https:\/\/www.blasket.ie\/ga\/wp-json\/wp\/v2\/pages\/444\/revisions\/4605"}],"wp:attachment":[{"href":"https:\/\/www.blasket.ie\/ga\/wp-json\/wp\/v2\/media?parent=444"}],"curies":[{"name":"wp","href":"https:\/\/api.w.org\/{rel}","templated":true}]}}