{"id":3231,"date":"2016-04-11T11:03:20","date_gmt":"2016-04-11T11:03:20","guid":{"rendered":"http:\/\/blasket.hazelheritage.com\/wordpress\/?page_id=3231"},"modified":"2016-04-29T18:00:52","modified_gmt":"2016-04-29T18:00:52","slug":"imeachtai","status":"publish","type":"page","link":"https:\/\/www.blasket.ie\/ga\/imeachtai\/","title":{"rendered":"Imeachta\u00ed"},"content":{"rendered":"<p>[et_pb_section admin_label=&#8221;section&#8221; fullwidth=&#8221;off&#8221; specialty=&#8221;off&#8221; transparent_background=&#8221;off&#8221; background_color=&#8221;#65a1d7&#8243; inner_shadow=&#8221;off&#8221; parallax=&#8221;off&#8221; parallax_method=&#8221;off&#8221; allow_player_pause=&#8221;off&#8221; padding_mobile=&#8221;off&#8221; make_fullwidth=&#8221;off&#8221; use_custom_width=&#8221;off&#8221; width_unit=&#8221;on&#8221; make_equal=&#8221;off&#8221; use_custom_gutter=&#8221;off&#8221;][et_pb_row admin_label=&#8221;row&#8221;][et_pb_column type=&#8221;4_4&#8243;][et_pb_text admin_label=&#8221;Header Text&#8221; background_layout=&#8221;dark&#8221; text_orientation=&#8221;left&#8221; use_border_color=&#8221;off&#8221; border_color=&#8221;#ffffff&#8221; border_style=&#8221;solid&#8221;]<\/p>\n<h1>Imeachta\u00ed<\/h1>\n<p>[\/et_pb_text][\/et_pb_column][\/et_pb_row][\/et_pb_section][et_pb_section admin_label=&#8221;Section&#8221; fullwidth=&#8221;off&#8221; specialty=&#8221;off&#8221;][et_pb_row admin_label=&#8221;Row&#8221;][et_pb_column type=&#8221;4_4&#8243;][et_pb_text admin_label=&#8221;Usaid an feilire thios&#8230; Text&#8221; background_layout=&#8221;light&#8221; text_orientation=&#8221;center&#8221; use_border_color=&#8221;off&#8221; border_color=&#8221;#ffffff&#8221; border_style=&#8221;solid&#8221;]<\/p>\n<h4>\u00das\u00e1id an f\u00e9ilire th\u00edos, le do thoil, chun na himeachta\u00ed a bheidh ar si\u00fal in Ionad an Bhlascaoid Mh\u00f3ir a fheice\u00e1il.<\/h4>\n<p>Clice\u00e1il ar ainm an imeachta chun teacht ar chur s\u00edos, l\u00e9arsc\u00e1il agus sonra\u00ed breise. M\u00e1 t\u00e1 ceist ar bith agat, b\u00ed <a href=\"http:\/\/blasket.ie\/teagmhail\/\">i dteagmh\u00e1il linn<\/a> le do thoil.<\/p>\n<p>[\/et_pb_text][et_pb_text admin_label=&#8221;Calendar Code Text&#8221; background_layout=&#8221;light&#8221; text_orientation=&#8221;left&#8221; use_border_color=&#8221;off&#8221; border_color=&#8221;#ffffff&#8221; border_style=&#8221;solid&#8221;]<\/p>\n<p>[ai1ec view=&#8221;monthly&#8221;]<\/p>\n<p>[\/et_pb_text][\/et_pb_column][\/et_pb_row][\/et_pb_section]<\/p>\n","protected":false},"excerpt":{"rendered":"<p>Imeachta\u00ed \u00das\u00e1id an f\u00e9ilire th\u00edos, le do thoil, chun na himeachta\u00ed a bheidh ar si\u00fal in Ionad an Bhlascaoid Mh\u00f3ir a fheice\u00e1il. Clice\u00e1il ar ainm an imeachta chun teacht ar chur s\u00edos, l\u00e9arsc\u00e1il agus sonra\u00ed breise. M\u00e1 t\u00e1 ceist ar bith agat, b\u00ed i dteagmh\u00e1il linn le do thoil. [ai1ec view=&#8221;monthly&#8221;]<\/p>\n","protected":false},"author":9,"featured_media":0,"parent":0,"menu_order":0,"comment_status":"closed","ping_status":"closed","template":"","meta":{"_et_pb_use_builder":"on","_et_pb_old_content":"","_et_gb_content_width":"","footnotes":""},"class_list":["post-3231","page","type-page","status-publish","hentry"],"_links":{"self":[{"href":"https:\/\/www.blasket.ie\/ga\/wp-json\/wp\/v2\/pages\/3231","targetHints":{"allow":["GET"]}}],"collection":[{"href":"https:\/\/www.blasket.ie\/ga\/wp-json\/wp\/v2\/pages"}],"about":[{"href":"https:\/\/www.blasket.ie\/ga\/wp-json\/wp\/v2\/types\/page"}],"author":[{"embeddable":true,"href":"https:\/\/www.blasket.ie\/ga\/wp-json\/wp\/v2\/users\/9"}],"replies":[{"embeddable":true,"href":"https:\/\/www.blasket.ie\/ga\/wp-json\/wp\/v2\/comments?post=3231"}],"version-history":[{"count":5,"href":"https:\/\/www.blasket.ie\/ga\/wp-json\/wp\/v2\/pages\/3231\/revisions"}],"predecessor-version":[{"id":3970,"href":"https:\/\/www.blasket.ie\/ga\/wp-json\/wp\/v2\/pages\/3231\/revisions\/3970"}],"wp:attachment":[{"href":"https:\/\/www.blasket.ie\/ga\/wp-json\/wp\/v2\/media?parent=3231"}],"curies":[{"name":"wp","href":"https:\/\/api.w.org\/{rel}","templated":true}]}}