{"id":3137,"date":"2016-04-10T21:59:56","date_gmt":"2016-04-10T21:59:56","guid":{"rendered":"http:\/\/blasket.hazelheritage.com\/wordpress\/?page_id=3137"},"modified":"2016-04-29T18:07:40","modified_gmt":"2016-04-29T18:07:40","slug":"saol-na-talun","status":"publish","type":"page","link":"https:\/\/www.blasket.ie\/ga\/saol-na-talun\/","title":{"rendered":"Saol na Tal\u00fan"},"content":{"rendered":"<p>[et_pb_section admin_label=&#8221;section&#8221; fullwidth=&#8221;off&#8221; specialty=&#8221;off&#8221; transparent_background=&#8221;off&#8221; background_color=&#8221;#65a1d7&#8243; inner_shadow=&#8221;off&#8221; parallax=&#8221;off&#8221; parallax_method=&#8221;off&#8221; allow_player_pause=&#8221;off&#8221; padding_mobile=&#8221;off&#8221; make_fullwidth=&#8221;off&#8221; use_custom_width=&#8221;off&#8221; width_unit=&#8221;on&#8221; make_equal=&#8221;off&#8221; use_custom_gutter=&#8221;off&#8221;][et_pb_row admin_label=&#8221;row&#8221;][et_pb_column type=&#8221;4_4&#8243;][et_pb_text admin_label=&#8221;Life on the Land Header Text&#8221; background_layout=&#8221;dark&#8221; text_orientation=&#8221;left&#8221; use_border_color=&#8221;off&#8221; border_color=&#8221;#ffffff&#8221; border_style=&#8221;solid&#8221;]<\/p>\n<h1>Saol na Tal\u00fan<\/h1>\n<p>[\/et_pb_text][\/et_pb_column][\/et_pb_row][\/et_pb_section][et_pb_section admin_label=&#8221;Section&#8221; fullwidth=&#8221;off&#8221; specialty=&#8221;off&#8221;][et_pb_row admin_label=&#8221;Row&#8221;][et_pb_column type=&#8221;4_4&#8243;][et_pb_text admin_label=&#8221;Le tamall maith&#8230; Text&#8221; background_layout=&#8221;light&#8221; text_orientation=&#8221;left&#8221; use_border_color=&#8221;off&#8221; border_color=&#8221;#ffffff&#8221; border_style=&#8221;solid&#8221;]<\/p>\n<p>Le tamall maith de bhlianta gn\u00e9 an-th\u00e1bhachtach i saol na nOile\u00e1nach ba ea bainne agus gach a mbaineann leis. \u00d3 l\u00e1 go l\u00e1 agus \u00f3 sh\u00e9as\u00far go s\u00e9as\u00far tugta\u00ed cuid mhaith ama ag tabhairt aire do bha agus do stoc. T\u00e9it\u00ed ar buaille le stoc go dt\u00ed tailte f\u00e9araigh n\u00edos uachtara\u00ed \u00f3 thosach na Bealtaine go dt\u00ed deireadh an fh\u00f3mhair, agus is iad na mn\u00e1 \u00f3ga is m\u00f3 a dheineadh an c\u00faram t\u00e1bhachtach s\u00e9as\u00farach seo. Coime\u00e1dta\u00ed an talamh a bh\u00ed i gc\u00f3ngar an bhaile chun curad\u00f3ireachta. Nuair a leagadh n\u00edos m\u00f3 b\u00e9ime ar iascaireacht agus ar chaoire do thit l\u00edon an stoic go m\u00f3r. Do bh\u00ed an chaora chomh t\u00e1bhachtach sin d\u00f3ibh go mb\u00edodh &#8216;caora le bearradh, caora le n-ithe agus an tr\u00ed\u00fa caora le d\u00edol&#8217; acu.<\/p>\n<p>Timpeall an t\u00ed a bh\u00edodh na h\u00e9anlaithe cl\u00f3is acu, agus mhara\u00edd\u00eds agus d&#8217;ithid\u00eds coin\u00edn\u00ed agus \u00e9anlaithe \u00e1irithe. Pr\u00e1ta\u00ed agus coirce is m\u00f3 a chuirid\u00eds. Th\u00e1nadar isteach leis ar chab\u00e1iste, tornapa\u00ed agus cair\u00e9ada\u00ed diaidh ar ndiaidh \u00f3 l\u00e1r an ch\u00e9id seo caite.<\/p>\n<p>[\/et_pb_text][\/et_pb_column][\/et_pb_row][et_pb_row admin_label=&#8221;Row&#8221;][et_pb_column type=&#8221;4_4&#8243;][et_pb_image admin_label=&#8221;Sean with Lamb Image&#8221; src=&#8221;http:\/\/blasket.ie\/wp-content\/uploads\/2016\/03\/87-Sean-O-Criomhthain-feeding-milk-to-an-orphaned-lamb-1.jpg&#8221; alt=&#8221;Bainne \u00e1 thabhairt ag Se\u00e1n \u00d3 Criomhthain do pheata uain.&#8221; title_text=&#8221;Bainne \u00e1 thabhairt ag Se\u00e1n \u00d3 Criomhthain do pheata uain.&#8221; show_in_lightbox=&#8221;on&#8221; url_new_window=&#8221;off&#8221; use_overlay=&#8221;off&#8221; animation=&#8221;off&#8221; sticky=&#8221;off&#8221; align=&#8221;center&#8221; force_fullwidth=&#8221;off&#8221; always_center_on_mobile=&#8221;on&#8221; use_border_color=&#8221;off&#8221; border_color=&#8221;#ffffff&#8221; border_style=&#8221;solid&#8221;] [\/et_pb_image][\/et_pb_column][\/et_pb_row][et_pb_row admin_label=&#8221;Row&#8221;][et_pb_column type=&#8221;1_2&#8243;][et_pb_text admin_label=&#8221;Ta bothar a bhi&#8230; Text&#8221; background_layout=&#8221;light&#8221; text_orientation=&#8221;left&#8221; use_border_color=&#8221;off&#8221; border_color=&#8221;#ffffff&#8221; border_style=&#8221;solid&#8221;]<\/p>\n<p>T\u00e1 b\u00f3thar a bh\u00ed t\u00f3gtha go maith ag dul siar timpeall leis an dtr\u00ed\u00fa cuid den sl\u00ed go dt\u00ed an gCeann Dubh, an chuid is faide siar den Oile\u00e1n. T\u00e1 s\u00e9 ann \u00f3 1810 n\u00f3 mar nuair a t\u00f3gadh an t\u00far faire ar an Oile\u00e1n. Talamh garbh is ea formh\u00f3r den m\u00edle acra tal\u00fan at\u00e1 ar an mBlascaod.<\/p>\n<p>Bh\u00edodh \u201ccraobh\u201d n\u00f3 fraoch acu mar \u00e1bhar tine nuair a bh\u00edodh m\u00f3in gann. Thugadh na mn\u00e1 agus na leana\u00ed cuid mhaith ama ag baint chraoibhe ar thaobh an chnoic, go h\u00e1irithe san earrach agus sa tsamhradh. Mara\u00edodh Tom\u00e1s, mac Pheig Sayers, nuair a chuaigh s\u00e9 le haill agus \u00e9 ag tarraingt chraoibhe in aice le ceann de aillteacha arda an Oile\u00e1in.<\/p>\n<p>[\/et_pb_text][\/et_pb_column][et_pb_column type=&#8221;1_2&#8243;][et_pb_image admin_label=&#8221;Woman with turf Image&#8221; src=&#8221;http:\/\/blasket.ie\/wp-content\/uploads\/2016\/04\/478-1.jpg&#8221; show_in_lightbox=&#8221;on&#8221; url_new_window=&#8221;off&#8221; use_overlay=&#8221;off&#8221; animation=&#8221;off&#8221; sticky=&#8221;off&#8221; align=&#8221;center&#8221; force_fullwidth=&#8221;off&#8221; always_center_on_mobile=&#8221;on&#8221; use_border_color=&#8221;off&#8221; border_color=&#8221;#ffffff&#8221; border_style=&#8221;solid&#8221; alt=&#8221;Bean ag triall ar mh\u00f3in, timpeall 1933.&#8221; title_text=&#8221;Bean ag triall ar mh\u00f3in, timpeall 1933.&#8221;] [\/et_pb_image][\/et_pb_column][\/et_pb_row][et_pb_row admin_label=&#8221;Row&#8221;][et_pb_column type=&#8221;1_2&#8243;][et_pb_image admin_label=&#8221;Man digging Image&#8221; src=&#8221;http:\/\/blasket.ie\/wp-content\/uploads\/2016\/04\/219.1-e1460485288917-1.jpg&#8221; show_in_lightbox=&#8221;on&#8221; url_new_window=&#8221;off&#8221; use_overlay=&#8221;off&#8221; animation=&#8221;off&#8221; sticky=&#8221;off&#8221; align=&#8221;center&#8221; force_fullwidth=&#8221;off&#8221; always_center_on_mobile=&#8221;on&#8221; use_border_color=&#8221;off&#8221; border_color=&#8221;#ffffff&#8221; border_style=&#8221;solid&#8221;] [\/et_pb_image][\/et_pb_column][et_pb_column type=&#8221;1_2&#8243;][et_pb_text admin_label=&#8221;Bhi na portaigh Text&#8221; background_layout=&#8221;light&#8221; text_orientation=&#8221;left&#8221; use_border_color=&#8221;off&#8221; border_color=&#8221;#ffffff&#8221; border_style=&#8221;solid&#8221;]<\/p>\n<p>Bh\u00ed na portaigh ar a mbainid\u00eds an mh\u00f3in dhubh nach m\u00f3r \u00eddithe acu sular tr\u00e9igeadh an tOile\u00e1n. N\u00ed raibh na portaigh doimhin \u2013 b&#8217;fh\u00e9idir f\u00f3d amh\u00e1in n\u00f3 dh\u00e1 fh\u00f3d ar a mh\u00e9id. Sa gheimhreadh is m\u00f3 a dh\u00f3id\u00eds an mh\u00f3in dhubh agus bh\u00edodh stuaic\u00edn acu sa tsamhradh agus nuair a bh\u00edodh m\u00f3in dhubh gann. Saghas scraith\u00edn is ea an stuaic\u00edn agus mianach m\u00f3na inti. Is fearr an mh\u00f3in dhubh chun teasa ach ba bhuaine an stuaic\u00edn, agus \u00fas\u00e1idt\u00ed \u00e9 chun b\u00e1c\u00e1la. Coime\u00e1dta\u00ed an mh\u00f3in i gcaisil tar \u00e9is \u00ed a thriom\u00fa agus t\u00e1 cuid de na caisil seo f\u00e1gtha ar chnoc an Oile\u00e1in \u2013 sna h\u00e1iteanna ina mb\u00edodh an mh\u00f3in \u00e1 baint acu.<\/p>\n<p>[\/et_pb_text][\/et_pb_column][\/et_pb_row][et_pb_row admin_label=&#8221;Row&#8221;][et_pb_column type=&#8221;1_2&#8243;][et_pb_text admin_label=&#8221;Is mar a cheile &#8230; Text&#8221; background_layout=&#8221;light&#8221; text_orientation=&#8221;left&#8221; use_border_color=&#8221;off&#8221; border_color=&#8221;#ffffff&#8221; border_style=&#8221;solid&#8221;]<\/p>\n<p>Is mar a ch\u00e9ile d\u00e9anamh na r\u00e1mhainne a bh\u00edodh acu ar an Oile\u00e1n agus an r\u00e1mhainn a bh\u00edodh acu ar fuaid Chiarra\u00ed ar fad. Toisce go bhfaightear tarraingt ar bh\u00e1isteach ar ch\u00f3sta thiar na h\u00c9ireann n\u00ed fol\u00e1ir barra\u00ed a chur sa tsl\u00ed is go mbeid\u00eds os cionn leibh\u00e9al an uisce. D\u00e1 r\u00e9ir sin, is ar iomair\u00ed n\u00f3 ar &#8216;leapacha&#8217; a chuirid\u00eds pr\u00e1ta\u00ed. Bh\u00ed d\u00e9anamh caol ar an r\u00e1mhainn agus a b\u00e9al n\u00edos leithne n\u00e1 an chuid eile. Bh\u00ed s\u00ed l\u00fabtha sa tsl\u00ed is go bhf\u00e9adfa\u00ed lu\u00ed n\u00edos fearr uirthi. Bh\u00ed c\u00fail\u00edn ar thaobh amh\u00e1in (d\u00e9anta le p\u00edosa adhmaid), \u00e9ags\u00fail leis an r\u00e1mhainn Sasanach go bhfuil dh\u00e1 thaobh uirthi agus at\u00e1 \u00e1 h\u00fas\u00e1id go coitianta \u00f3 dheireadh na 20\u00fa haoise.<\/p>\n<p>Bh\u00edodh both\u00e1in coirceogacha cloiche, \u00e1 n-\u00fas\u00e1id coitianta sa chuid is sia siar de leithinis Chorca Dhuibhne, in aice le cuid des na tithe, chun ainmhithe n\u00f3 arbhar a choime\u00e1d iontu. Bh\u00ed dh\u00e1 cheann des na both\u00e1in coirceogacha seo san Oile\u00e1n tamall agus t\u00e1 an ceann seo f\u00f3s ann. Is ar Thr\u00e1igh Gheara\u00ed, at\u00e1 ar an dtaobh thiar thuaidh den Oile\u00e1n, a bearrta\u00ed na caoire. Loc n\u00e1d\u00fartha is ea an tr\u00e1igh seo go raibh s\u00e9 fuirist na caoire a theannt\u00fa inti.<\/p>\n<p>Mar is l\u00e9ir \u00f3 logainmneacha ar an Oile\u00e1n, bh\u00edodh capaill acu ar an mBlascaod tr\u00e1th. De r\u00e9ir seanchais an Oile\u00e1in, bh\u00edodh capaill ag treabhadh le c\u00e9achta\u00ed adhmaid uair amh\u00e1in. Ach \u00f3 th\u00fas na haoise seo caite do th\u00e1inig an t-asal in ionad an chapaill mar ainmh\u00ed oibre agus th\u00e1inig an r\u00e1mhainn in ionad an ch\u00e9achta.<\/p>\n<p>[\/et_pb_text][\/et_pb_column][et_pb_column type=&#8221;1_2&#8243;][et_pb_image admin_label=&#8221;Sean with spade Image&#8221; src=&#8221;http:\/\/blasket.ie\/wp-content\/uploads\/2016\/03\/45-Sean-Eoghain-Duinnshlibhe-with-his-spade-1.jpg&#8221; alt=&#8221;Se\u00e1n Eoghain \u00d3 Duinnshl\u00e9ibhe lena r\u00e1mhainn.&#8221; title_text=&#8221;Se\u00e1n Eoghain \u00d3 Duinnshl\u00e9ibhe lena r\u00e1mhainn.&#8221; show_in_lightbox=&#8221;on&#8221; url_new_window=&#8221;off&#8221; use_overlay=&#8221;off&#8221; animation=&#8221;off&#8221; sticky=&#8221;off&#8221; align=&#8221;center&#8221; force_fullwidth=&#8221;off&#8221; always_center_on_mobile=&#8221;on&#8221; use_border_color=&#8221;off&#8221; border_color=&#8221;#ffffff&#8221; border_style=&#8221;solid&#8221;] [\/et_pb_image][\/et_pb_column][\/et_pb_row][\/et_pb_section][et_pb_section admin_label=&#8221;Section&#8221; fullwidth=&#8221;off&#8221; specialty=&#8221;off&#8221; transparent_background=&#8221;on&#8221; allow_player_pause=&#8221;off&#8221; inner_shadow=&#8221;off&#8221; parallax=&#8221;off&#8221; parallax_method=&#8221;off&#8221; padding_mobile=&#8221;off&#8221; make_fullwidth=&#8221;off&#8221; use_custom_width=&#8221;off&#8221; width_unit=&#8221;on&#8221; make_equal=&#8221;off&#8221; use_custom_gutter=&#8221;off&#8221;][et_pb_row admin_label=&#8221;Row&#8221;][et_pb_column type=&#8221;4_4&#8243;][et_pb_divider admin_label=&#8221;Divider&#8221; color=&#8221;#606060&#8243; show_divider=&#8221;on&#8221; divider_style=&#8221;solid&#8221; divider_position=&#8221;top&#8221; hide_on_mobile=&#8221;off&#8221;] [\/et_pb_divider][\/et_pb_column][\/et_pb_row][et_pb_row admin_label=&#8221;Row&#8221;][et_pb_column type=&#8221;4_4&#8243;][et_pb_cta admin_label=&#8221;Call To Action&#8221; title=&#8221;Bh\u00ed an saol ar an mBlascaod M\u00f3r ag brath a oiread c\u00e9anna ar an bhfarraige agus a bh\u00ed s\u00e9 ar an talamh. Foghlaim faoi n\u00f3sanna iascaireachta na nOile\u00e1nach, agus faoina naomh\u00f3ga.&#8221; button_url=&#8221;http:\/\/blasket.ie\/saol-na-farraige\/&#8221; url_new_window=&#8221;off&#8221; button_text=&#8221;L\u00e9igh a Thuilleadh&#8221; use_background_color=&#8221;off&#8221; background_color=&#8221;#7f7f7f&#8221; background_layout=&#8221;light&#8221; text_orientation=&#8221;center&#8221; header_font=&#8221;Droid Serif||||&#8221; header_font_size=&#8221;15&#8243; use_border_color=&#8221;off&#8221; border_color=&#8221;#ffffff&#8221; border_style=&#8221;solid&#8221; custom_button=&#8221;on&#8221; button_text_size=&#8221;15&#8243; button_border_width=&#8221;1&#8243; button_letter_spacing=&#8221;0&#8243; button_use_icon=&#8221;default&#8221; button_icon_placement=&#8221;right&#8221; button_on_hover=&#8221;on&#8221; button_letter_spacing_hover=&#8221;0&#8243;] [\/et_pb_cta][\/et_pb_column][\/et_pb_row][\/et_pb_section]<\/p>\n","protected":false},"excerpt":{"rendered":"<p>Saol na Tal\u00fan Le tamall maith de bhlianta gn\u00e9 an-th\u00e1bhachtach i saol na nOile\u00e1nach ba ea bainne agus gach a mbaineann leis. \u00d3 l\u00e1 go l\u00e1 agus \u00f3 sh\u00e9as\u00far go s\u00e9as\u00far tugta\u00ed cuid mhaith ama ag tabhairt aire do bha agus do stoc. T\u00e9it\u00ed ar buaille le stoc go dt\u00ed tailte f\u00e9araigh n\u00edos uachtara\u00ed \u00f3 [&hellip;]<\/p>\n","protected":false},"author":9,"featured_media":0,"parent":0,"menu_order":0,"comment_status":"closed","ping_status":"closed","template":"","meta":{"_et_pb_use_builder":"on","_et_pb_old_content":"","_et_gb_content_width":"","footnotes":""},"class_list":["post-3137","page","type-page","status-publish","hentry"],"_links":{"self":[{"href":"https:\/\/www.blasket.ie\/ga\/wp-json\/wp\/v2\/pages\/3137","targetHints":{"allow":["GET"]}}],"collection":[{"href":"https:\/\/www.blasket.ie\/ga\/wp-json\/wp\/v2\/pages"}],"about":[{"href":"https:\/\/www.blasket.ie\/ga\/wp-json\/wp\/v2\/types\/page"}],"author":[{"embeddable":true,"href":"https:\/\/www.blasket.ie\/ga\/wp-json\/wp\/v2\/users\/9"}],"replies":[{"embeddable":true,"href":"https:\/\/www.blasket.ie\/ga\/wp-json\/wp\/v2\/comments?post=3137"}],"version-history":[{"count":5,"href":"https:\/\/www.blasket.ie\/ga\/wp-json\/wp\/v2\/pages\/3137\/revisions"}],"predecessor-version":[{"id":3868,"href":"https:\/\/www.blasket.ie\/ga\/wp-json\/wp\/v2\/pages\/3137\/revisions\/3868"}],"wp:attachment":[{"href":"https:\/\/www.blasket.ie\/ga\/wp-json\/wp\/v2\/media?parent=3137"}],"curies":[{"name":"wp","href":"https:\/\/api.w.org\/{rel}","templated":true}]}}