{"id":2959,"date":"2016-03-28T10:26:57","date_gmt":"2016-03-28T10:26:57","guid":{"rendered":"http:\/\/blasket.hazelheritage.com\/wordpress\/?page_id=2959"},"modified":"2024-12-20T16:26:51","modified_gmt":"2024-12-20T16:26:51","slug":"an-blascaod-mor","status":"publish","type":"page","link":"https:\/\/www.blasket.ie\/ga\/pleanail-cuairt\/an-blascaod-mor\/","title":{"rendered":"An Blascaod M\u00f3r"},"content":{"rendered":"<p>[et_pb_section fb_built=&#8221;1&#8243; custom_padding_last_edited=&#8221;on|desktop&#8221; admin_label=&#8221;section&#8221; _builder_version=&#8221;4.16&#8243; background_color=&#8221;#65a1d7&#8243; custom_padding_tablet=&#8221;50px|0|50px|0&#8243; custom_padding_phone=&#8221;&#8221; transparent_background=&#8221;off&#8221; padding_mobile=&#8221;off&#8221; make_fullwidth=&#8221;off&#8221; use_custom_width=&#8221;off&#8221; width_unit=&#8221;on&#8221; global_colors_info=&#8221;{}&#8221;][et_pb_row admin_label=&#8221;row&#8221; _builder_version=&#8221;4.16&#8243; background_size=&#8221;initial&#8221; background_position=&#8221;top_left&#8221; background_repeat=&#8221;repeat&#8221; global_colors_info=&#8221;{}&#8221;][et_pb_column type=&#8221;4_4&#8243; _builder_version=&#8221;4.16&#8243; custom_padding=&#8221;|||&#8221; global_colors_info=&#8221;{}&#8221; custom_padding__hover=&#8221;|||&#8221;][et_pb_text admin_label=&#8221;Great Blasket Island Header Text&#8221; _builder_version=&#8221;4.16&#8243; text_text_color=&#8221;#000000&#8243; background_size=&#8221;initial&#8221; background_position=&#8221;top_left&#8221; background_repeat=&#8221;repeat&#8221; background_layout=&#8221;dark&#8221; use_border_color=&#8221;off&#8221; border_color=&#8221;#ffffff&#8221; border_style=&#8221;solid&#8221; global_colors_info=&#8221;{}&#8221;]<\/p>\n<h1>An Blascaod M\u00f3r<\/h1>\n<p>[\/et_pb_text][\/et_pb_column][\/et_pb_row][\/et_pb_section][et_pb_section fb_built=&#8221;1&#8243; admin_label=&#8221;section&#8221; _builder_version=&#8221;4.16&#8243; background_color=&#8221;rgba(255,255,255,0)&#8221; parallax=&#8221;on&#8221; parallax_method=&#8221;off&#8221; transparent_background=&#8221;on&#8221; global_colors_info=&#8221;{}&#8221;][et_pb_row admin_label=&#8221;row&#8221; _builder_version=&#8221;4.16&#8243; background_size=&#8221;initial&#8221; background_position=&#8221;top_left&#8221; background_repeat=&#8221;repeat&#8221; global_colors_info=&#8221;{}&#8221; column_structure=&#8221;1_3,2_3&#8243;][et_pb_column type=&#8221;1_3&#8243; _builder_version=&#8221;4.16&#8243; custom_padding=&#8221;|||&#8221; global_colors_info=&#8221;{}&#8221; custom_padding__hover=&#8221;|||&#8221;][et_pb_text admin_label=&#8221;Opening Hours Text&#8221; _builder_version=&#8221;4.16&#8243; background_size=&#8221;initial&#8221; background_position=&#8221;top_left&#8221; background_repeat=&#8221;repeat&#8221; use_border_color=&#8221;off&#8221; global_colors_info=&#8221;{}&#8221;]<\/p>\n<h2>Uaireanta Oscailte<\/h2>\n<p>T\u00e9ann na b\u00e1id farant\u00f3ireachta isteach go dt\u00ed an Oile\u00e1n \u00f3 mh\u00ed 1 Aibre\u00e1n go 30 Me\u00e1n F\u00f3mhair de ghn\u00e1th, idir timpeall 10.30 \u2013 17.00, ach an aimsir a bheith oiri\u00fanach.<br \/>\n[\/et_pb_text][et_pb_text admin_label=&#8221;Location Text&#8221; _builder_version=&#8221;4.16&#8243; background_size=&#8221;initial&#8221; background_position=&#8221;top_left&#8221; background_repeat=&#8221;repeat&#8221; use_border_color=&#8221;off&#8221; border_color=&#8221;#ffffff&#8221; border_style=&#8221;solid&#8221; global_colors_info=&#8221;{}&#8221;]<\/p>\n<h2>Su\u00edomh<\/h2>\n<p>T\u00e1 an Blascaod M\u00f3r suite 1 km amach \u00f3 ch\u00f3sta Chiarra\u00ed.<br \/>\n[\/et_pb_text][et_pb_text admin_label=&#8221;Transport Text&#8221; _builder_version=&#8221;4.16&#8243; background_size=&#8221;initial&#8221; background_position=&#8221;top_left&#8221; background_repeat=&#8221;repeat&#8221; use_border_color=&#8221;off&#8221; border_color=&#8221;#ffffff&#8221; border_style=&#8221;solid&#8221; global_colors_info=&#8221;{}&#8221;]<\/p>\n<h2>Taisteal<\/h2>\n<p>Ar bh\u00e1id farant\u00f3ireachta amh\u00e1in is f\u00e9idir dul isteach go dt\u00ed an Blascaod M\u00f3r. Gn\u00f3nna pr\u00edobh\u00e1ideacha iad na b\u00e1id farant\u00f3ireachta go l\u00e9ir agus t\u00e1 siad go l\u00e9ir cead\u00fanaithe ag an Roinn Talmha\u00edochta, Bia agus Mara. N\u00edl baint ag aon chomhlachta\u00ed farant\u00f3ireachta ar leith le hOifig na nOibreacha Poibl\u00ed agus n\u00ed thaca\u00edonn s\u00ed le haon cheann acu thar a ch\u00e9ile. N\u00edl aon lamairne ar an mBlascaod M\u00f3r agus mar sin is g\u00e1 an chuid deiridh den aistear a dh\u00e9anamh i mb\u00e1d ins\u00e9idte.<\/p>\n<p>T\u00e9ann b\u00e1id farant\u00f3ireachta isteach go dt\u00ed an oile\u00e1n i rith an tsamhraidh, nuair a bh\u00edonn an aimsir oiri\u00fanach. T\u00f3gann an turas idir fiche n\u00f3im\u00e9ad agus uair an chloig, ag brath ar an gc\u00e9 as a bhfuil an b\u00e1d farant\u00f3ireachta ag teacht. T\u00e1 amchl\u00e1ir suas chun d\u00e1ta agus sonra\u00ed teagmh\u00e1la le f\u00e1il ag na naisc a leanas: <a href=\"http:\/\/www.blasketislands.ie\/\" target=\"_blank\" rel=\"noopener\">Blasket Islands Ferry<\/a>, <a href=\"http:\/\/www.blasketisland.com\/\" target=\"_blank\" rel=\"noopener\">B\u00e1d\u00f3ir\u00ed an Bhlascaoid Teo<\/a>., <a href=\"http:\/\/www.dinglebaycharters.com\/Pages\/DingleBlasketFerry.htm\" target=\"_blank\" rel=\"noopener\">Dingle Bay Charters<\/a>, <a href=\"https:\/\/www.marinetours.ie\/blasket-islands.html\" target=\"_blank\" rel=\"noopener\">Marine Tours<\/a>, <a href=\"http:\/\/www.greatblasketisland.net\/boat-trips\/\" target=\"_blank\" rel=\"noopener\">Dingle Bay Speedboat Tours<\/a>.<br \/>\n[\/et_pb_text][\/et_pb_column][et_pb_column type=&#8221;2_3&#8243; _builder_version=&#8221;4.16&#8243; custom_padding=&#8221;|||&#8221; global_colors_info=&#8221;{}&#8221; custom_padding__hover=&#8221;|||&#8221;][et_pb_text admin_label=&#8221;Facilities Text&#8221; _builder_version=&#8221;4.16&#8243; background_size=&#8221;initial&#8221; background_position=&#8221;top_left&#8221; background_repeat=&#8221;repeat&#8221; use_border_color=&#8221;off&#8221; border_color=&#8221;#ffffff&#8221; border_style=&#8221;solid&#8221; global_colors_info=&#8221;{}&#8221;]<\/p>\n<h2>\u00c1iseanna<\/h2>\n<p>N\u00edl \u00e1iseanna poibl\u00ed ar an mBlascaod M\u00f3r. Taobh thiar den bhaile tr\u00e9igthe, is talamh fi\u00e1in at\u00e1 i bhformh\u00f3r an oile\u00e1in. T\u00e1 c\u00faig theach r\u00e9as\u00fanta nua sa bhaile, \u00e1fach, a t\u00f3gadh go luath san fhichi\u00fa haois, agus t\u00e1 br\u00fa \u00f3ige pr\u00edobh\u00e1ideach d\u00e9anta d\u00edobh sin anois. T\u00e1 sonra\u00ed an bhr\u00fa sin le f\u00e1il ag an <a href=\"http:\/\/www.greatblasketisland.net\/accommodation\/\" target=\"_blank\" rel=\"noopener\">nasc seo<\/a>.<\/p>\n<p>N\u00edl an tOile\u00e1n rochtanach d\u00f3ibh si\u00fad i gcathaoireacha rotha, agus moltar gan tabhairt faoin oile\u00e1n mura bhfuil t\u00fa urr\u00fanta<br \/>\n[\/et_pb_text][et_pb_text admin_label=&#8221;YouTube Video&#8221; _builder_version=&#8221;4.16&#8243; background_size=&#8221;initial&#8221; background_position=&#8221;top_left&#8221; background_repeat=&#8221;repeat&#8221; use_border_color=&#8221;off&#8221; border_color=&#8221;#ffffff&#8221; border_style=&#8221;solid&#8221; global_colors_info=&#8221;{}&#8221;]<iframe loading=\"lazy\" src=\"https:\/\/www.youtube.com\/embed\/2kW8VXtYFmc\" width=\"560\" height=\"315\" frameborder=\"0\" allowfullscreen=\"allowfullscreen\"><\/iframe><br \/>\n[\/et_pb_text][\/et_pb_column][\/et_pb_row][et_pb_row _builder_version=&#8221;4.16&#8243; background_size=&#8221;initial&#8221; background_position=&#8221;top_left&#8221; background_repeat=&#8221;repeat&#8221; global_colors_info=&#8221;{}&#8221;][et_pb_column type=&#8221;4_4&#8243; _builder_version=&#8221;4.16&#8243; custom_padding=&#8221;|||&#8221; global_colors_info=&#8221;{}&#8221; custom_padding__hover=&#8221;|||&#8221;][et_pb_divider color=&#8221;#606060&#8243; _builder_version=&#8221;4.16&#8243; hide_on_mobile=&#8221;off&#8221; global_colors_info=&#8221;{}&#8221;][\/et_pb_divider][\/et_pb_column][\/et_pb_row][et_pb_row _builder_version=&#8221;4.16&#8243; background_size=&#8221;initial&#8221; background_position=&#8221;top_left&#8221; background_repeat=&#8221;repeat&#8221; global_colors_info=&#8221;{}&#8221; column_structure=&#8221;1_4,1_4,1_2&#8243;][et_pb_column type=&#8221;1_4&#8243; _builder_version=&#8221;4.16&#8243; custom_padding=&#8221;|||&#8221; global_colors_info=&#8221;{}&#8221; custom_padding__hover=&#8221;|||&#8221;][et_pb_text admin_label=&#8221;Tours Text&#8221; _builder_version=&#8221;4.16&#8243; background_size=&#8221;initial&#8221; background_position=&#8221;top_left&#8221; background_repeat=&#8221;repeat&#8221; use_border_color=&#8221;off&#8221; border_color=&#8221;#ffffff&#8221; border_style=&#8221;solid&#8221; global_colors_info=&#8221;{}&#8221;]<\/p>\n<h2>Turais Threoraithe<\/h2>\n<p>Is f\u00e9idir dul ar thuras spaisteoireachta den Oile\u00e1n chomh maith. Is faoi \u00fain\u00e9ireacht agus sti\u00fair phr\u00edobh\u00e1ideach na b\u00e1id farant\u00f3ireachta a fhreastala\u00edonn ar an oile\u00e1n. Braitheann siad go m\u00f3r ar an aimsir. Cuireann OOP turais threoraithe den seanbhaile ar f\u00e1il saor in aisce nuair a shroicheann cuairteoir\u00ed an oile\u00e1n f\u00e9in.<br \/>\n[\/et_pb_text][\/et_pb_column][et_pb_column type=&#8221;1_4&#8243; _builder_version=&#8221;4.16&#8243; custom_padding=&#8221;|||&#8221; global_colors_info=&#8221;{}&#8221; custom_padding__hover=&#8221;|||&#8221;][et_pb_text admin_label=&#8221;Visit Text&#8221; _builder_version=&#8221;4.16&#8243; background_size=&#8221;initial&#8221; background_position=&#8221;top_left&#8221; background_repeat=&#8221;repeat&#8221; use_border_color=&#8221;off&#8221; border_color=&#8221;#ffffff&#8221; border_style=&#8221;solid&#8221; global_colors_info=&#8221;{}&#8221;]<\/p>\n<h2>Cuairt<\/h2>\n<p>Uair an chloig go leith ar an me\u00e1n a mhaireann cuairt ar an Oile\u00e1n.<br \/>\n[\/et_pb_text][et_pb_text admin_label=&#8221;Photography\/ Video Text&#8221; _builder_version=&#8221;4.16&#8243; background_size=&#8221;initial&#8221; background_position=&#8221;top_left&#8221; background_repeat=&#8221;repeat&#8221; use_border_color=&#8221;off&#8221; border_color=&#8221;#ffffff&#8221; border_style=&#8221;solid&#8221; global_colors_info=&#8221;{}&#8221;]<\/p>\n<h2>Grianghraif \/ F\u00edst\u00e9ipeanna<\/h2>\n<p>T\u00e1 cead grianghraif agus f\u00edse\u00e1in araon a ghlacadh.<br \/>\n[\/et_pb_text][\/et_pb_column][et_pb_column type=&#8221;1_2&#8243; _builder_version=&#8221;4.16&#8243; custom_padding=&#8221;|||&#8221; global_colors_info=&#8221;{}&#8221; custom_padding__hover=&#8221;|||&#8221;][et_pb_text admin_label=&#8221;Admission Text&#8221; _builder_version=&#8221;4.16&#8243; background_size=&#8221;initial&#8221; background_position=&#8221;top_left&#8221; background_repeat=&#8221;repeat&#8221; use_border_color=&#8221;off&#8221; border_color=&#8221;#ffffff&#8221; border_style=&#8221;solid&#8221; global_colors_info=&#8221;{}&#8221;]<\/p>\n<h2>Cead Isteach<\/h2>\n<p>T\u00e1 turais timpeall ar bhaile an Oile\u00e1in saor in aisce.<br \/>\n[\/et_pb_text][\/et_pb_column][\/et_pb_row][et_pb_row admin_label=&#8221;row&#8221; _builder_version=&#8221;4.16&#8243; background_size=&#8221;initial&#8221; background_position=&#8221;top_left&#8221; background_repeat=&#8221;repeat&#8221; global_colors_info=&#8221;{}&#8221;][et_pb_column type=&#8221;4_4&#8243; _builder_version=&#8221;4.16&#8243; custom_padding=&#8221;|||&#8221; global_colors_info=&#8221;{}&#8221; custom_padding__hover=&#8221;|||&#8221;][et_pb_image src=&#8221;http:\/\/blasket.ie\/wp-content\/uploads\/2016\/03\/Blasket-Warning-Sign-1.jpg&#8221; show_in_lightbox=&#8221;on&#8221; align=&#8221;center&#8221; align_tablet=&#8221;center&#8221; align_last_edited=&#8221;on|desktop&#8221; admin_label=&#8221;Health and Safety Image&#8221; _builder_version=&#8221;4.16&#8243; use_border_color=&#8221;off&#8221; border_color=&#8221;#ffffff&#8221; border_style=&#8221;solid&#8221; animation=&#8221;off&#8221; sticky=&#8221;off&#8221; always_center_on_mobile=&#8221;on&#8221; global_colors_info=&#8221;{}&#8221; align_phone=&#8221;center&#8221;][\/et_pb_image][\/et_pb_column][\/et_pb_row][\/et_pb_section][et_pb_section fb_built=&#8221;1&#8243; custom_padding_last_edited=&#8221;on|desktop&#8221; _builder_version=&#8221;4.16&#8243; background_color=&#8221;rgba(255,255,255,0)&#8221; custom_padding_tablet=&#8221;50px|0|50px|0&#8243; custom_padding_phone=&#8221;&#8221; transparent_background=&#8221;on&#8221; padding_mobile=&#8221;off&#8221; make_fullwidth=&#8221;off&#8221; use_custom_width=&#8221;off&#8221; width_unit=&#8221;on&#8221; global_colors_info=&#8221;{}&#8221;][et_pb_row _builder_version=&#8221;4.16&#8243; background_size=&#8221;initial&#8221; background_position=&#8221;top_left&#8221; background_repeat=&#8221;repeat&#8221; global_colors_info=&#8221;{}&#8221;][et_pb_column type=&#8221;4_4&#8243; _builder_version=&#8221;4.16&#8243; custom_padding=&#8221;|||&#8221; global_colors_info=&#8221;{}&#8221; custom_padding__hover=&#8221;|||&#8221;][et_pb_cta title=&#8221;M\u00e1 t\u00e1 an aimsir r\u00f3-olc le dul thar s\u00e1ile, t\u00e9igh ar thuras ar l\u00edne ina ionad!&#8221; button_url=&#8221;http:\/\/blasket.ie\/turas-ar-line\/&#8221; button_text=&#8221;T\u00f3g an Turas&#8221; _builder_version=&#8221;4.16&#8243; header_font=&#8221;Droid Serif||||&#8221; header_font_size=&#8221;17&#8243; use_background_color=&#8221;off&#8221; background_size=&#8221;initial&#8221; background_position=&#8221;top_left&#8221; background_repeat=&#8221;repeat&#8221; custom_button=&#8221;on&#8221; button_text_size=&#8221;15&#8243; button_border_width=&#8221;1&#8243; background_layout=&#8221;light&#8221; use_border_color=&#8221;off&#8221; border_color=&#8221;#ffffff&#8221; border_style=&#8221;solid&#8221; button_letter_spacing_hover=&#8221;0&#8243; global_colors_info=&#8221;{}&#8221; button_text_size__hover_enabled=&#8221;off&#8221; button_one_text_size__hover_enabled=&#8221;off&#8221; button_two_text_size__hover_enabled=&#8221;off&#8221; button_text_color__hover_enabled=&#8221;off&#8221; button_one_text_color__hover_enabled=&#8221;off&#8221; button_two_text_color__hover_enabled=&#8221;off&#8221; button_border_width__hover_enabled=&#8221;off&#8221; button_one_border_width__hover_enabled=&#8221;off&#8221; button_two_border_width__hover_enabled=&#8221;off&#8221; button_border_color__hover_enabled=&#8221;off&#8221; button_one_border_color__hover_enabled=&#8221;off&#8221; button_two_border_color__hover_enabled=&#8221;off&#8221; button_border_radius__hover_enabled=&#8221;off&#8221; button_one_border_radius__hover_enabled=&#8221;off&#8221; button_two_border_radius__hover_enabled=&#8221;off&#8221; button_letter_spacing__hover_enabled=&#8221;on&#8221; button_letter_spacing__hover=&#8221;0&#8243; button_one_letter_spacing__hover_enabled=&#8221;off&#8221; button_two_letter_spacing__hover_enabled=&#8221;off&#8221; button_bg_color__hover_enabled=&#8221;off&#8221; button_one_bg_color__hover_enabled=&#8221;off&#8221; button_two_bg_color__hover_enabled=&#8221;off&#8221;][\/et_pb_cta][\/et_pb_column][\/et_pb_row][\/et_pb_section]<\/p>\n","protected":false},"excerpt":{"rendered":"<p>An Blascaod M\u00f3r Uaireanta Oscailte T\u00e9ann na b\u00e1id farant\u00f3ireachta isteach go dt\u00ed an Oile\u00e1n \u00f3 mh\u00ed 1 Aibre\u00e1n go 30 Me\u00e1n F\u00f3mhair de ghn\u00e1th, idir timpeall 10.30 \u2013 17.00, ach an aimsir a bheith oiri\u00fanach. Su\u00edomh T\u00e1 an Blascaod M\u00f3r suite 1 km amach \u00f3 ch\u00f3sta Chiarra\u00ed. Taisteal Ar bh\u00e1id farant\u00f3ireachta amh\u00e1in is f\u00e9idir dul [&hellip;]<\/p>\n","protected":false},"author":9,"featured_media":0,"parent":415,"menu_order":0,"comment_status":"closed","ping_status":"closed","template":"","meta":{"_et_pb_use_builder":"on","_et_pb_old_content":"","_et_gb_content_width":"","footnotes":""},"class_list":["post-2959","page","type-page","status-publish","hentry"],"_links":{"self":[{"href":"https:\/\/www.blasket.ie\/ga\/wp-json\/wp\/v2\/pages\/2959","targetHints":{"allow":["GET"]}}],"collection":[{"href":"https:\/\/www.blasket.ie\/ga\/wp-json\/wp\/v2\/pages"}],"about":[{"href":"https:\/\/www.blasket.ie\/ga\/wp-json\/wp\/v2\/types\/page"}],"author":[{"embeddable":true,"href":"https:\/\/www.blasket.ie\/ga\/wp-json\/wp\/v2\/users\/9"}],"replies":[{"embeddable":true,"href":"https:\/\/www.blasket.ie\/ga\/wp-json\/wp\/v2\/comments?post=2959"}],"version-history":[{"count":5,"href":"https:\/\/www.blasket.ie\/ga\/wp-json\/wp\/v2\/pages\/2959\/revisions"}],"predecessor-version":[{"id":4593,"href":"https:\/\/www.blasket.ie\/ga\/wp-json\/wp\/v2\/pages\/2959\/revisions\/4593"}],"up":[{"embeddable":true,"href":"https:\/\/www.blasket.ie\/ga\/wp-json\/wp\/v2\/pages\/415"}],"wp:attachment":[{"href":"https:\/\/www.blasket.ie\/ga\/wp-json\/wp\/v2\/media?parent=2959"}],"curies":[{"name":"wp","href":"https:\/\/api.w.org\/{rel}","templated":true}]}}