{"id":2143,"date":"2016-01-31T18:18:17","date_gmt":"2016-01-31T18:18:17","guid":{"rendered":"http:\/\/kilmainhamgaolmuseum.ie\/?page_id=2143"},"modified":"2017-03-14T12:03:40","modified_gmt":"2017-03-14T12:03:40","slug":"cartlann","status":"publish","type":"page","link":"https:\/\/www.blasket.ie\/ga\/cartlann\/","title":{"rendered":"Cartlann"},"content":{"rendered":"<p>[et_pb_section admin_label=&#8221;section&#8221; fullwidth=&#8221;off&#8221; specialty=&#8221;off&#8221; transparent_background=&#8221;off&#8221; background_color=&#8221;#65a1d7&#8243; inner_shadow=&#8221;off&#8221; parallax=&#8221;off&#8221; parallax_method=&#8221;off&#8221; allow_player_pause=&#8221;off&#8221; padding_mobile=&#8221;off&#8221; make_fullwidth=&#8221;off&#8221; use_custom_width=&#8221;off&#8221; width_unit=&#8221;on&#8221; make_equal=&#8221;off&#8221; use_custom_gutter=&#8221;off&#8221;][et_pb_row admin_label=&#8221;row&#8221;][et_pb_column type=&#8221;4_4&#8243;][et_pb_text admin_label=&#8221;Archive Header Text&#8221; background_layout=&#8221;dark&#8221; text_orientation=&#8221;left&#8221; use_border_color=&#8221;off&#8221; border_color=&#8221;#ffffff&#8221; border_style=&#8221;solid&#8221;]<\/p>\n<h1>Cartlann<\/h1>\n<p>[\/et_pb_text][\/et_pb_column][\/et_pb_row][\/et_pb_section][et_pb_section admin_label=&#8221;Section&#8221; fullwidth=&#8221;off&#8221; specialty=&#8221;off&#8221; transparent_background=&#8221;on&#8221; allow_player_pause=&#8221;off&#8221; inner_shadow=&#8221;off&#8221; parallax=&#8221;off&#8221; parallax_method=&#8221;off&#8221; padding_mobile=&#8221;off&#8221; make_fullwidth=&#8221;off&#8221; use_custom_width=&#8221;off&#8221; width_unit=&#8221;on&#8221; make_equal=&#8221;off&#8221; use_custom_gutter=&#8221;off&#8221; gutter_width=&#8221;3&#8243;][et_pb_row admin_label=&#8221;Row&#8221;][et_pb_column type=&#8221;4_4&#8243;][et_pb_text admin_label=&#8221;Agus pleananna&#8230; Text&#8221; background_layout=&#8221;light&#8221; text_orientation=&#8221;left&#8221; text_font=&#8221;Droid Serif||||&#8221; text_font_size=&#8221;16&#8243; use_border_color=&#8221;off&#8221; border_color=&#8221;#ffffff&#8221; border_style=&#8221;solid&#8221;]<\/p>\n<p>Agus pleananna \u00e1 mbeart\u00fa d\u2019Ionad an Bhlascaoid Mh\u00f3ir, th\u00e1inig an smaoineamh chun cinn gur mhaith an rud \u00e9 seomra a chur ar leataobh san fhoirgneamh do thaighde agus do staid\u00e9ar. B\u2019in a tharla agus oscla\u00edodh an seomra don phobal nuair a d\u2019oscail an tIonad in 1993.<\/p>\n<p>[\/et_pb_text][et_pb_text admin_label=&#8221;Bhi daoine airithe&#8230; Text&#8221; background_layout=&#8221;light&#8221; text_orientation=&#8221;left&#8221; use_border_color=&#8221;off&#8221; border_color=&#8221;#ffffff&#8221; border_style=&#8221;solid&#8221;]<\/p>\n<p>Bh\u00ed daoine \u00e1irithe s\u00e1sta \u00e1bhar a bhronnadh ar an gCartlann \u00f3n gc\u00e9ad l\u00e1. Thosaigh muintir an Oile\u00e1in, a sliocht si\u00fad, agus daoine eile go deimhin, ag tabhairt earra\u00ed chomh fada leis an gCartlann le go gcoime\u00e1dfa\u00ed sl\u00e1n ar iasacht bhuan iad: bh\u00ed l\u00e1mhscr\u00edbhinn\u00ed, leabhair, d\u00e9ant\u00fas\u00e1in \u00f3n Oile\u00e1n agus \u00e1bhar ilchine\u00e1lach closamhairc i measc an \u00e1bhair sin.<\/p>\n<p>Th\u00e1inig an-chuid \u00e1bhar go h\u00e1irithe \u00f3n Moin. Dr P\u00e1draig \u00d3 Fiannachta, scol\u00e1ire aitheanta Gaeilge agus Ceiltise, a bhronn gabh\u00e1il mh\u00f3r leabhar agus l\u00e1mhscr\u00edbhinn\u00ed \u00f3 leabharlann Mh\u00e1ir\u00edn U\u00ed Dh\u00e1laigh agus a fear c\u00e9ile, an t-iarUachtar\u00e1n Cearbhall \u00d3 D\u00e1laigh, beannacht D\u00e9 lena n-anam. Tagann thart ar 40% de na leabhair sa chartlann \u00f3n bhfoinse seo, m\u00f3rchuid acu bainteach leis an Luath-Ghaeilge, an Stair, an Dl\u00ed agus an Ghaeilge.<\/p>\n<p>[\/et_pb_text][\/et_pb_column][\/et_pb_row][et_pb_row admin_label=&#8221;Row&#8221;][et_pb_column type=&#8221;4_4&#8243;][et_pb_image admin_label=&#8221;Room Image&#8221; src=&#8221;http:\/\/blasket.ie\/wp-content\/uploads\/2016\/01\/Blasket-Archives-1.jpg&#8221; show_in_lightbox=&#8221;on&#8221; url_new_window=&#8221;off&#8221; use_overlay=&#8221;off&#8221; animation=&#8221;off&#8221; sticky=&#8221;off&#8221; align=&#8221;center&#8221; force_fullwidth=&#8221;off&#8221; always_center_on_mobile=&#8221;on&#8221; use_border_color=&#8221;off&#8221; border_color=&#8221;#ffffff&#8221; border_style=&#8221;solid&#8221;] [\/et_pb_image][\/et_pb_column][\/et_pb_row][et_pb_row admin_label=&#8221;Row&#8221;][et_pb_column type=&#8221;4_4&#8243;][et_pb_text admin_label=&#8221;Niorbh i deireadh&#8230; Text&#8221; background_layout=&#8221;light&#8221; text_orientation=&#8221;left&#8221; use_border_color=&#8221;off&#8221; border_color=&#8221;#ffffff&#8221; border_style=&#8221;solid&#8221;]<\/p>\n<p>N\u00edorbh in deireadh leis na bronntanais. Nuair a cailleadh an scol\u00e1ire m\u00f3r ar ch\u00farsa\u00ed an Oile\u00e1in, an tOllamh George Thomson, bhronn a in\u00edon Margaret Alexiou an t-\u00e1bhar \u00f3 leabharlann ollmh\u00f3r a hathar a bhain leis an mBlascaod ar an gCartlann. Bhronn scol\u00e1ire Blascaodach eile, Ray Stagles, sciar mhaith d\u00e1 leabharlann, mar a rinne go leor eile leis. Cuireadh go m\u00f3r leis an gCartlann le deireanas nuair a bhronn Miche\u00e1l \u00d3 Conghaile, bunaitheoir an chomhlachta foilsitheoireachta Cl\u00f3 Iar-Chonnacht, 300 leabhar Gaeilge in 2011.<\/p>\n<p>Cuirtear leis na bronntanais seo le h\u00e1bhar \u00e9ags\u00fail at\u00e1 ceannaithe ag an gCartlann i gcaitheamh na mblianta. Earra\u00ed aonair den chuid is m\u00f3 a bh\u00ed i gceist ach cuireadh go m\u00f3r leis an mbaili\u00fach\u00e1n in 2005 nuair a ceanna\u00edodh cartlann ioml\u00e1n sti\u00faideo \u00e1iti\u00fail Raidi\u00f3 na Gaeltachta.<\/p>\n<p>[\/et_pb_text][et_pb_text admin_label=&#8221;Ta reimse leathan&#8230; Text&#8221; background_layout=&#8221;light&#8221; text_orientation=&#8221;left&#8221; use_border_color=&#8221;off&#8221; border_color=&#8221;#ffffff&#8221; border_style=&#8221;solid&#8221;]<\/p>\n<p>T\u00e1 r\u00e9imse leathan \u00e1bhar sa Chartlann. C\u00e9 gur ar na Blascaoda\u00ed at\u00e1 s\u00e9 d\u00edrithe den chuid is m\u00f3, t\u00e1 \u00e1bhar ann chomh maith a bhaineann leis an nGaeilge agus Litr\u00edocht na Gaeilge, an B\u00e9aloideas agus Saol na Tuaithe, an tSeand\u00e1la\u00edocht, an Ginealas, an Stair, an Dl\u00ed, na Teangacha Ceilteacha, an Pholait\u00edocht agus an T\u00edreola\u00edocht. Orthu sin t\u00e1 leabhair, iris\u00ed, altanna \u00f3 nuacht\u00e1in agus tr\u00e9imhseach\u00e1in, \u00e1bhar closamhairc, tr\u00e1chtais agus staid\u00e9ir, litreacha pearsanta agus l\u00e1mhscr\u00edbhinn\u00ed, agus cartlann ghrianghrafad\u00f3ireachta ina bhfuil suas le 3000 grianghraf. T\u00e1 an t-\u00e1bhar seo go l\u00e9ir catal\u00f3gaithe go digiteach agus is \u00e9asca teacht air.<\/p>\n<p>[\/et_pb_text][\/et_pb_column][\/et_pb_row][et_pb_row admin_label=&#8221;Row&#8221;][et_pb_column type=&#8221;4_4&#8243;][et_pb_image admin_label=&#8221;Eibhlis and baby Image&#8221; src=&#8221;http:\/\/blasket.ie\/wp-content\/uploads\/2016\/03\/62-Eibhlis-Ni-Shuilleabhain-Ui-Chriomhthain-with-her-daughter-Niamh-late-1930s.-Taken-by-George-Chambers.-Courtesy-National-Folklore-Collection-UCD-1.jpg&#8221; alt=&#8221;Eibhl\u00eds (N\u00ed Sh\u00failleabh\u00e1in) U\u00ed Chriomhthain lena hin\u00edon Niamh, deireadh na 1930\u00ed. George Chambers a th\u00f3g. Courtesy National Folklore Collection, UCD&#8221; title_text=&#8221;Eibhl\u00eds (N\u00ed Sh\u00failleabh\u00e1in) U\u00ed Chriomhthain lena hin\u00edon Niamh, deireadh na 1930\u00ed. George Chambers a th\u00f3g. Courtesy National Folklore Collection, UCD&#8221; show_in_lightbox=&#8221;on&#8221; url_new_window=&#8221;off&#8221; use_overlay=&#8221;off&#8221; animation=&#8221;off&#8221; sticky=&#8221;off&#8221; align=&#8221;center&#8221; force_fullwidth=&#8221;off&#8221; always_center_on_mobile=&#8221;on&#8221; use_border_color=&#8221;off&#8221; border_color=&#8221;#ffffff&#8221; border_style=&#8221;solid&#8221;] [\/et_pb_image][\/et_pb_column][\/et_pb_row][et_pb_row admin_label=&#8221;Row&#8221;][et_pb_column type=&#8221;4_4&#8243;][et_pb_text admin_label=&#8221;Cuireann se athas&#8230; Text&#8221; background_layout=&#8221;light&#8221; text_orientation=&#8221;left&#8221; use_border_color=&#8221;off&#8221; border_color=&#8221;#ffffff&#8221; border_style=&#8221;solid&#8221;]<\/p>\n<h5>Cuireann s\u00e9 \u00e1thas orainn \u00e1bhar t\u00e1bhachtach a bhaineann leis an mBlascaod M\u00f3r a chur ar f\u00e1il don phobal.<\/h5>\n<p>Br\u00faigh ar \u00edomh\u00e1 an acmhainne chun teacht air. D\u00e9an tagairt d\u2019Ionad an Bhlascaoid Mh\u00f3ir in aon \u00fas\u00e1id a bhaintear as an \u00e1bhar seo, le do thoil.<\/p>\n<p>Freastala\u00edonn Ionad an Bhlascaoid Mh\u00f3ir orthu si\u00fad at\u00e1 i mbun taighde staire tr\u00ed rochtain ar an mbaili\u00fach\u00e1n st\u00f3ir a chead\u00fa. Is g\u00e1 coinne a dh\u00e9anamh chun rochtain a fh\u00e1il ar an mbaili\u00fach\u00e1n st\u00f3ir. Chun coinne a dh\u00e9anamh, t\u00e9igh i dteagmh\u00e1il linn tr\u00edd an bhfoirm fiosr\u00fach\u00e1in.<\/p>\n<p>[\/et_pb_text][\/et_pb_column][\/et_pb_row][et_pb_row admin_label=&#8221;Row&#8221;][et_pb_column type=&#8221;4_4&#8243;][et_pb_divider admin_label=&#8221;Divider&#8221; color=&#8221;#515151&#8243; show_divider=&#8221;on&#8221; divider_style=&#8221;solid&#8221; divider_position=&#8221;top&#8221; hide_on_mobile=&#8221;off&#8221;] [\/et_pb_divider][\/et_pb_column][\/et_pb_row][et_pb_row admin_label=&#8221;Row&#8221;][et_pb_column type=&#8221;2_3&#8243;][et_pb_text admin_label=&#8221;AV Text&#8221; background_layout=&#8221;light&#8221; text_orientation=&#8221;left&#8221; use_border_color=&#8221;off&#8221; border_color=&#8221;#ffffff&#8221; border_style=&#8221;solid&#8221;]<\/p>\n<h5>\u00c1bhar Closamhairc<\/h5>\n<p>T\u00e1 baili\u00fach\u00e1n m\u00f3r d\u2019\u00e1bhar closamhairc againn a bhaineann leis an mBlascaod. Ina measc t\u00e1; c\u00f3ip den scann\u00e1n \u2018West of Kerry\u2019, taifeadta ar an mBlascaod in 1937, c\u00f3ipeanna d\u2019agallaimh ar scann\u00e1n leis na Blascaodaigh in 1992, agus c\u00f3ip de chartlann fuaime an st\u00e1isi\u00fain \u00e1iti\u00fail de RT\u00c9 Raidi\u00f3 na Gaeltachta.<\/p>\n<p>Bl\u00faire \u00e9 seo de scann\u00e1n a thaifead an tAthair Ferdinand Valentine O.P. ar an mBlascaod M\u00f3r in 1938. L\u00e9iri\u00fa \u00e9 ar phobal an Oile\u00e1in c\u00faig bliana d\u00e9ag sular tr\u00e9igeadh ar deireadh \u00e9. Br\u00faigh ar an gcearn\u00f3g sa ch\u00fainne ar bun ar dheis den fh\u00edse\u00e1n leabaithe chun \u00e9 a oscailt ar do sc\u00e1ile\u00e1n ar fad. Is f\u00e9idir an scann\u00e1n ioml\u00e1n a fheice\u00e1il san Ionad.<\/p>\n<p>[\/et_pb_text][\/et_pb_column][et_pb_column type=&#8221;1_3&#8243;][et_pb_text admin_label=&#8221;Text&#8221; background_layout=&#8221;light&#8221; text_orientation=&#8221;left&#8221; use_border_color=&#8221;off&#8221; border_color=&#8221;#ffffff&#8221; border_style=&#8221;solid&#8221;]<\/p>\n<p><iframe loading=\"lazy\" width=\"1080\" height=\"810\" src=\"https:\/\/www.youtube.com\/embed\/AtAU_dAzt9s?feature=oembed\" frameborder=\"0\" allowfullscreen><\/iframe><\/p>\n<p>[\/et_pb_text][\/et_pb_column][\/et_pb_row][et_pb_row admin_label=&#8221;Row&#8221;][et_pb_column type=&#8221;4_4&#8243;][et_pb_divider admin_label=&#8221;Divider&#8221; color=&#8221;#515151&#8243; show_divider=&#8221;on&#8221; divider_style=&#8221;solid&#8221; divider_position=&#8221;top&#8221; hide_on_mobile=&#8221;off&#8221;] [\/et_pb_divider][\/et_pb_column][\/et_pb_row][et_pb_row admin_label=&#8221;Row&#8221;][et_pb_column type=&#8221;2_3&#8243;][et_pb_text admin_label=&#8221;Genealogical Text&#8221; background_layout=&#8221;light&#8221; text_orientation=&#8221;left&#8221; use_border_color=&#8221;off&#8221; border_color=&#8221;#ffffff&#8221; border_style=&#8221;solid&#8221;]<\/p>\n<h5>Ginealas<\/h5>\n<p>Cuirimid seirbh\u00eds taighde ghinealaigh ar f\u00e1il do shliocht na mBlascaodach, agus go leor doicim\u00e9ad agus bunachar sonra\u00ed do mhuintir an Bhlascaoid ar f\u00e1il againn chuige sin. Is f\u00e9idir \u00edosl\u00f3d\u00e1il a dh\u00e9anamh ar ch\u00f3ip atheisithe ardtaifigh do dhearbh\u00fa p\u00f3sta Hanora Crehan \u00f3 1877 in Chicopee, Massachusetts ach br\u00fa ar \u00edomh\u00e1 ar dheis.<\/p>\n<p>[\/et_pb_text][\/et_pb_column][et_pb_column type=&#8221;1_3&#8243;][et_pb_image admin_label=&#8221;Image&#8221; src=&#8221;http:\/\/blasket.ie\/wp-content\/uploads\/2016\/01\/Honora-Crohan-marriage-certificate-thumbnail-1.jpg&#8221; show_in_lightbox=&#8221;off&#8221; url_new_window=&#8221;on&#8221; use_overlay=&#8221;off&#8221; animation=&#8221;off&#8221; sticky=&#8221;off&#8221; align=&#8221;center&#8221; force_fullwidth=&#8221;off&#8221; always_center_on_mobile=&#8221;on&#8221; use_border_color=&#8221;off&#8221; border_color=&#8221;#ffffff&#8221; border_style=&#8221;solid&#8221; url=&#8221;http:\/\/blasket.ie\/wp-content\/uploads\/2016\/01\/Honora-Crohan-marriage-certificate-1.jpg&#8221;] [\/et_pb_image][\/et_pb_column][\/et_pb_row][et_pb_row admin_label=&#8221;Row&#8221;][et_pb_column type=&#8221;4_4&#8243;][et_pb_divider admin_label=&#8221;Divider&#8221; color=&#8221;#515151&#8243; show_divider=&#8221;on&#8221; divider_style=&#8221;solid&#8221; divider_position=&#8221;top&#8221; hide_on_mobile=&#8221;off&#8221;] [\/et_pb_divider][\/et_pb_column][\/et_pb_row][et_pb_row admin_label=&#8221;Row&#8221;][et_pb_column type=&#8221;2_3&#8243;][et_pb_text admin_label=&#8221;Library Text&#8221; background_layout=&#8221;light&#8221; text_orientation=&#8221;left&#8221; use_border_color=&#8221;off&#8221; border_color=&#8221;#ffffff&#8221; border_style=&#8221;solid&#8221;]<\/p>\n<h5>Leabharlann<\/h5>\n<p>T\u00e1 baili\u00fach\u00e1n ollmh\u00f3r leabhar againn ar r\u00e9imse leathan \u00e1bhar. T\u00e1 na m\u00f3reagr\u00e1in go l\u00e9ir de Leabharlann an Bhlascaoid againn mar aon le st\u00f3r bre\u00e1 leabhar ar an nGaeilge, cult\u00far, b\u00e9aloideas, stair agus seand\u00e1la\u00edocht. T\u00e1 c\u00f3ipeanna againn d\u2019fhormh\u00f3r na leabhar at\u00e1 luaite leis an mBlascaod, c\u00f3ipeanna c\u00e9adeagr\u00e1in de <em>An tOile\u00e1nach<\/em> agus <em>The Islandman<\/em> le Tom\u00e1s \u00d3 Criomhthain, <em>Fiche Blian ag F\u00e1s<\/em> agus <em>Twenty Years a-Growing<\/em> le Muiris \u00d3 S\u00failleabh\u00e1in agus eagr\u00e1in \u00e9ags\u00fala de <em>Peig<\/em> san \u00e1ireamh. T\u00e1 baili\u00fach\u00e1n de leabhair Shean-Ghaeilge agus facsamhlacha de chuid de l\u00e1mhscr\u00edbhinn\u00ed \u00e1rsa na h\u00c9ireann againn leis.<\/p>\n<p>[\/et_pb_text][\/et_pb_column][et_pb_column type=&#8221;1_3&#8243;][et_pb_image admin_label=&#8221;Image&#8221; src=&#8221;http:\/\/blasket.ie\/wp-content\/uploads\/2016\/01\/thumbnail-1.jpg&#8221; show_in_lightbox=&#8221;off&#8221; url_new_window=&#8221;on&#8221; use_overlay=&#8221;off&#8221; animation=&#8221;off&#8221; sticky=&#8221;off&#8221; align=&#8221;center&#8221; force_fullwidth=&#8221;off&#8221; always_center_on_mobile=&#8221;on&#8221; use_border_color=&#8221;off&#8221; border_color=&#8221;#ffffff&#8221; border_style=&#8221;solid&#8221; url=&#8221;http:\/\/blasket.ie\/wp-content\/uploads\/2016\/01\/image-1.jpg&#8221;] [\/et_pb_image][\/et_pb_column][\/et_pb_row][et_pb_row admin_label=&#8221;Row&#8221;][et_pb_column type=&#8221;4_4&#8243;][et_pb_divider admin_label=&#8221;Divider&#8221; color=&#8221;#515151&#8243; show_divider=&#8221;on&#8221; divider_style=&#8221;solid&#8221; divider_position=&#8221;top&#8221; hide_on_mobile=&#8221;off&#8221;] [\/et_pb_divider][\/et_pb_column][\/et_pb_row][et_pb_row admin_label=&#8221;Row&#8221;][et_pb_column type=&#8221;2_3&#8243;][et_pb_text admin_label=&#8221;MSS Text&#8221; background_layout=&#8221;light&#8221; text_orientation=&#8221;left&#8221; use_border_color=&#8221;off&#8221; border_color=&#8221;#ffffff&#8221; border_style=&#8221;solid&#8221;]<\/p>\n<h5>L\u00e1mhscr\u00edbhinn\u00ed<\/h5>\n<p>T\u00e1 go leor l\u00e1mhscr\u00edbhinn\u00ed sp\u00e9isi\u00fala againn, cuid acu nach m\u00f3r c\u00e9ad bliain d\u2019aois, a scr\u00edobh Blascaodaigh \u00e9ags\u00fala. Br\u00faigh ar an mionsamhail ar dheis chun leathanach ardtaifigh a \u00edosl\u00f3d\u00e1il. Leathanach \u00f3 ch\u00f3ipleabhar de chuid Mh\u00e1ire Ghobnait N\u00ed Ghuith\u00edn (Mary Banes Uasal, RIP) at\u00e1 i gceist, agus \u00e9 l\u00edonta aici le h\u00e1bhar a bhailigh s\u00ed mar chuid de Sc\u00e9im Bh\u00e9aloideas na Scol agus \u00ed ina dalta ar scoil an oile\u00e1in. Thug s\u00ed an c\u00f3ipleabhar chun na R\u00edochta Aontaithe l\u00e9i, agus ceangla\u00edodh agus bronnadh ar an Ionad \u00e9 sna 1990id\u00ed.<\/p>\n<p>[\/et_pb_text][\/et_pb_column][et_pb_column type=&#8221;1_3&#8243;][et_pb_image admin_label=&#8221;Image&#8221; src=&#8221;http:\/\/blasket.ie\/wp-content\/uploads\/2016\/04\/thumbnail1-1.jpg&#8221; show_in_lightbox=&#8221;off&#8221; url=&#8221;http:\/\/blasket.ie\/wp-content\/uploads\/2016\/04\/20160403_110231-1.jpg&#8221; url_new_window=&#8221;on&#8221; use_overlay=&#8221;off&#8221; animation=&#8221;off&#8221; sticky=&#8221;off&#8221; align=&#8221;center&#8221; force_fullwidth=&#8221;off&#8221; always_center_on_mobile=&#8221;on&#8221; use_border_color=&#8221;off&#8221; border_color=&#8221;#ffffff&#8221; border_style=&#8221;solid&#8221;] [\/et_pb_image][\/et_pb_column][\/et_pb_row][et_pb_row admin_label=&#8221;Row&#8221;][et_pb_column type=&#8221;4_4&#8243;][et_pb_divider admin_label=&#8221;Divider&#8221; color=&#8221;#515151&#8243; show_divider=&#8221;on&#8221; divider_style=&#8221;solid&#8221; divider_position=&#8221;top&#8221; hide_on_mobile=&#8221;off&#8221;] [\/et_pb_divider][\/et_pb_column][\/et_pb_row][et_pb_row admin_label=&#8221;Row&#8221;][et_pb_column type=&#8221;2_3&#8243;][et_pb_text admin_label=&#8221;Newspapers Text&#8221; background_layout=&#8221;light&#8221; text_orientation=&#8221;left&#8221; use_border_color=&#8221;off&#8221; border_color=&#8221;#ffffff&#8221; border_style=&#8221;solid&#8221;]<\/p>\n<h5>Nuacht\u00e1in<\/h5>\n<p>Coime\u00e1daimid c\u00f3ipeanna d\u2019ailt a bhaineann le muintir an Bhlascaoid, \u00f3 dheireadh an nao\u00fa haois d\u00e9ag go dt\u00ed an l\u00e1 inniu. Br\u00faigh ar an mionsamhail ar dheis chun leathanach a \u00edosl\u00f3d\u00e1il \u00f3 <em>The Springfield Sunday Republican<\/em> in 1952 ina bhfuil sc\u00e9al faoin teideal \u2018No Girls on Blasket Isle\u2019.<\/p>\n<p>[\/et_pb_text][\/et_pb_column][et_pb_column type=&#8221;1_3&#8243;][et_pb_image admin_label=&#8221;Image&#8221; src=&#8221;http:\/\/blasket.ie\/wp-content\/uploads\/2016\/04\/No-Girls-Thumb-1.jpg&#8221; show_in_lightbox=&#8221;off&#8221; url_new_window=&#8221;on&#8221; use_overlay=&#8221;off&#8221; animation=&#8221;off&#8221; sticky=&#8221;off&#8221; align=&#8221;center&#8221; force_fullwidth=&#8221;off&#8221; always_center_on_mobile=&#8221;on&#8221; use_border_color=&#8221;off&#8221; border_color=&#8221;#ffffff&#8221; border_style=&#8221;solid&#8221; url=&#8221;http:\/\/blasket.ie\/wp-content\/uploads\/2016\/04\/no-girls-on-Blasket-100dpi-1.jpg&#8221;] [\/et_pb_image][\/et_pb_column][\/et_pb_row][\/et_pb_section]<\/p>\n","protected":false},"excerpt":{"rendered":"<p>Cartlann Agus pleananna \u00e1 mbeart\u00fa d\u2019Ionad an Bhlascaoid Mh\u00f3ir, th\u00e1inig an smaoineamh chun cinn gur mhaith an rud \u00e9 seomra a chur ar leataobh san fhoirgneamh do thaighde agus do staid\u00e9ar. B\u2019in a tharla agus oscla\u00edodh an seomra don phobal nuair a d\u2019oscail an tIonad in 1993. Bh\u00ed daoine \u00e1irithe s\u00e1sta \u00e1bhar a bhronnadh ar [&hellip;]<\/p>\n","protected":false},"author":9,"featured_media":0,"parent":0,"menu_order":0,"comment_status":"closed","ping_status":"closed","template":"","meta":{"_et_pb_use_builder":"on","_et_pb_old_content":"","_et_gb_content_width":"","footnotes":""},"class_list":["post-2143","page","type-page","status-publish","hentry"],"_links":{"self":[{"href":"https:\/\/www.blasket.ie\/ga\/wp-json\/wp\/v2\/pages\/2143","targetHints":{"allow":["GET"]}}],"collection":[{"href":"https:\/\/www.blasket.ie\/ga\/wp-json\/wp\/v2\/pages"}],"about":[{"href":"https:\/\/www.blasket.ie\/ga\/wp-json\/wp\/v2\/types\/page"}],"author":[{"embeddable":true,"href":"https:\/\/www.blasket.ie\/ga\/wp-json\/wp\/v2\/users\/9"}],"replies":[{"embeddable":true,"href":"https:\/\/www.blasket.ie\/ga\/wp-json\/wp\/v2\/comments?post=2143"}],"version-history":[{"count":5,"href":"https:\/\/www.blasket.ie\/ga\/wp-json\/wp\/v2\/pages\/2143\/revisions"}],"predecessor-version":[{"id":4073,"href":"https:\/\/www.blasket.ie\/ga\/wp-json\/wp\/v2\/pages\/2143\/revisions\/4073"}],"wp:attachment":[{"href":"https:\/\/www.blasket.ie\/ga\/wp-json\/wp\/v2\/media?parent=2143"}],"curies":[{"name":"wp","href":"https:\/\/api.w.org\/{rel}","templated":true}]}}