{"id":1495,"date":"2015-09-20T13:56:05","date_gmt":"2015-09-20T13:56:05","guid":{"rendered":"http:\/\/glebegallery.ie\/?page_id=1495"},"modified":"2017-10-13T08:27:17","modified_gmt":"2017-10-13T08:27:17","slug":"amline-agus-leabharliosta","status":"publish","type":"page","link":"https:\/\/www.blasket.ie\/ga\/amline-agus-leabharliosta\/","title":{"rendered":"Aml\u00edne agus Leabharliosta"},"content":{"rendered":"<p>[et_pb_section admin_label=&#8221;section&#8221; transparent_background=&#8221;off&#8221; background_color=&#8221;#65a1d7&#8243; inner_shadow=&#8221;off&#8221; parallax=&#8221;off&#8221; parallax_method=&#8221;off&#8221; allow_player_pause=&#8221;off&#8221; padding_mobile=&#8221;off&#8221; make_fullwidth=&#8221;off&#8221; use_custom_width=&#8221;off&#8221; width_unit=&#8221;on&#8221; make_equal=&#8221;off&#8221; use_custom_gutter=&#8221;off&#8221;][et_pb_row admin_label=&#8221;row&#8221;][et_pb_column type=&#8221;4_4&#8243;][et_pb_text admin_label=&#8221;Timeline Title Text&#8221; background_layout=&#8221;dark&#8221; text_orientation=&#8221;left&#8221; use_border_color=&#8221;off&#8221; border_color=&#8221;#ffffff&#8221; border_style=&#8221;solid&#8221;]<\/p>\n<h1>Aml\u00edne<\/h1>\n<p>[\/et_pb_text][\/et_pb_column][\/et_pb_row][\/et_pb_section][et_pb_section admin_label=&#8221;section&#8221; fullwidth=&#8221;off&#8221; specialty=&#8221;off&#8221; transparent_background=&#8221;on&#8221; background_color=&#8221;#ffffff&#8221; inner_shadow=&#8221;off&#8221; parallax=&#8221;off&#8221; parallax_method=&#8221;off&#8221; allow_player_pause=&#8221;off&#8221; padding_mobile=&#8221;off&#8221; make_fullwidth=&#8221;off&#8221; use_custom_width=&#8221;off&#8221; width_unit=&#8221;on&#8221; make_equal=&#8221;off&#8221; use_custom_gutter=&#8221;off&#8221;][et_pb_row admin_label=&#8221;row&#8221;][et_pb_column type=&#8221;4_4&#8243;][et_pb_text admin_label=&#8221;Timeline Code Text&#8221; background_layout=&#8221;light&#8221; text_orientation=&#8221;left&#8221; use_border_color=&#8221;off&#8221; border_color=&#8221;#ffffff&#8221; border_style=&#8221;solid&#8221;] <iframe loading=\"lazy\" src=\"https:\/\/cdn.knightlab.com\/libs\/timeline3\/latest\/embed\/index.html?source=1uvbvZ9CsZnTevOpy03QhpJ1i-mnZ-lx4mNuyyBswaMM&amp;font=Georgia-Helvetica&amp;lang=en&amp;initial_zoom=2&amp;height=650\" width=\"100%\" height=\"650\" frameborder=\"0\"><\/iframe> [\/et_pb_text][\/et_pb_column][\/et_pb_row][\/et_pb_section][et_pb_section admin_label=&#8221;section&#8221; transparent_background=&#8221;off&#8221; background_color=&#8221;#65a1d7&#8243; inner_shadow=&#8221;off&#8221; parallax=&#8221;off&#8221; parallax_method=&#8221;off&#8221; allow_player_pause=&#8221;off&#8221; padding_mobile=&#8221;off&#8221; make_fullwidth=&#8221;off&#8221; use_custom_width=&#8221;off&#8221; width_unit=&#8221;on&#8221; make_equal=&#8221;off&#8221; use_custom_gutter=&#8221;off&#8221;][et_pb_row admin_label=&#8221;row&#8221;][et_pb_column type=&#8221;4_4&#8243;][et_pb_text admin_label=&#8221;Bibliography Title Text&#8221; background_layout=&#8221;dark&#8221; text_orientation=&#8221;left&#8221; use_border_color=&#8221;off&#8221; border_color=&#8221;#ffffff&#8221; border_style=&#8221;solid&#8221;]<\/p>\n<h1>Leabharliosta<\/h1>\n<p>[\/et_pb_text][\/et_pb_column][\/et_pb_row][\/et_pb_section][et_pb_section admin_label=&#8221;section&#8221; fullwidth=&#8221;off&#8221; specialty=&#8221;off&#8221; transparent_background=&#8221;on&#8221; background_color=&#8221;#ffffff&#8221; inner_shadow=&#8221;off&#8221; parallax=&#8221;off&#8221; parallax_method=&#8221;off&#8221; allow_player_pause=&#8221;off&#8221; padding_mobile=&#8221;off&#8221; make_fullwidth=&#8221;off&#8221; use_custom_width=&#8221;off&#8221; width_unit=&#8221;on&#8221; make_equal=&#8221;off&#8221; use_custom_gutter=&#8221;off&#8221;][et_pb_row admin_label=&#8221;row&#8221;][et_pb_column type=&#8221;1_2&#8243;][et_pb_text admin_label=&#8221;Autobiographical Text&#8221; background_layout=&#8221;light&#8221; text_orientation=&#8221;left&#8221; use_border_color=&#8221;off&#8221; border_color=&#8221;#ffffff&#8221; border_style=&#8221;solid&#8221;]<\/p>\n<h4>Saothair Dh\u00edrbheathaisn\u00e9ise<\/h4>\n<p>&nbsp;<\/p>\n<p>Carney, Michael J.\u00a0<em>From the Great Blasket to America: the Last Memoir by an Islander<\/em> (2013)<\/p>\n<p>\u00cd Chearnaigh,\u00a0Se\u00e1n She\u00e1in.\u00a0<em>An tOile\u00e1n a Tr\u00e9igeadh\u00a0<\/em>(1974)<\/p>\n<p>\u00cd Chearnaigh,\u00a0Se\u00e1n She\u00e1in.\u00a0<em>Iar-Bhlascaodach ina Dheora\u00ed<\/em><em>\u00a0<\/em>(1978)<\/p>\n<p>N\u00ed Ghuith\u00edn, M\u00e1ire.\u00a0<em>An tOile\u00e1n a Bh\u00ed\u00a0<\/em>(1978)<\/p>\n<p>N\u00ed Ghuith\u00edn, M\u00e1ire.\u00a0<em>Bean an Oile\u00e1in<\/em><em>\u00a0<\/em>(1986)<\/p>\n<p>N\u00ed Sh\u00failleabh\u00e1in, Eibhl\u00eds.\u00a0<em>Letters from the Great Blasket\u00a0<\/em>(1978)<\/p>\n<p>\u00d3 Cath\u00e1in, Gear\u00f3id Cheaist, with Patricia Ahern. <em>The Loneliest Boy in the World &#8211; The Last Child of the Great Blasket<\/em> (2014)<\/p>\n<p>\u00d3 Criomhthain, Se\u00e1n.\u00a0<em>L\u00e1 d\u00e1r Saol<\/em><em>\u00a0<\/em>(1969)<\/p>\n<p>\u00d3 Criomhthain, Se\u00e1n.\u00a0<em>Leoithne Aniar<\/em><em>\u00a0<\/em>(1982)<\/p>\n<p>\u00d3 Criomhthain, Tom\u00e1s.\u00a0<em>Allagar na hInise\u00a0<\/em>(1928)<\/p>\n<p>\u00d3 Criomhthain, Tom\u00e1s.\u00a0<em>An tOile\u00e1nach<\/em><em>\u00a0<\/em>(1929)<\/p>\n<p>\u00d3 Criomhthain, Tom\u00e1s.\u00a0<em>Seanchas \u00f3n Oile\u00e1n Tiar\u00a0<\/em>(1956)<\/p>\n<p>\u00d3 Gaoith\u00edn, M\u00edche\u00e1l.\u00a0<em>A Pity Youth Does Not Last<\/em><em>\u00a0<\/em>(1953)<\/p>\n<p>\u00d3 Gaoith\u00edn, M\u00edche\u00e1l.\u00a0<em>Coinnle Corra\u00a0<\/em>(1968)<\/p>\n<p>\u00d3 Gaoith\u00edn, M\u00edche\u00e1l.\u00a0<em>Beatha Pheig Sayers\u00a0<\/em>(1970)<\/p>\n<p>\u00d3 S\u00failleabh\u00e1in, Muiris.\u00a0<em>Twenty Years a-Growing<\/em><em>\u00a0<\/em>(1933)<\/p>\n<p>Sayers, Peig.\u00a0<em>Peig\u00a0<\/em>(1936)<\/p>\n<p>Sayers, Peig.\u00a0<em>Sc\u00e9alta \u00f3n mBlascaod<\/em><em>\u00a0<\/em>(1938)<\/p>\n<p>Sayers, Peig.\u00a0<em>An Old Woman&#8217;s Reflections<\/em><em>\u00a0<\/em>(1939)<\/p>\n<p>[\/et_pb_text][\/et_pb_column][et_pb_column type=&#8221;1_2&#8243;][et_pb_text admin_label=&#8221;Analysis Text&#8221; background_layout=&#8221;light&#8221; text_orientation=&#8221;left&#8221; use_border_color=&#8221;off&#8221; border_color=&#8221;#ffffff&#8221; border_style=&#8221;solid&#8221;]<\/p>\n<h4>Anail\u00eds<\/h4>\n<p>&nbsp;<\/p>\n<p>Binchy, Daniel A. &#8216;Two Blasket Autobiographies&#8217; in <em>Studies<\/em> 23 (Dec. 1934) 545-60<\/p>\n<p>de M\u00f3rdha, M\u00edche\u00e1l (eag.). <em>Bl\u00e1ith\u00edn: Robin Flower<\/em>\u00a0(1998)<\/p>\n<p>de M\u00f3rdha,\u00a0Miche\u00e1l.\u00a0<em>Sc\u00e9al agus D\u00e1n Oile\u00e1in<\/em> (2012)<\/p>\n<p>Drew, F.\u00a0&#8216;Next Parish to Boston: the Blasket Islands and their Literature&#8217; in <em>\u00c9ire\/Ireland<\/em> 3:1 (Spring 1968) 6-22<\/p>\n<p>Mac Conghail, Muiris.\u00a0<em>The Blaskets: People and Literature<\/em> (1994)<\/p>\n<p>Matson, Leslie.\u00a0<em>M\u00e9in\u00ed, the Blasket Nurse\u00a0<\/em>(1996)<\/p>\n<p>N\u00ed Aimhirg\u00edn, Nuala. <em>Muiris \u00d3 S\u00failleabh\u00e1in: Saol agus Saothar<\/em> (1983)<\/p>\n<p>\u00d3 Cios\u00e1in, N. &#8216;The Blasket Island Literature&#8217; in <em>Irish Economic and Social History<\/em> (1993) 129-32<\/p>\n<p>\u00d3 Conluain, Proinsias (ed). <em>Islands and Authors<\/em> (1983)<\/p>\n<p>\u00d3 S\u00failleabh\u00e1in, Se\u00e1n. &#8216;Litr\u00edocht Chorca Dhuibhne agus an B\u00e9aloideas&#8217; in <em>\u00c9ire-Ireland<\/em> 6:2 (Summer 1971) 66-8<\/p>\n<p>\u00d3 S\u00failleabh\u00e1in, Se\u00e1n. &#8216;Peig Sayers&#8217;, in <em>\u00c9ire-Ireland<\/em>, 5, 1 (Spring 1970), pp.86-91<\/p>\n<p>Stagles, Joan and Ray.\u00a0<em>The Blasket Islands: Next Parish America\u00a0<\/em>(1980)<\/p>\n<p>[\/et_pb_text][\/et_pb_column][\/et_pb_row][\/et_pb_section]<\/p>\n","protected":false},"excerpt":{"rendered":"<p>Aml\u00edne Leabharliosta Saothair Dh\u00edrbheathaisn\u00e9ise &nbsp; Carney, Michael J.\u00a0From the Great Blasket to America: the Last Memoir by an Islander (2013) \u00cd Chearnaigh,\u00a0Se\u00e1n She\u00e1in.\u00a0An tOile\u00e1n a Tr\u00e9igeadh\u00a0(1974) \u00cd Chearnaigh,\u00a0Se\u00e1n She\u00e1in.\u00a0Iar-Bhlascaodach ina Dheora\u00ed\u00a0(1978) N\u00ed Ghuith\u00edn, M\u00e1ire.\u00a0An tOile\u00e1n a Bh\u00ed\u00a0(1978) N\u00ed Ghuith\u00edn, M\u00e1ire.\u00a0Bean an Oile\u00e1in\u00a0(1986) N\u00ed Sh\u00failleabh\u00e1in, Eibhl\u00eds.\u00a0Letters from the Great Blasket\u00a0(1978) \u00d3 Cath\u00e1in, Gear\u00f3id Cheaist, with Patricia [&hellip;]<\/p>\n","protected":false},"author":9,"featured_media":0,"parent":0,"menu_order":0,"comment_status":"closed","ping_status":"closed","template":"","meta":{"_et_pb_use_builder":"on","_et_pb_old_content":"","_et_gb_content_width":"","footnotes":""},"class_list":["post-1495","page","type-page","status-publish","hentry"],"_links":{"self":[{"href":"https:\/\/www.blasket.ie\/ga\/wp-json\/wp\/v2\/pages\/1495","targetHints":{"allow":["GET"]}}],"collection":[{"href":"https:\/\/www.blasket.ie\/ga\/wp-json\/wp\/v2\/pages"}],"about":[{"href":"https:\/\/www.blasket.ie\/ga\/wp-json\/wp\/v2\/types\/page"}],"author":[{"embeddable":true,"href":"https:\/\/www.blasket.ie\/ga\/wp-json\/wp\/v2\/users\/9"}],"replies":[{"embeddable":true,"href":"https:\/\/www.blasket.ie\/ga\/wp-json\/wp\/v2\/comments?post=1495"}],"version-history":[{"count":5,"href":"https:\/\/www.blasket.ie\/ga\/wp-json\/wp\/v2\/pages\/1495\/revisions"}],"predecessor-version":[{"id":3865,"href":"https:\/\/www.blasket.ie\/ga\/wp-json\/wp\/v2\/pages\/1495\/revisions\/3865"}],"wp:attachment":[{"href":"https:\/\/www.blasket.ie\/ga\/wp-json\/wp\/v2\/media?parent=1495"}],"curies":[{"name":"wp","href":"https:\/\/api.w.org\/{rel}","templated":true}]}}